{"id":9,"date":"2018-02-16T15:05:32","date_gmt":"2018-02-16T20:05:32","guid":{"rendered":"http:\/\/172.29.100.163:8080\/?page_id=9"},"modified":"2023-12-11T00:02:54","modified_gmt":"2023-12-11T05:02:54","slug":"contactez-nous","status":"publish","type":"page","link":"https:\/\/gbgh.on.ca\/fr\/contactez-nous\/","title":{"rendered":"Contactez nous"},"content":{"rendered":"<p><span style=\"font-size: 18pt;\"><strong>L&rsquo;H\u00f4pital g\u00e9n\u00e9ral de la baie Georgienne<\/strong><\/span><\/p>\n<p><strong><u><span style=\"font-size: 14pt;\">Site Midland<\/span><\/u><\/strong><br \/>\n<span style=\"font-size: 14pt;\">1112 St. Andrew&rsquo;s Drive<\/span><br \/>\n<span style=\"font-size: 14pt;\">P.O. Box 760<\/span><br \/>\n<span style=\"font-size: 14pt;\">Midland, ON L4R 4P4<\/span><br \/>\n<span style=\"font-size: 14pt;\">CANADA<\/span><br \/>\n<span style=\"font-size: 14pt;\">T\u00e9l\u00e9phone: 705-526-1300<\/span><br \/>\n<span style=\"font-size: 14pt;\">Fax: 705-526-4491<\/span><\/p>\n<p><iframe style=\"border: 0px currentColor;\" src=\"https:\/\/www.google.com\/maps\/embed?pb=!1m18!1m12!1m3!1d2833.9081844747657!2d-79.916566924542!3d44.74188994843185!2m3!1f0!2f0!3f0!3m2!1i1024!2i768!4f13.1!3m3!1m2!1s0x4d2adbb2c5e80531%3A0x31b86ea63eb7e522!2sGeorgian+Bay+General+Hospital!5e0!3m2!1sfr!2sca!4v1525117881735!5m2!1sfr!2sca\" width=\"705\" height=\"450\" frameborder=\"0\" allowfullscreen=\"allowfullscreen\"><\/iframe><br \/>\n<small><a style=\"text-align: left; color: #0000ff;\" href=\"https:\/\/maps.google.com\/maps?ll=44.742184,-79.913566&amp;z=16&amp;t=m&amp;hl=fr-CA&amp;gl=CA&amp;mapclient=embed&amp;cid=3582735163869095202\" target=\"_blank\" rel=\"noopener\">Agrandir le plan<\/a><\/small><\/p>\n","protected":false},"excerpt":{"rendered":"<p>L&rsquo;H\u00f4pital g\u00e9n\u00e9ral de la baie Georgienne Site Midland 1112 St. Andrew&rsquo;s Drive P.O. Box 760 Midland, ON L4R 4P4 CANADA T\u00e9l\u00e9phone: 705-526-1300 Fax: 705-526-4491 Agrandir le plan<\/p>\n","protected":false},"author":1,"featured_media":0,"parent":0,"menu_order":0,"comment_status":"closed","ping_status":"closed","template":"","meta":{"footnotes":""},"class_list":["post-9","page","type-page","status-publish","hentry"],"_links":{"self":[{"href":"https:\/\/gbgh.on.ca\/fr\/wp-json\/wp\/v2\/pages\/9","targetHints":{"allow":["GET"]}}],"collection":[{"href":"https:\/\/gbgh.on.ca\/fr\/wp-json\/wp\/v2\/pages"}],"about":[{"href":"https:\/\/gbgh.on.ca\/fr\/wp-json\/wp\/v2\/types\/page"}],"author":[{"embeddable":true,"href":"https:\/\/gbgh.on.ca\/fr\/wp-json\/wp\/v2\/users\/1"}],"replies":[{"embeddable":true,"href":"https:\/\/gbgh.on.ca\/fr\/wp-json\/wp\/v2\/comments?post=9"}],"version-history":[{"count":45,"href":"https:\/\/gbgh.on.ca\/fr\/wp-json\/wp\/v2\/pages\/9\/revisions"}],"predecessor-version":[{"id":3623,"href":"https:\/\/gbgh.on.ca\/fr\/wp-json\/wp\/v2\/pages\/9\/revisions\/3623"}],"wp:attachment":[{"href":"https:\/\/gbgh.on.ca\/fr\/wp-json\/wp\/v2\/media?parent=9"}],"curies":[{"name":"wp","href":"https:\/\/api.w.org\/{rel}","templated":true}]}}