{"id":7,"date":"2018-02-16T15:05:32","date_gmt":"2018-02-16T20:05:32","guid":{"rendered":"http:\/\/172.29.100.163:8080\/?page_id=7"},"modified":"2024-01-04T23:14:59","modified_gmt":"2024-01-05T04:14:59","slug":"home","status":"publish","type":"page","link":"https:\/\/gbgh.on.ca\/fr\/","title":{"rendered":"Bienvenue \u00e0 l&rsquo;H\u00f4pital g\u00e9n\u00e9ral de la baie Georgienne"},"content":{"rendered":"","protected":false},"excerpt":{"rendered":"","protected":false},"author":1,"featured_media":0,"parent":0,"menu_order":0,"comment_status":"closed","ping_status":"closed","template":"template-homepage.php","meta":{"footnotes":""},"class_list":["post-7","page","type-page","status-publish","hentry"],"_links":{"self":[{"href":"https:\/\/gbgh.on.ca\/fr\/wp-json\/wp\/v2\/pages\/7","targetHints":{"allow":["GET"]}}],"collection":[{"href":"https:\/\/gbgh.on.ca\/fr\/wp-json\/wp\/v2\/pages"}],"about":[{"href":"https:\/\/gbgh.on.ca\/fr\/wp-json\/wp\/v2\/types\/page"}],"author":[{"embeddable":true,"href":"https:\/\/gbgh.on.ca\/fr\/wp-json\/wp\/v2\/users\/1"}],"replies":[{"embeddable":true,"href":"https:\/\/gbgh.on.ca\/fr\/wp-json\/wp\/v2\/comments?post=7"}],"version-history":[{"count":4,"href":"https:\/\/gbgh.on.ca\/fr\/wp-json\/wp\/v2\/pages\/7\/revisions"}],"predecessor-version":[{"id":979,"href":"https:\/\/gbgh.on.ca\/fr\/wp-json\/wp\/v2\/pages\/7\/revisions\/979"}],"wp:attachment":[{"href":"https:\/\/gbgh.on.ca\/fr\/wp-json\/wp\/v2\/media?parent=7"}],"curies":[{"name":"wp","href":"https:\/\/api.w.org\/{rel}","templated":true}]}}