{"id":592,"date":"2018-05-29T10:48:32","date_gmt":"2018-05-29T14:48:32","guid":{"rendered":"http:\/\/172.29.100.163:8080\/fr\/?page_id=592"},"modified":"2024-01-29T13:59:20","modified_gmt":"2024-01-29T18:59:20","slug":"accreditation-et-recompenses","status":"publish","type":"page","link":"https:\/\/gbgh.on.ca\/fr\/a-propos-de-nous\/accreditation-et-recompenses\/","title":{"rendered":"Accr\u00e9ditation et r\u00e9compenses"},"content":{"rendered":"\t\t<div data-elementor-type=\"wp-page\" data-elementor-id=\"592\" class=\"elementor elementor-592\" data-elementor-post-type=\"page\">\n\t\t\t\t\t\t<section class=\"elementor-section elementor-top-section elementor-element elementor-element-c74e358 elementor-section-content-middle elementor-section-boxed elementor-section-height-default elementor-section-height-default\" data-id=\"c74e358\" data-element_type=\"section\">\n\t\t\t\t\t\t<div class=\"elementor-container elementor-column-gap-default\">\n\t\t\t\t\t<div class=\"elementor-column elementor-col-50 elementor-top-column elementor-element elementor-element-547d09d\" data-id=\"547d09d\" data-element_type=\"column\">\n\t\t\t<div class=\"elementor-widget-wrap elementor-element-populated\">\n\t\t\t\t\t\t<div class=\"elementor-element elementor-element-cab459b elementor-widget elementor-widget-image\" data-id=\"cab459b\" data-element_type=\"widget\" data-widget_type=\"image.default\">\n\t\t\t\t\t\t\t\t\t\t\t\t\t\t\t<img fetchpriority=\"high\" decoding=\"async\" width=\"1602\" height=\"1631\" src=\"https:\/\/gbgh.on.ca\/fr\/gbghmedia\/ACSealAwES.jpg\" class=\"attachment-large size-large wp-image-1599\" alt=\"Cercle o\u00f9 figurent un ruban rouge et les mots Agr\u00e9\u00e9 avec mention d\u2019honneur.\" srcset=\"https:\/\/gbgh.on.ca\/fr\/gbghmedia\/ACSealAwES.jpg 1602w, https:\/\/gbgh.on.ca\/fr\/gbghmedia\/ACSealAwES-768x782.jpg 768w, https:\/\/gbgh.on.ca\/fr\/gbghmedia\/ACSealAwES-1509x1536.jpg 1509w\" sizes=\"(max-width: 1602px) 100vw, 1602px\" \/>\t\t\t\t\t\t\t\t\t\t\t\t\t\t\t<\/div>\n\t\t\t\t\t<\/div>\n\t\t<\/div>\n\t\t\t\t<div class=\"elementor-column elementor-col-50 elementor-top-column elementor-element elementor-element-50e00ca\" data-id=\"50e00ca\" data-element_type=\"column\">\n\t\t\t<div class=\"elementor-widget-wrap elementor-element-populated\">\n\t\t\t\t\t\t<div class=\"elementor-element elementor-element-4869421 elementor-widget elementor-widget-text-editor\" data-id=\"4869421\" data-element_type=\"widget\" data-widget_type=\"text-editor.default\">\n\t\t\t\t\t\t\t\t\t<p>L\u2019H\u00f4pital g\u00e9n\u00e9ral de la baie Georgienne (HGBG) a atteint la reconnaissance la plus \u00e9lev\u00e9e, soit l\u2019agr\u00e9ment avec mention d\u2019honneur. Au cours des quatre jours de l\u2019enqu\u00eate (novembre 2023), l\u2019HGBG a \u00e9t\u00e9 \u00e9valu\u00e9 en fonction de pr\u00e8s de 2 100 normes, atteignant 99 pour cent d\u2019entre elles, ainsi que 30 pratiques organisationnelles requises (POR) que l\u2019h\u00f4pital a atteint \u00e0 100 pour cent.<\/p>\t\t\t\t\t\t\t\t<\/div>\n\t\t\t\t\t<\/div>\n\t\t<\/div>\n\t\t\t\t\t<\/div>\n\t\t<\/section>\n\t\t\t\t<section class=\"elementor-section elementor-top-section elementor-element elementor-element-c7822ce elementor-section-boxed elementor-section-height-default elementor-section-height-default\" data-id=\"c7822ce\" data-element_type=\"section\">\n\t\t\t\t\t\t<div class=\"elementor-container elementor-column-gap-default\">\n\t\t\t\t\t<div class=\"elementor-column elementor-col-100 elementor-top-column elementor-element elementor-element-114ecd84\" data-id=\"114ecd84\" data-element_type=\"column\">\n\t\t\t<div class=\"elementor-widget-wrap elementor-element-populated\">\n\t\t\t\t\t\t<div class=\"elementor-element elementor-element-542dafc9 elementor-widget elementor-widget-text-editor\" data-id=\"542dafc9\" data-element_type=\"widget\" data-widget_type=\"text-editor.default\">\n\t\t\t\t\t\t\t\t\t<p>L\u2019agr\u00e9ment est un processus continu qui consiste \u00e0 fournir des \u00e9valuations des organismes de soins de sant\u00e9 et de services sociaux par rapport \u00e0 des normes d\u2019excellence afin de d\u00e9terminer ce qui fonctionne bien et ce qui doit \u00eatre am\u00e9lior\u00e9 dans le cadre de leur engagement \u00e0 am\u00e9liorer continuellement la qualit\u00e9. Les h\u00f4pitaux de partout au Canada choisissent volontiers de subir l\u2019\u00e9valuation suivant les normes d\u2019Agr\u00e9ment Canada dans le but d\u2019am\u00e9liorer la qualit\u00e9 et la s\u00e9curit\u00e9, \u00e0 r\u00e9duire les risques, \u00e0 renforcer l\u2019efficacit\u00e9 et \u00e0 mieux utiliser les ressources.<\/p><p>Dans le cadre de l\u2019enqu\u00eate de quatre jours qui s\u2019est d\u00e9roul\u00e9e du 20 au 23 novembre, quatre experts des soins de sant\u00e9 originaires d\u2019un bout \u00e0 l\u2019autre du Canada ont pass\u00e9 du temps avec les dirigeants et les \u00e9quipes de premi\u00e8re ligne de l\u2019HGBG pour se renseigner sur tous les aspects de l\u2019h\u00f4pital. Leurs perspectives orienteront les plans de l\u2019h\u00f4pital pour les prochaines ann\u00e9es.<\/p><p>Parmi les points forts de l\u2019HGBG soulev\u00e9s dans le cadre de l\u2019enqu\u00eate, l\u2019on retrouve notamment : le d\u00e9vouement du personnel et du personnel professionnel; les tourn\u00e9es de s\u00e9curit\u00e9 et les plans de qualit\u00e9 qui fournissent une approche normalis\u00e9e pour l\u2019ensemble de l\u2019h\u00f4pital; la participation des patients et des membres de la famille \u00e0 la planification et \u00e0 la prise de d\u00e9cision; les relations avec les partenaires communautaires; le cadre de s\u00fbret\u00e9 des m\u00e9dicaments et le programme de pr\u00e9vention des chutes.<\/p><p>L\u2019agr\u00e9ment est un processus d\u2019\u00e9valuation volontaire men\u00e9 par Agr\u00e9ment Canada, organisme canadien ind\u00e9pendant sans but lucratif, qui \u00e9value plus de 1 100 organismes canadiens dans tout le continuum des soins de sant\u00e9. Lors de l\u2019agr\u00e9ment, tous les aspects de l\u2019organisation sont \u00e9valu\u00e9s en fonction des pratiques exemplaires pour d\u00e9terminer ce que l\u2019organisation fait bien et ce qui doit \u00eatre am\u00e9lior\u00e9.<\/p><p>L\u2019HGBG a fait l\u2019objet d\u2019une enqu\u00eate en 2019 et a atteint le r\u00e9sultat d\u2019agr\u00e9ment avec mention d\u2019honneur pour avoir atteint 98 pour cent des normes et 100 pour cent des POR.<\/p><p>L\u2019HGBG a fait l\u2019objet d\u2019une enqu\u00eate en 2019 et a atteint le r\u00e9sultat d\u2019agr\u00e9ment avec mention d\u2019honneur pour avoir atteint 98 pour cent des normes et 100 pour cent des POR.<\/p><p><strong><a href=\"https:\/\/gbgh.on.ca\/gbghmedia\/2023-GBGH-Final-Accreditation-Report.pdf\" target=\"_blank\" rel=\"noopener\"><span class=\"HwtZe\" lang=\"fr\"><span class=\"jCAhz ChMk0b\"><span class=\"ryNqvb\">T\u00e9l\u00e9chargez<\/span><\/span><\/span> le rapport int\u00e9gral (en anglais)<\/a><\/strong><\/p><p>Agr\u00e9ment Canada propose un large \u00e9ventail de programmes d\u2019\u00e9valuation \u00e0 fort impact pour les organismes de sant\u00e9 et de services sociaux. Agr\u00e9ment Canada travaille avec plus de 900 visiteurs pairs experts ayant une vaste exp\u00e9rience des soins de sant\u00e9 et des services sociaux. Ceux-ci ont \u00e9galement re\u00e7u une formation par l\u2019entremise du programme d\u2019\u00e9valuation continue personnalis\u00e9 d\u2019Agr\u00e9ment Canada.<\/p><p><strong><a href=\"https:\/\/accreditation.ca\/ca-fr\/\" target=\"_blank\" rel=\"noopener\">Pour obtenir plus d\u2019information sur Agr\u00e9ment Canada, visitez leur site Web.<\/a><\/strong><\/p>\t\t\t\t\t\t\t\t<\/div>\n\t\t\t\t\t<\/div>\n\t\t<\/div>\n\t\t\t\t\t<\/div>\n\t\t<\/section>\n\t\t\t\t<\/div>\n\t\t","protected":false},"excerpt":{"rendered":"<p>L\u2019H\u00f4pital g\u00e9n\u00e9ral de la baie Georgienne (HGBG) a atteint la reconnaissance la plus \u00e9lev\u00e9e, soit l\u2019agr\u00e9ment avec mention d\u2019honneur. Au cours des quatre jours de l\u2019enqu\u00eate (novembre 2023), l\u2019HGBG a \u00e9t\u00e9 \u00e9valu\u00e9 en fonction de pr\u00e8s de 2 100 normes, atteignant 99 pour cent d\u2019entre elles, ainsi que 30 pratiques organisationnelles requises (POR) que l\u2019h\u00f4pital [&hellip;]<\/p>\n","protected":false},"author":1,"featured_media":0,"parent":136,"menu_order":0,"comment_status":"closed","ping_status":"closed","template":"","meta":{"footnotes":""},"class_list":["post-592","page","type-page","status-publish","hentry"],"_links":{"self":[{"href":"https:\/\/gbgh.on.ca\/fr\/wp-json\/wp\/v2\/pages\/592","targetHints":{"allow":["GET"]}}],"collection":[{"href":"https:\/\/gbgh.on.ca\/fr\/wp-json\/wp\/v2\/pages"}],"about":[{"href":"https:\/\/gbgh.on.ca\/fr\/wp-json\/wp\/v2\/types\/page"}],"author":[{"embeddable":true,"href":"https:\/\/gbgh.on.ca\/fr\/wp-json\/wp\/v2\/users\/1"}],"replies":[{"embeddable":true,"href":"https:\/\/gbgh.on.ca\/fr\/wp-json\/wp\/v2\/comments?post=592"}],"version-history":[{"count":13,"href":"https:\/\/gbgh.on.ca\/fr\/wp-json\/wp\/v2\/pages\/592\/revisions"}],"predecessor-version":[{"id":3858,"href":"https:\/\/gbgh.on.ca\/fr\/wp-json\/wp\/v2\/pages\/592\/revisions\/3858"}],"up":[{"embeddable":true,"href":"https:\/\/gbgh.on.ca\/fr\/wp-json\/wp\/v2\/pages\/136"}],"wp:attachment":[{"href":"https:\/\/gbgh.on.ca\/fr\/wp-json\/wp\/v2\/media?parent=592"}],"curies":[{"name":"wp","href":"https:\/\/api.w.org\/{rel}","templated":true}]}}