{"id":571,"date":"2018-05-23T13:24:31","date_gmt":"2018-05-23T17:24:31","guid":{"rendered":"http:\/\/172.29.100.163:8080\/fr\/?page_id=571"},"modified":"2025-06-26T11:00:00","modified_gmt":"2025-06-26T15:00:00","slug":"plan-strategique","status":"publish","type":"page","link":"https:\/\/gbgh.on.ca\/fr\/a-propos-de-nous\/plan-strategique\/","title":{"rendered":"Plan Strat\u00e9gique"},"content":{"rendered":"<p><a href=\"https:\/\/gbgh.on.ca\/fr\/gbghmedia\/Strategic-Plan-Booklet-23-30-FR-s.pdf\" target=\"_blank\" rel=\"noopener\">Plan Strat\u00e9gique : 2023 &#8211; 2030<\/a><\/p>\n<h2>Valeurs<\/h2>\n<h3><b>Inspirer le d\u00e9vouement<\/b><\/h3>\n<p>Nous nous pr\u00e9sentons chaque jour avec l&rsquo;engagement de veiller \u00e0 la sant\u00e9 et au bien-\u00eatre des patients, de la communaut\u00e9 et de l\u2019un l\u2019autre.<\/p>\n<h3><b>Les patients d&rsquo;abord<\/b><\/h3>\n<p>Nous \u00e9coutons les patients, travaillons en \u00e9quipe et collaborons avec eux pour cr\u00e9er un parcours de soins s\u00fbr et personnalis\u00e9 pour tous.<\/p>\n<h3><b>Responsabiliser les autres<\/b><\/h3>\n<p>Nous favorisons le sentiment d&rsquo;appartenance en \u00e9coutant nos collaborateurs, en investissant dans eux et en leur offrant la possibilit\u00e9 de s\u2019\u00e9panouir.<\/p>\n<h3><b>Diriger avec empathie<\/b><\/h3>\n<p>Nous appuyons nos patients et leurs familles en faisant preuve de compassion, de respect et d&rsquo;une volont\u00e9 de fournir un effort suppl\u00e9mentaire.<\/p>\n<h3><b>P<\/b><b>enser \u00e0 l&rsquo;avenir<\/b><\/h3>\n<p>Nous recherchons l&rsquo;excellence par l&rsquo;am\u00e9lioration continue et l&rsquo;innovation.<\/p>\n<p>&nbsp;<\/p>\n<h2><b>Orientations et objectifs strat\u00e9giques<\/b><\/h2>\n<table style=\"height: 408px; width: 99.3788%; border-style: solid;\" width=\"99.3788%\">\n<tbody>\n<tr style=\"height: 24px;\">\n<th style=\"height: 24px; width: 16.3636%;\" scope=\"col\" width=\"206\">Th\u00e8me<\/th>\n<th style=\"height: 24px; width: 38.9899%;\" scope=\"col\" width=\"541\">Orientations<\/th>\n<th style=\"height: 24px; width: 43.6364%;\" scope=\"col\" width=\"612\">Objectifs<\/th>\n<\/tr>\n<tr style=\"height: 384px;\">\n<th style=\"height: 384px; width: 16.3636%;\" scope=\"row\" width=\"206\">L&rsquo;excellence continue<\/th>\n<td style=\"height: 384px; width: 38.9899%;\" width=\"541\">\n<ul>\n<li>S&rsquo;engager \u00e0 respecter ou \u00e0 d\u00e9passer les normes de s\u00e9curit\u00e9 et de qualit\u00e9.<\/li>\n<li>Fournir en permanence des soins centr\u00e9s sur la personne et pilot\u00e9s par la personne.<\/li>\n<li>Poursuivre les strat\u00e9gies visant \u00e0 fournir des soins coh\u00e9rents et fiables pour tous.<\/li>\n<li>Renforcer la coordination et la collaboration avec nos partenaires de sant\u00e9 afin de mettre en place un parcours de soins plus int\u00e9gr\u00e9 pour la communaut\u00e9.<\/li>\n<\/ul>\n<\/td>\n<td style=\"height: 384px; width: 43.6364%;\" width=\"612\">\n<ul>\n<li>Participer \u00e0 la prise de d\u00e9cisions et au leadership \u00e9clair\u00e9s par\u00a0 les donn\u00e9es probantes.<\/li>\n<li>Am\u00e9liorer en permanence les syst\u00e8mes, les processus, les proc\u00e9dures, les politiques et les responsabilit\u00e9s afin de permettre \u00e0 nos collaborateurs de donner leur meilleur rendement.<\/li>\n<li>Veiller \u00e0 ce que nos patients se sentent \u00e0 l&rsquo;aise et en s\u00e9curit\u00e9 lorsqu&rsquo;ils s&rsquo;adressent \u00e0 nous pour leurs besoins en mati\u00e8re de sant\u00e9.<\/li>\n<li>Collaborer en permanence avec le Conseil consultatif des patients et des familles (CCPF) et assurer sa participation pour garantir que nous tenons compte des exp\u00e9riences des patients dans la prise de d\u00e9cisions.<\/li>\n<li>Offrir des r\u00e9sultats et des exp\u00e9riences optimales \u00e0 nos patients gr\u00e2ce aux transitions de soins fluides, \u00e0 une collaboration renforc\u00e9e avec les partenaires (internes et externes) et \u00e0 l&rsquo;am\u00e9lioration continue des processus.<\/li>\n<\/ul>\n<\/td>\n<\/tr>\n<\/tbody>\n<\/table>\n<p>&nbsp;<\/p>\n<table width=\"1362\">\n<tbody>\n<tr>\n<th scope=\"col\" width=\"208\">Th\u00e8me<\/th>\n<th scope=\"col\" width=\"541\">Orientations<\/th>\n<th scope=\"col\" width=\"612\">Objectifs<\/th>\n<\/tr>\n<tr>\n<th scope=\"row\" width=\"208\">Confiance et appartenance<\/th>\n<td width=\"541\">\n<ul>\n<li>S&rsquo;efforcer d&rsquo;approfondir le sentiment d&rsquo;appartenance et de communaut\u00e9 parmi le personnel, les patients et les partenaires.<\/li>\n<li>Collaborer pour combler les lacunes et les in\u00e9galit\u00e9s en mati\u00e8re de sant\u00e9 dans la communaut\u00e9.<\/li>\n<li>S&rsquo;engager de mani\u00e8re proactive et approfondir les relations avec les peuples et les communaut\u00e9s autochtones en s&rsquo;engageant pleinement \u00e0 apporter des changements et \u00e0 cr\u00e9er un milieu de soins s\u00fbr et adapt\u00e9 \u00e0 la culture.<\/li>\n<li>Mettre l&rsquo;accent sur l&rsquo;\u00e9quit\u00e9, la diversit\u00e9, l&rsquo;inclusion et l&rsquo;appartenance en fournissant des services en toute s\u00e9curit\u00e9 pour tous, au fur et \u00e0 mesure que nous augmentons nos services.<\/li>\n<li>Continuer \u00e0 inspirer la confiance dans nos services de sant\u00e9 et \u00e0 rehausser la sensibilisation \u00e0 leur \u00e9gard.<\/li>\n<\/ul>\n<p>&nbsp;<\/td>\n<td width=\"612\">\n<ul>\n<li>Tirer parti des pratiques de soins tenant compte des traumatismes pour cr\u00e9er un milieu hospitalier culturellement s\u00e9curitaire.<\/li>\n<li>Pratiquer l&rsquo;\u00e9coute active et l&#8217;empathie pour comprendre les objectifs de gu\u00e9rison de chaque patient.<\/li>\n<li>Agir \u00e0 titre de chef de file communautaire gr\u00e2ce \u00e0 la communication et aux partenariats externes qui renforcent la confiance et la fiabilit\u00e9.<\/li>\n<li>Continuer \u00e0 rechercher l&rsquo;engagement et la consultation de la communaut\u00e9.<\/li>\n<li>Reconna\u00eetre notre r\u00f4le dans la prestation de soins \u00e0 la communaut\u00e9 francophone et reconna\u00eetre ses besoins particuliers en mati\u00e8re de soins.<\/li>\n<li>Mieux comprendre les besoins de sant\u00e9 particuliers des autochtones et des autres groupes vuln\u00e9rables de la communaut\u00e9.<\/li>\n<li>Chercher activement \u00e0 accro\u00eetre la repr\u00e9sentation des voix autochtones et d&rsquo;autres groupes marginalis\u00e9s dans les conversations relatives \u00e0 la planification et \u00e0 la prise de d\u00e9cisions.<\/li>\n<li>Utiliser un langage cibl\u00e9 (c.-\u00e0-d. nos collaborateurs, notre personnel) pour mieux ancrer la culture d&rsquo;\u00e9quipe.<\/li>\n<\/ul>\n<\/td>\n<\/tr>\n<\/tbody>\n<\/table>\n<p>&nbsp;<\/p>\n<table width=\"1362\">\n<tbody>\n<tr>\n<th scope=\"col\" width=\"213\">Th\u00e8me<\/th>\n<th scope=\"col\" width=\"560\">Orientations<\/th>\n<th scope=\"col\" width=\"589\">Objectifs<\/th>\n<\/tr>\n<tr>\n<th scope=\"row\" width=\"213\">\u00c9quipe d\u00e9vou\u00e9e<\/th>\n<td width=\"560\">\n<ul>\n<li>\u00catre une \u00e9quipe engag\u00e9e, collaborative et inclusive.<\/li>\n<li>Valoriser, d\u00e9velopper, retenir le personnel de talent et investir dans eux.<\/li>\n<li>Promouvoir un milieu d&rsquo;apprentissage et de croissance continus.<\/li>\n<li>Souligner la solide culture interne et int\u00e9grer nos valeurs dans tous les syst\u00e8mes et processus.<\/li>\n<li>C\u00e9l\u00e9brer nos succ\u00e8s.<\/li>\n<li>Appuyer notre personnel pour qu&rsquo;il r\u00e9alise son plein potentiel.<\/li>\n<\/ul>\n<p>&nbsp;<\/td>\n<td width=\"589\">\n<ul>\n<li>Am\u00e9liorer les voies de communication, multiplier les occasions de reconnaissance et favoriser l&rsquo;appr\u00e9ciation du personnel pour mobiliser la fid\u00e9lisation.<\/li>\n<li>Investir dans les occasions d&rsquo;apprentissage pour le personnel.<\/li>\n<li>Cultiver la collaboration et l&rsquo;inclusion au sein du personnel.<\/li>\n<li>\u00c9couter activement le personnel.<\/li>\n<li>Encourager une culture positive et l&rsquo;\u00e9tablissement de relations solides.<\/li>\n<li>Inspirer un \u00e9tat d&rsquo;esprit de croissance chez le personnel.<\/li>\n<\/ul>\n<\/td>\n<\/tr>\n<\/tbody>\n<\/table>\n<p>&nbsp;<\/p>\n<table width=\"1360\">\n<tbody>\n<tr>\n<th scope=\"col\" width=\"193\">Th\u00e8me<\/th>\n<th scope=\"col\" width=\"563\">Orientations<\/th>\n<th scope=\"col\" width=\"603\">Objectifs<\/th>\n<\/tr>\n<tr>\n<th scope=\"row\" width=\"193\">Croissance durable<\/th>\n<td width=\"563\">\n<ul>\n<li>\u00catre un organisme de choix pour les personnes de talent.<\/li>\n<li>\u00c9tendre nos services pour r\u00e9pondre aux besoins actuels et anticip\u00e9s de la communaut\u00e9.<\/li>\n<li>Investir dans les infrastructures physiques et dans l\u2019intendance environnementale.<\/li>\n<li>Tirer parti de la technologie pour am\u00e9liorer l&rsquo;exp\u00e9rience et les r\u00e9sultats des patients, l\u2019\u00e9quit\u00e9 en mati\u00e8re de sant\u00e9 et l&rsquo;efficacit\u00e9 de l&rsquo;\u00e9quipe.<\/li>\n<li>Renforcer nos r\u00e9seaux de partenariats et remodeler nos processus pour r\u00e9pondre aux besoins des patients tout au long de leur parcours de sant\u00e9.<\/li>\n<li>Continuer \u00e0 assurer la viabilit\u00e9 financi\u00e8re.<\/li>\n<\/ul>\n<p>&nbsp;<\/td>\n<td width=\"603\">\n<ul>\n<li>\u00c9couter nos collaborateurs et s&rsquo;engager avec eux afin de renforcer notre pr\u00e9cieuse culture et de demeurer un organisme de choix.<\/li>\n<li>Aborder le recrutement de mani\u00e8re \u00e0 mettre en valeur notre culture positive et solidaire.<\/li>\n<li>Renforcer les efforts de strat\u00e9gie et de sensibilisation afin d&rsquo;accro\u00eetre les services et programmes, en particulier dans les domaines des services de sant\u00e9 pour les femmes, de la sant\u00e9 mentale, de la sant\u00e9 des a\u00een\u00e9s, des services chirurgicaux et de l&rsquo;imagerie diagnostique.<\/li>\n<li>Identifier et obtenir des technologies innovantes et pertinentes pour aider le personnel dans l&rsquo;accomplissement de son travail.<\/li>\n<li>Rechercher des occasions cr\u00e9atives de financement et d&rsquo;\u00e9pargne.<\/li>\n<li>Agir de mani\u00e8re responsable sur le plan financier gr\u00e2ce \u00e0 l\u2019utilisation efficace des ressources.<\/li>\n<li>Soutenir les changements suscit\u00e9s par la communaut\u00e9 qui am\u00e9liorent la sant\u00e9 et la prestation de soins de sant\u00e9 aux r\u00e9sidents que nous desservons.<\/li>\n<\/ul>\n<\/td>\n<\/tr>\n<\/tbody>\n<\/table>\n","protected":false},"excerpt":{"rendered":"<p>Plan Strat\u00e9gique : 2023 &#8211; 2030 Valeurs Inspirer le d\u00e9vouement Nous nous pr\u00e9sentons chaque jour avec l&rsquo;engagement de veiller \u00e0 la sant\u00e9 et au bien-\u00eatre des patients, de la communaut\u00e9 et de l\u2019un l\u2019autre. Les patients d&rsquo;abord Nous \u00e9coutons les patients, travaillons en \u00e9quipe et collaborons avec eux pour cr\u00e9er un parcours de soins s\u00fbr [&hellip;]<\/p>\n","protected":false},"author":1,"featured_media":3259,"parent":136,"menu_order":0,"comment_status":"closed","ping_status":"closed","template":"","meta":{"footnotes":""},"class_list":["post-571","page","type-page","status-publish","has-post-thumbnail","hentry"],"_links":{"self":[{"href":"https:\/\/gbgh.on.ca\/fr\/wp-json\/wp\/v2\/pages\/571","targetHints":{"allow":["GET"]}}],"collection":[{"href":"https:\/\/gbgh.on.ca\/fr\/wp-json\/wp\/v2\/pages"}],"about":[{"href":"https:\/\/gbgh.on.ca\/fr\/wp-json\/wp\/v2\/types\/page"}],"author":[{"embeddable":true,"href":"https:\/\/gbgh.on.ca\/fr\/wp-json\/wp\/v2\/users\/1"}],"replies":[{"embeddable":true,"href":"https:\/\/gbgh.on.ca\/fr\/wp-json\/wp\/v2\/comments?post=571"}],"version-history":[{"count":26,"href":"https:\/\/gbgh.on.ca\/fr\/wp-json\/wp\/v2\/pages\/571\/revisions"}],"predecessor-version":[{"id":3749,"href":"https:\/\/gbgh.on.ca\/fr\/wp-json\/wp\/v2\/pages\/571\/revisions\/3749"}],"up":[{"embeddable":true,"href":"https:\/\/gbgh.on.ca\/fr\/wp-json\/wp\/v2\/pages\/136"}],"wp:featuredmedia":[{"embeddable":true,"href":"https:\/\/gbgh.on.ca\/fr\/wp-json\/wp\/v2\/media\/3259"}],"wp:attachment":[{"href":"https:\/\/gbgh.on.ca\/fr\/wp-json\/wp\/v2\/media?parent=571"}],"curies":[{"name":"wp","href":"https:\/\/api.w.org\/{rel}","templated":true}]}}