{"id":547,"date":"2018-05-23T10:05:28","date_gmt":"2018-05-23T14:05:28","guid":{"rendered":"http:\/\/172.29.100.163:8080\/fr\/?page_id=547"},"modified":"2025-11-11T14:29:52","modified_gmt":"2025-11-11T19:29:52","slug":"lequipe-de-la-haute-direction","status":"publish","type":"page","link":"https:\/\/gbgh.on.ca\/fr\/a-propos-de-nous\/lequipe-de-la-haute-direction\/","title":{"rendered":"L\u2019\u00e9quipe de la haute direction"},"content":{"rendered":"\t\t<div data-elementor-type=\"wp-page\" data-elementor-id=\"547\" class=\"elementor elementor-547\" data-elementor-post-type=\"page\">\n\t\t\t\t\t\t<section class=\"elementor-section elementor-top-section elementor-element elementor-element-3593d4ed elementor-section-boxed elementor-section-height-default elementor-section-height-default\" data-id=\"3593d4ed\" data-element_type=\"section\" data-settings=\"{&quot;background_background&quot;:&quot;classic&quot;}\">\n\t\t\t\t\t\t<div class=\"elementor-container elementor-column-gap-default\">\n\t\t\t\t\t<div class=\"elementor-column elementor-col-100 elementor-top-column elementor-element elementor-element-717168d0\" data-id=\"717168d0\" data-element_type=\"column\">\n\t\t\t<div class=\"elementor-widget-wrap elementor-element-populated\">\n\t\t\t\t\t\t<div class=\"elementor-element elementor-element-14c55e65 elementor-widget elementor-widget-text-editor\" data-id=\"14c55e65\" data-element_type=\"widget\" data-widget_type=\"text-editor.default\">\n\t\t\t\t\t\t\t\t\tPour vous assurer que les pr\u00e9occupations et les compliments des patients sont trait\u00e9s en temps opportun par les personnes les plus appropri\u00e9es, veuillez communiquer avec les relations avec les patients de l\u2019HGBG \u00e0 <a style=\"color: #ffffff;\" href=\"mailto:patientrelations@gbgh.on.ca\">patientrelations@gbgh.on.ca<\/a> ou appelez le 705-526-1300 poste 5641.\t\t\t\t\t\t\t\t<\/div>\n\t\t\t\t\t<\/div>\n\t\t<\/div>\n\t\t\t\t\t<\/div>\n\t\t<\/section>\n\t\t\t\t<section class=\"elementor-section elementor-top-section elementor-element elementor-element-14fddef elementor-section-boxed elementor-section-height-default elementor-section-height-default\" data-id=\"14fddef\" data-element_type=\"section\">\n\t\t\t\t\t\t<div class=\"elementor-container elementor-column-gap-default\">\n\t\t\t\t\t<div class=\"elementor-column elementor-col-100 elementor-top-column elementor-element elementor-element-b49c7f0\" data-id=\"b49c7f0\" data-element_type=\"column\">\n\t\t\t<div class=\"elementor-widget-wrap elementor-element-populated\">\n\t\t\t\t\t\t<div class=\"elementor-element elementor-element-4cf559d elementor-widget elementor-widget-text-editor\" data-id=\"4cf559d\" data-element_type=\"widget\" data-widget_type=\"text-editor.default\">\n\t\t\t\t\t\t\t\t\tL\u2019\u00e9quipe de la haute direction \u00e0 l\u2019H\u00f4pital g\u00e9n\u00e9ral de la baie G\u00e9orgienne est un groupe de professionnels d\u00e9vou\u00e9s qui assurent la direction g\u00e9n\u00e9rale par l\u2019entremise de diverses responsabilit\u00e9s et qui \u00e9laborent des strat\u00e9gies et des politiques visant \u00e0 concr\u00e9tiser la vision de notre organisme.\t\t\t\t\t\t\t\t<\/div>\n\t\t\t\t\t<\/div>\n\t\t<\/div>\n\t\t\t\t\t<\/div>\n\t\t<\/section>\n\t\t\t\t<section class=\"elementor-section elementor-top-section elementor-element elementor-element-e9998a7 board elementor-section-boxed elementor-section-height-default elementor-section-height-default\" data-id=\"e9998a7\" data-element_type=\"section\">\n\t\t\t\t\t\t<div class=\"elementor-container elementor-column-gap-no\">\n\t\t\t\t\t<div class=\"elementor-column elementor-col-100 elementor-top-column elementor-element elementor-element-1fe69fc\" data-id=\"1fe69fc\" data-element_type=\"column\">\n\t\t\t<div class=\"elementor-widget-wrap elementor-element-populated\">\n\t\t\t\t\t\t<div class=\"elementor-element elementor-element-b852049 elementor-widget elementor-widget-heading\" data-id=\"b852049\" data-element_type=\"widget\" data-widget_type=\"heading.default\">\n\t\t\t\t\t<h2 class=\"elementor-heading-title elementor-size-default\">\u00c9quipe de la direction<\/h2>\t\t\t\t<\/div>\n\t\t\t\t<section class=\"elementor-section elementor-inner-section elementor-element elementor-element-8ab88e5 boardRow elementor-section-boxed elementor-section-height-default elementor-section-height-default\" data-id=\"8ab88e5\" data-element_type=\"section\">\n\t\t\t\t\t\t<div class=\"elementor-container elementor-column-gap-default\">\n\t\t\t\t\t<div class=\"elementor-column elementor-col-33 elementor-inner-column elementor-element elementor-element-5f9f0ad\" data-id=\"5f9f0ad\" data-element_type=\"column\">\n\t\t\t<div class=\"elementor-widget-wrap elementor-element-populated\">\n\t\t\t\t\t\t<div class=\"elementor-element elementor-element-3cce91d elementor-widget elementor-widget-image\" data-id=\"3cce91d\" data-element_type=\"widget\" data-widget_type=\"image.default\">\n\t\t\t\t\t\t\t\t\t\t\t\t\t\t\t<img fetchpriority=\"high\" decoding=\"async\" width=\"600\" height=\"800\" src=\"https:\/\/gbgh.on.ca\/fr\/gbghmedia\/Matthew-Lawson-02.jpg\" class=\"attachment-large size-large wp-image-5014\" alt=\"Matthew Lawson - man with strawberry blond hair and beard in a blue blazer and shirt\" \/>\t\t\t\t\t\t\t\t\t\t\t\t\t\t\t<\/div>\n\t\t\t\t<div class=\"elementor-element elementor-element-bcdb75b elementor-widget elementor-widget-heading\" data-id=\"bcdb75b\" data-element_type=\"widget\" data-widget_type=\"heading.default\">\n\t\t\t\t\t<h3 class=\"elementor-heading-title elementor-size-default\">Matthew Lawson\n<\/h3>\t\t\t\t<\/div>\n\t\t\t\t<div class=\"elementor-element elementor-element-b87fb87 elementor-widget elementor-widget-heading\" data-id=\"b87fb87\" data-element_type=\"widget\" data-widget_type=\"heading.default\">\n\t\t\t\t\t<h4 class=\"elementor-heading-title elementor-size-default\">Pr\u00e9sident-directeur g\u00e9n\u00e9ral<\/h4>\t\t\t\t<\/div>\n\t\t\t\t\t<\/div>\n\t\t<\/div>\n\t\t\t\t<div class=\"elementor-column elementor-col-33 elementor-inner-column elementor-element elementor-element-b95dd77\" data-id=\"b95dd77\" data-element_type=\"column\">\n\t\t\t<div class=\"elementor-widget-wrap elementor-element-populated\">\n\t\t\t\t\t\t<div class=\"elementor-element elementor-element-5cb4fcb elementor-widget elementor-widget-image\" data-id=\"5cb4fcb\" data-element_type=\"widget\" data-widget_type=\"image.default\">\n\t\t\t\t\t\t\t\t\t\t\t\t\t\t\t<img decoding=\"async\" width=\"600\" height=\"800\" src=\"https:\/\/gbgh.on.ca\/fr\/gbghmedia\/Marcia-Chapman.jpg\" class=\"attachment-large size-large wp-image-5016\" alt=\"Marcia Chapman - woman wearing glasses with light brown hair wearing a blue top\" \/>\t\t\t\t\t\t\t\t\t\t\t\t\t\t\t<\/div>\n\t\t\t\t<div class=\"elementor-element elementor-element-37b3c5a elementor-widget elementor-widget-heading\" data-id=\"37b3c5a\" data-element_type=\"widget\" data-widget_type=\"heading.default\">\n\t\t\t\t\t<h3 class=\"elementor-heading-title elementor-size-default\">Marcia Chapman<\/h3>\t\t\t\t<\/div>\n\t\t\t\t<div class=\"elementor-element elementor-element-83a1dfd elementor-widget elementor-widget-heading\" data-id=\"83a1dfd\" data-element_type=\"widget\" data-widget_type=\"heading.default\">\n\t\t\t\t\t<h4 class=\"elementor-heading-title elementor-size-default\">Vice-pr\u00e9sidente, Rendement et services de soutien, et chef de la direction financi\u00e8re<\/h4>\t\t\t\t<\/div>\n\t\t\t\t\t<\/div>\n\t\t<\/div>\n\t\t\t\t<div class=\"elementor-column elementor-col-33 elementor-inner-column elementor-element elementor-element-bf26509\" data-id=\"bf26509\" data-element_type=\"column\">\n\t\t\t<div class=\"elementor-widget-wrap elementor-element-populated\">\n\t\t\t\t\t\t<div class=\"elementor-element elementor-element-030f390 elementor-widget elementor-widget-image\" data-id=\"030f390\" data-element_type=\"widget\" data-widget_type=\"image.default\">\n\t\t\t\t\t\t\t\t\t\t\t\t\t\t\t<img decoding=\"async\" width=\"676\" height=\"900\" src=\"https:\/\/gbgh.on.ca\/fr\/gbghmedia\/Tanya-Cripps.jpg\" class=\"attachment-large size-large wp-image-4820\" alt=\"Tanya Cripps\" \/>\t\t\t\t\t\t\t\t\t\t\t\t\t\t\t<\/div>\n\t\t\t\t<div class=\"elementor-element elementor-element-55bc1cc elementor-widget elementor-widget-heading\" data-id=\"55bc1cc\" data-element_type=\"widget\" data-widget_type=\"heading.default\">\n\t\t\t\t\t<h3 class=\"elementor-heading-title elementor-size-default\">Tanya Cripps\n<\/h3>\t\t\t\t<\/div>\n\t\t\t\t<div class=\"elementor-element elementor-element-64924c2 elementor-widget elementor-widget-heading\" data-id=\"64924c2\" data-element_type=\"widget\" data-widget_type=\"heading.default\">\n\t\t\t\t\t<h4 class=\"elementor-heading-title elementor-size-default\">Vice-pr\u00e9sidente, Personnes et culture, et dirigeante principale des ressources humaines<\/h4>\t\t\t\t<\/div>\n\t\t\t\t\t<\/div>\n\t\t<\/div>\n\t\t\t\t\t<\/div>\n\t\t<\/section>\n\t\t\t\t<section class=\"elementor-section elementor-inner-section elementor-element elementor-element-02ac636 boardRow elementor-section-boxed elementor-section-height-default elementor-section-height-default\" data-id=\"02ac636\" data-element_type=\"section\">\n\t\t\t\t\t\t<div class=\"elementor-container elementor-column-gap-default\">\n\t\t\t\t\t<div class=\"elementor-column elementor-col-33 elementor-inner-column elementor-element elementor-element-e8bd3f5\" data-id=\"e8bd3f5\" data-element_type=\"column\">\n\t\t\t<div class=\"elementor-widget-wrap elementor-element-populated\">\n\t\t\t\t\t\t<div class=\"elementor-element elementor-element-8d0db19 elementor-widget elementor-widget-image\" data-id=\"8d0db19\" data-element_type=\"widget\" data-widget_type=\"image.default\">\n\t\t\t\t\t\t\t\t\t\t\t\t\t\t\t<img loading=\"lazy\" decoding=\"async\" width=\"600\" height=\"800\" src=\"https:\/\/gbgh.on.ca\/fr\/gbghmedia\/Linda-Gravel-02.jpg\" class=\"attachment-large size-large wp-image-5017\" alt=\"Linda Gravel - a woman with short wavy brown hair wearing a brown and black floral top\" \/>\t\t\t\t\t\t\t\t\t\t\t\t\t\t\t<\/div>\n\t\t\t\t<div class=\"elementor-element elementor-element-41ceec2 elementor-widget elementor-widget-heading\" data-id=\"41ceec2\" data-element_type=\"widget\" data-widget_type=\"heading.default\">\n\t\t\t\t\t<h3 class=\"elementor-heading-title elementor-size-default\">Linda Gravel\n<\/h3>\t\t\t\t<\/div>\n\t\t\t\t<div class=\"elementor-element elementor-element-75453f0 elementor-widget elementor-widget-heading\" data-id=\"75453f0\" data-element_type=\"widget\" data-widget_type=\"heading.default\">\n\t\t\t\t\t<h4 class=\"elementor-heading-title elementor-size-default\">Vice-pr\u00e9sidente, Services cliniques et chef de direction des soins infirmiers<\/h4>\t\t\t\t<\/div>\n\t\t\t\t\t<\/div>\n\t\t<\/div>\n\t\t\t\t<div class=\"elementor-column elementor-col-33 elementor-inner-column elementor-element elementor-element-de8d0eb\" data-id=\"de8d0eb\" data-element_type=\"column\">\n\t\t\t<div class=\"elementor-widget-wrap elementor-element-populated\">\n\t\t\t\t\t\t<div class=\"elementor-element elementor-element-bc890ec elementor-widget elementor-widget-image\" data-id=\"bc890ec\" data-element_type=\"widget\" data-widget_type=\"image.default\">\n\t\t\t\t\t\t\t\t\t\t\t\t\t\t\t<img loading=\"lazy\" decoding=\"async\" width=\"600\" height=\"800\" src=\"https:\/\/gbgh.on.ca\/fr\/gbghmedia\/Dawn-Jones.jpg\" class=\"attachment-large size-large wp-image-5018\" alt=\"Dawn Jones - a smiling woman with straight blonde hair wearing a dark blue top\" \/>\t\t\t\t\t\t\t\t\t\t\t\t\t\t\t<\/div>\n\t\t\t\t<div class=\"elementor-element elementor-element-92733be elementor-widget elementor-widget-heading\" data-id=\"92733be\" data-element_type=\"widget\" data-widget_type=\"heading.default\">\n\t\t\t\t\t<h3 class=\"elementor-heading-title elementor-size-default\">Dawn Jones\n<\/h3>\t\t\t\t<\/div>\n\t\t\t\t<div class=\"elementor-element elementor-element-69579c8 elementor-widget elementor-widget-heading\" data-id=\"69579c8\" data-element_type=\"widget\" data-widget_type=\"heading.default\">\n\t\t\t\t\t<h4 class=\"elementor-heading-title elementor-size-default\">Directrice des finances<\/h4>\t\t\t\t<\/div>\n\t\t\t\t\t<\/div>\n\t\t<\/div>\n\t\t\t\t<div class=\"elementor-column elementor-col-33 elementor-inner-column elementor-element elementor-element-93dee4d\" data-id=\"93dee4d\" data-element_type=\"column\">\n\t\t\t<div class=\"elementor-widget-wrap elementor-element-populated\">\n\t\t\t\t\t\t<div class=\"elementor-element elementor-element-c1305b6 elementor-widget elementor-widget-image\" data-id=\"c1305b6\" data-element_type=\"widget\" data-widget_type=\"image.default\">\n\t\t\t\t\t\t\t\t\t\t\t\t\t\t\t<img loading=\"lazy\" decoding=\"async\" width=\"600\" height=\"800\" src=\"https:\/\/gbgh.on.ca\/fr\/gbghmedia\/Sean-Molnar-1.jpg\" class=\"attachment-large size-large wp-image-5019\" alt=\"Sean Molnar - man with short styles brown hair and reddish beard wearing a light grey blazer over a pale pink t-shirt\" \/>\t\t\t\t\t\t\t\t\t\t\t\t\t\t\t<\/div>\n\t\t\t\t<div class=\"elementor-element elementor-element-28f135c elementor-widget elementor-widget-heading\" data-id=\"28f135c\" data-element_type=\"widget\" data-widget_type=\"heading.default\">\n\t\t\t\t\t<h3 class=\"elementor-heading-title elementor-size-default\">Sean Molnar\n<\/h3>\t\t\t\t<\/div>\n\t\t\t\t<div class=\"elementor-element elementor-element-36692fb elementor-widget elementor-widget-heading\" data-id=\"36692fb\" data-element_type=\"widget\" data-widget_type=\"heading.default\">\n\t\t\t\t\t<h4 class=\"elementor-heading-title elementor-size-default\">Directeur des communications et des relations communautaires<\/h4>\t\t\t\t<\/div>\n\t\t\t\t\t<\/div>\n\t\t<\/div>\n\t\t\t\t\t<\/div>\n\t\t<\/section>\n\t\t\t\t<section class=\"elementor-section elementor-inner-section elementor-element elementor-element-e37c107 boardRow elementor-section-boxed elementor-section-height-default elementor-section-height-default\" data-id=\"e37c107\" data-element_type=\"section\">\n\t\t\t\t\t\t<div class=\"elementor-container elementor-column-gap-default\">\n\t\t\t\t\t<div class=\"elementor-column elementor-col-33 elementor-inner-column elementor-element elementor-element-74aba81\" data-id=\"74aba81\" data-element_type=\"column\">\n\t\t\t<div class=\"elementor-widget-wrap elementor-element-populated\">\n\t\t\t\t\t\t<div class=\"elementor-element elementor-element-7a3af7f elementor-widget elementor-widget-image\" data-id=\"7a3af7f\" data-element_type=\"widget\" data-widget_type=\"image.default\">\n\t\t\t\t\t\t\t\t\t\t\t\t\t\t\t<img loading=\"lazy\" decoding=\"async\" width=\"600\" height=\"800\" src=\"https:\/\/gbgh.on.ca\/fr\/gbghmedia\/Karen-Redpath.jpg\" class=\"attachment-large size-large wp-image-5020\" alt=\"Karen Redpath - a woman with medium black hair wearing round glasses and a black top\" \/>\t\t\t\t\t\t\t\t\t\t\t\t\t\t\t<\/div>\n\t\t\t\t<div class=\"elementor-element elementor-element-b1925bc elementor-widget elementor-widget-heading\" data-id=\"b1925bc\" data-element_type=\"widget\" data-widget_type=\"heading.default\">\n\t\t\t\t\t<h3 class=\"elementor-heading-title elementor-size-default\">Karen Redpath\n<\/h3>\t\t\t\t<\/div>\n\t\t\t\t<div class=\"elementor-element elementor-element-24d7f1d elementor-widget elementor-widget-heading\" data-id=\"24d7f1d\" data-element_type=\"widget\" data-widget_type=\"heading.default\">\n\t\t\t\t\t<h4 class=\"elementor-heading-title elementor-size-default\">Directrice des soins aux patients<\/h4>\t\t\t\t<\/div>\n\t\t\t\t\t<\/div>\n\t\t<\/div>\n\t\t\t\t<div class=\"elementor-column elementor-col-33 elementor-inner-column elementor-element elementor-element-8fe1163\" data-id=\"8fe1163\" data-element_type=\"column\">\n\t\t\t<div class=\"elementor-widget-wrap elementor-element-populated\">\n\t\t\t\t\t\t<div class=\"elementor-element elementor-element-cf9a4ac elementor-widget elementor-widget-image\" data-id=\"cf9a4ac\" data-element_type=\"widget\" data-widget_type=\"image.default\">\n\t\t\t\t\t\t\t\t\t\t\t\t\t\t\t<img loading=\"lazy\" decoding=\"async\" width=\"600\" height=\"800\" src=\"https:\/\/gbgh.on.ca\/fr\/gbghmedia\/Julianne-Labelle-02.jpg\" class=\"attachment-large size-large wp-image-5021\" alt=\"Julianne Labelle - a women with reddish blonde hair wearing a white t-shirt with a blue sweater\" \/>\t\t\t\t\t\t\t\t\t\t\t\t\t\t\t<\/div>\n\t\t\t\t<div class=\"elementor-element elementor-element-d5f6472 elementor-widget elementor-widget-heading\" data-id=\"d5f6472\" data-element_type=\"widget\" data-widget_type=\"heading.default\">\n\t\t\t\t\t<h3 class=\"elementor-heading-title elementor-size-default\">Julianne Labelle\n<\/h3>\t\t\t\t<\/div>\n\t\t\t\t<div class=\"elementor-element elementor-element-9e00b30 elementor-widget elementor-widget-heading\" data-id=\"9e00b30\" data-element_type=\"widget\" data-widget_type=\"heading.default\">\n\t\t\t\t\t<h4 class=\"elementor-heading-title elementor-size-default\">Directrice des soins aux patients<\/h4>\t\t\t\t<\/div>\n\t\t\t\t\t<\/div>\n\t\t<\/div>\n\t\t\t\t<div class=\"elementor-column elementor-col-33 elementor-inner-column elementor-element elementor-element-35d715e\" data-id=\"35d715e\" data-element_type=\"column\">\n\t\t\t<div class=\"elementor-widget-wrap elementor-element-populated\">\n\t\t\t\t\t\t<div class=\"elementor-element elementor-element-a323db1 elementor-widget elementor-widget-image\" data-id=\"a323db1\" data-element_type=\"widget\" data-widget_type=\"image.default\">\n\t\t\t\t\t\t\t\t\t\t\t\t\t\t\t<img decoding=\"async\" src=\"https:\/\/gbgh.on.ca\/gbghmedia\/Dr.-Vikram-Ralhan.jpg\" title=\"\" alt=\"\" loading=\"lazy\" \/>\t\t\t\t\t\t\t\t\t\t\t\t\t\t\t<\/div>\n\t\t\t\t<div class=\"elementor-element elementor-element-bfe7263 elementor-widget elementor-widget-heading\" data-id=\"bfe7263\" data-element_type=\"widget\" data-widget_type=\"heading.default\">\n\t\t\t\t\t<h3 class=\"elementor-heading-title elementor-size-default\">Dr. Vikram Ralhan\n<\/h3>\t\t\t\t<\/div>\n\t\t\t\t<div class=\"elementor-element elementor-element-fe31a70 elementor-widget elementor-widget-heading\" data-id=\"fe31a70\" data-element_type=\"widget\" data-widget_type=\"heading.default\">\n\t\t\t\t\t<h4 class=\"elementor-heading-title elementor-size-default\">M\u00e9decin-chef<\/h4>\t\t\t\t<\/div>\n\t\t\t\t\t<\/div>\n\t\t<\/div>\n\t\t\t\t\t<\/div>\n\t\t<\/section>\n\t\t\t\t<section class=\"elementor-section elementor-inner-section elementor-element elementor-element-010b39b boardRow elementor-section-boxed elementor-section-height-default elementor-section-height-default\" data-id=\"010b39b\" data-element_type=\"section\">\n\t\t\t\t\t\t<div class=\"elementor-container elementor-column-gap-default\">\n\t\t\t\t\t<div class=\"elementor-column elementor-col-33 elementor-inner-column elementor-element elementor-element-24c3e1b\" data-id=\"24c3e1b\" data-element_type=\"column\">\n\t\t\t<div class=\"elementor-widget-wrap elementor-element-populated\">\n\t\t\t\t\t\t<div class=\"elementor-element elementor-element-4c2bee6 elementor-widget elementor-widget-image\" data-id=\"4c2bee6\" data-element_type=\"widget\" data-widget_type=\"image.default\">\n\t\t\t\t\t\t\t\t\t\t\t\t\t\t\t<img loading=\"lazy\" decoding=\"async\" width=\"675\" height=\"900\" src=\"https:\/\/gbgh.on.ca\/fr\/gbghmedia\/Dr-Sean-Robinson.jpg\" class=\"attachment-large size-large wp-image-3556\" alt=\"Dre Sean Robinson\" \/>\t\t\t\t\t\t\t\t\t\t\t\t\t\t\t<\/div>\n\t\t\t\t<div class=\"elementor-element elementor-element-898f563 elementor-widget elementor-widget-heading\" data-id=\"898f563\" data-element_type=\"widget\" data-widget_type=\"heading.default\">\n\t\t\t\t\t<h3 class=\"elementor-heading-title elementor-size-default\">D<sup>re<\/sup> Sean Robinson<\/h3>\t\t\t\t<\/div>\n\t\t\t\t<div class=\"elementor-element elementor-element-ec69905 elementor-widget elementor-widget-heading\" data-id=\"ec69905\" data-element_type=\"widget\" data-widget_type=\"heading.default\">\n\t\t\t\t\t<h4 class=\"elementor-heading-title elementor-size-default\">Pr\u00e9sident du personnel medical<\/h4>\t\t\t\t<\/div>\n\t\t\t\t\t<\/div>\n\t\t<\/div>\n\t\t\t\t<div class=\"elementor-column elementor-col-33 elementor-inner-column elementor-element elementor-element-b3fd62f\" data-id=\"b3fd62f\" data-element_type=\"column\">\n\t\t\t<div class=\"elementor-widget-wrap\">\n\t\t\t\t\t\t\t<\/div>\n\t\t<\/div>\n\t\t\t\t<div class=\"elementor-column elementor-col-33 elementor-inner-column elementor-element elementor-element-df68439\" data-id=\"df68439\" data-element_type=\"column\">\n\t\t\t<div class=\"elementor-widget-wrap\">\n\t\t\t\t\t\t\t<\/div>\n\t\t<\/div>\n\t\t\t\t\t<\/div>\n\t\t<\/section>\n\t\t\t\t\t<\/div>\n\t\t<\/div>\n\t\t\t\t\t<\/div>\n\t\t<\/section>\n\t\t\t\t<\/div>\n\t\t","protected":false},"excerpt":{"rendered":"<p>Pour vous assurer que les pr\u00e9occupations et les compliments des patients sont trait\u00e9s en temps opportun par les personnes les plus appropri\u00e9es, veuillez communiquer avec les relations avec les patients de l\u2019HGBG \u00e0 patientrelations@gbgh.on.ca ou appelez le 705-526-1300 poste 5641.L\u2019\u00e9quipe de la haute direction \u00e0 l\u2019H\u00f4pital g\u00e9n\u00e9ral de la baie G\u00e9orgienne est un groupe de [&hellip;]<\/p>\n","protected":false},"author":1,"featured_media":0,"parent":136,"menu_order":0,"comment_status":"closed","ping_status":"closed","template":"","meta":{"footnotes":""},"class_list":["post-547","page","type-page","status-publish","hentry"],"_links":{"self":[{"href":"https:\/\/gbgh.on.ca\/fr\/wp-json\/wp\/v2\/pages\/547","targetHints":{"allow":["GET"]}}],"collection":[{"href":"https:\/\/gbgh.on.ca\/fr\/wp-json\/wp\/v2\/pages"}],"about":[{"href":"https:\/\/gbgh.on.ca\/fr\/wp-json\/wp\/v2\/types\/page"}],"author":[{"embeddable":true,"href":"https:\/\/gbgh.on.ca\/fr\/wp-json\/wp\/v2\/users\/1"}],"replies":[{"embeddable":true,"href":"https:\/\/gbgh.on.ca\/fr\/wp-json\/wp\/v2\/comments?post=547"}],"version-history":[{"count":121,"href":"https:\/\/gbgh.on.ca\/fr\/wp-json\/wp\/v2\/pages\/547\/revisions"}],"predecessor-version":[{"id":5032,"href":"https:\/\/gbgh.on.ca\/fr\/wp-json\/wp\/v2\/pages\/547\/revisions\/5032"}],"up":[{"embeddable":true,"href":"https:\/\/gbgh.on.ca\/fr\/wp-json\/wp\/v2\/pages\/136"}],"wp:attachment":[{"href":"https:\/\/gbgh.on.ca\/fr\/wp-json\/wp\/v2\/media?parent=547"}],"curies":[{"name":"wp","href":"https:\/\/api.w.org\/{rel}","templated":true}]}}