{"id":531,"date":"2018-05-22T11:18:22","date_gmt":"2018-05-22T15:18:22","guid":{"rendered":"http:\/\/172.29.100.163:8080\/fr\/?page_id=531"},"modified":"2024-01-08T13:55:11","modified_gmt":"2024-01-08T18:55:11","slug":"politique-relative-au-transfert-de-patients-hospitalises","status":"publish","type":"page","link":"https:\/\/gbgh.on.ca\/fr\/programmes-et-services\/services-readaptation\/politique-relative-au-transfert-de-patients-hospitalises\/","title":{"rendered":"Politique relative au transfert de patients hospitalis\u00e9s"},"content":{"rendered":"<h2>Formulaire de transfert de patients hospitalis\u00e9<\/h2>\n<p>Le formulaire de transfert de patients hospitalis\u00e9s sert au renvoi de patients internes au service de r\u00e9adaptation au site de l\u2019HGBG \u00e0 Midland.<\/p>\n<p><strong>Pour chaque transfert, <\/strong>veuillez remplir les formulaires suivants et les exp\u00e9dier par t\u00e9l\u00e9copieur directement \u00e0 l\u2019HGBG \u00e0\u00a0Midland au 705 526-0069.<\/p>\n<ol>\n<li><a href=\"\/gbghdocs\/GBGH-Rehab-Inpatient-Referral-Form.pdf\" target=\"_blank\" rel=\"noopener\"><strong>Consentement du patient <\/strong><\/a><\/li>\n<li><a href=\"\/gbghdocs\/GBGH-Rehab-Referral-Patient-Consent.pdf\" target=\"_blank\" rel=\"noopener\"><strong>Formulaire de renvoi \u00e0 la r\u00e9adaptation (Rehab Referral)<\/strong><\/a><\/li>\n<li><a href=\"\/gbghdocs\/GBGH-Rehab-Discharge-Transfer-Checklist.pdf\" target=\"_blank\" rel=\"noopener\"><strong>Liste de contr\u00f4le pour le cong\u00e9\/transfert<\/strong><\/a><\/li>\n<\/ol>\n<h3>Envoi de mises \u00e0 jour :<\/h3>\n<p>Dans le cas d\u2019une modification\/d\u00e9t\u00e9rioration importante de l\u2019\u00e9tat d\u2019un patient (c.-\u00e0-d. m\u00e9dical, fonctionnel, infection ou besoin en \u00e9quipements), avertir le chef d\u2019\u00e9quipe au site de l\u2019HGBG \u00e0\u00a0Midland au 705 526-1300 poste 5611.<\/p>\n<h3>Liste de contr\u00f4le pour le cong\u00e9\/transfert :<\/h3>\n<p>Au moment du transfert d\u2019un patient, veuillez vous reporter \u00e0 la liste de contr\u00f4le pour le cong\u00e9\/transfert concernant les renseignements qui doivent accompagner le patient.<\/p>\n<p>&nbsp;<\/p>\n","protected":false},"excerpt":{"rendered":"<p>Formulaire de transfert de patients hospitalis\u00e9 Le formulaire de transfert de patients hospitalis\u00e9s sert au renvoi de patients internes au service de r\u00e9adaptation au site de l\u2019HGBG \u00e0 Midland. Pour chaque transfert, veuillez remplir les formulaires suivants et les exp\u00e9dier par t\u00e9l\u00e9copieur directement \u00e0 l\u2019HGBG \u00e0\u00a0Midland au 705 526-0069. Consentement du patient Formulaire de renvoi [&hellip;]<\/p>\n","protected":false},"author":1,"featured_media":0,"parent":1038,"menu_order":0,"comment_status":"closed","ping_status":"closed","template":"","meta":{"footnotes":""},"class_list":["post-531","page","type-page","status-publish","hentry"],"_links":{"self":[{"href":"https:\/\/gbgh.on.ca\/fr\/wp-json\/wp\/v2\/pages\/531","targetHints":{"allow":["GET"]}}],"collection":[{"href":"https:\/\/gbgh.on.ca\/fr\/wp-json\/wp\/v2\/pages"}],"about":[{"href":"https:\/\/gbgh.on.ca\/fr\/wp-json\/wp\/v2\/types\/page"}],"author":[{"embeddable":true,"href":"https:\/\/gbgh.on.ca\/fr\/wp-json\/wp\/v2\/users\/1"}],"replies":[{"embeddable":true,"href":"https:\/\/gbgh.on.ca\/fr\/wp-json\/wp\/v2\/comments?post=531"}],"version-history":[{"count":17,"href":"https:\/\/gbgh.on.ca\/fr\/wp-json\/wp\/v2\/pages\/531\/revisions"}],"predecessor-version":[{"id":3826,"href":"https:\/\/gbgh.on.ca\/fr\/wp-json\/wp\/v2\/pages\/531\/revisions\/3826"}],"up":[{"embeddable":true,"href":"https:\/\/gbgh.on.ca\/fr\/wp-json\/wp\/v2\/pages\/1038"}],"wp:attachment":[{"href":"https:\/\/gbgh.on.ca\/fr\/wp-json\/wp\/v2\/media?parent=531"}],"curies":[{"name":"wp","href":"https:\/\/api.w.org\/{rel}","templated":true}]}}