{"id":527,"date":"2018-05-22T10:47:18","date_gmt":"2018-05-22T14:47:18","guid":{"rendered":"http:\/\/172.29.100.163:8080\/fr\/?page_id=527"},"modified":"2023-12-21T15:19:46","modified_gmt":"2023-12-21T20:19:46","slug":"support-spirituel","status":"publish","type":"page","link":"https:\/\/gbgh.on.ca\/fr\/patients-et-visiteurs\/support-spirituel\/","title":{"rendered":"Support spirituel"},"content":{"rendered":"<h2>Soins spirituel et religieux<\/h2>\n<p>L\u2019H\u00f4pital g\u00e9n\u00e9ral de la baie Georgienne a un aum\u00f4nier \u00e0 plein temps (\u0153cum\u00e9nique) qui coordonne une \u00e9quipe de soins spirituel et religieux qui inclut : un clerg\u00e9 de Huronia, visiteurs la\u00efques qui repr\u00e9sentent leurs paroisses et\/ou fournissent des soins pastoraux volontairement, et des aum\u00f4niers de service volontairement.<\/p>\n<p>N\u2019importe quoi le besoin \u2013 Un oreille attentive et compr\u00e9hensif, un visiteur quand tout seul, conseil religieux, renvoi \u00e0 une \u00e9glise ou aviser spirituel sp\u00e9cifique, sacrements, litt\u00e9rature\u2026 Nous pouvons aider.<\/p>\n<p>Nous croyons que c\u2019est le droit du patient\/r\u00e9sident d\u2019avoir leurs besoins spirituels\/religieux r\u00e9pondu \u00e0 ou de refuser des visites pas voulus du sorte religieux.<\/p>\n","protected":false},"excerpt":{"rendered":"<p>Soins spirituel et religieux L\u2019H\u00f4pital g\u00e9n\u00e9ral de la baie Georgienne a un aum\u00f4nier \u00e0 plein temps (\u0153cum\u00e9nique) qui coordonne une \u00e9quipe de soins spirituel et religieux qui inclut : un clerg\u00e9 de Huronia, visiteurs la\u00efques qui repr\u00e9sentent leurs paroisses et\/ou fournissent des soins pastoraux volontairement, et des aum\u00f4niers de service volontairement. N\u2019importe quoi le besoin [&hellip;]<\/p>\n","protected":false},"author":1,"featured_media":0,"parent":128,"menu_order":0,"comment_status":"closed","ping_status":"closed","template":"","meta":{"footnotes":""},"class_list":["post-527","page","type-page","status-publish","hentry"],"_links":{"self":[{"href":"https:\/\/gbgh.on.ca\/fr\/wp-json\/wp\/v2\/pages\/527","targetHints":{"allow":["GET"]}}],"collection":[{"href":"https:\/\/gbgh.on.ca\/fr\/wp-json\/wp\/v2\/pages"}],"about":[{"href":"https:\/\/gbgh.on.ca\/fr\/wp-json\/wp\/v2\/types\/page"}],"author":[{"embeddable":true,"href":"https:\/\/gbgh.on.ca\/fr\/wp-json\/wp\/v2\/users\/1"}],"replies":[{"embeddable":true,"href":"https:\/\/gbgh.on.ca\/fr\/wp-json\/wp\/v2\/comments?post=527"}],"version-history":[{"count":4,"href":"https:\/\/gbgh.on.ca\/fr\/wp-json\/wp\/v2\/pages\/527\/revisions"}],"predecessor-version":[{"id":3663,"href":"https:\/\/gbgh.on.ca\/fr\/wp-json\/wp\/v2\/pages\/527\/revisions\/3663"}],"up":[{"embeddable":true,"href":"https:\/\/gbgh.on.ca\/fr\/wp-json\/wp\/v2\/pages\/128"}],"wp:attachment":[{"href":"https:\/\/gbgh.on.ca\/fr\/wp-json\/wp\/v2\/media?parent=527"}],"curies":[{"name":"wp","href":"https:\/\/api.w.org\/{rel}","templated":true}]}}