{"id":518,"date":"2018-05-22T09:51:58","date_gmt":"2018-05-22T13:51:58","guid":{"rendered":"http:\/\/172.29.100.163:8080\/fr\/?page_id=518"},"modified":"2025-08-08T11:05:00","modified_gmt":"2025-08-08T15:05:00","slug":"rte-reseau-telemedecine-ontario","status":"publish","type":"page","link":"https:\/\/gbgh.on.ca\/fr\/programmes-et-services\/rte-reseau-telemedecine-ontario\/","title":{"rendered":"RTE (R\u00e9seau T\u00e9l\u00e9m\u00e9decine Ontario)"},"content":{"rendered":"\t\t<div data-elementor-type=\"wp-page\" data-elementor-id=\"518\" class=\"elementor elementor-518\" data-elementor-post-type=\"page\">\n\t\t\t\t\t\t<section class=\"elementor-section elementor-top-section elementor-element elementor-element-1c6280c8 elementor-section-boxed elementor-section-height-default elementor-section-height-default\" data-id=\"1c6280c8\" data-element_type=\"section\">\n\t\t\t\t\t\t<div class=\"elementor-container elementor-column-gap-default\">\n\t\t\t\t\t<div class=\"elementor-column elementor-col-100 elementor-top-column elementor-element elementor-element-68edaa1c\" data-id=\"68edaa1c\" data-element_type=\"column\">\n\t\t\t<div class=\"elementor-widget-wrap elementor-element-populated\">\n\t\t\t\t\t\t<div class=\"elementor-element elementor-element-016680c elementor-widget elementor-widget-image\" data-id=\"016680c\" data-element_type=\"widget\" data-widget_type=\"image.default\">\n\t\t\t\t\t\t\t\t\t\t\t\t\t\t\t\t<a href=\"https:\/\/otn.ca\/\" target=\"_blank\">\n\t\t\t\t\t\t\t<img fetchpriority=\"high\" decoding=\"async\" width=\"321\" height=\"162\" src=\"https:\/\/gbgh.on.ca\/fr\/gbghmedia\/visit-OTN.png\" class=\"attachment-large size-large wp-image-522\" alt=\"Click here to visit OTN\" \/>\t\t\t\t\t\t\t\t<\/a>\n\t\t\t\t\t\t\t\t\t\t\t\t\t\t\t<\/div>\n\t\t\t\t<div class=\"elementor-element elementor-element-3566c37f elementor-widget elementor-widget-text-editor\" data-id=\"3566c37f\" data-element_type=\"widget\" data-widget_type=\"text-editor.default\">\n\t\t\t\t\t\t\t\t\t<p>L\u2019H\u00f4pital g\u00e9n\u00e9ral de la baie Georgienne (HGBG) est membre du R\u00e9seau T\u00e9l\u00e9m\u00e9decine Ontario (RTO), vaste r\u00e9seau form\u00e9 de plus de 1 200 sites desservant la province de l\u2019Ontario et l\u2019un des plus importants r\u00e9seau du genre \u00e0 l\u2019\u00e9chelle mondiale. Le RTO offre l\u2019acc\u00e8s aux soins de sant\u00e9 aux patients dans chaque h\u00f4pital et des centaines d\u2019autres \u00e9tablissements de soins de sant\u00e9 partout en province.<\/p>\n<p>La t\u00e9l\u00e9m\u00e9decine consiste en une technologie vid\u00e9oconf\u00e9rence \u00e0 double sens qui permet la communication en face \u00e0 face et facilite les consultations avec un professionnel m\u00e9dical qui peut se trouver \u00e0 des centaines de kilom\u00e8tres de distance.<\/p>\n<p>Lors d\u2019un rendez-vous t\u00e9l\u00e9m\u00e9decine, vous serez en mesure de voir un fournisseur de soins de sant\u00e9, de l\u2019entendre et de lui parler de votre plan de soins. Vous n\u2019aurez pas \u00e0 quitter votre communaut\u00e9 pour consulter un sp\u00e9cialiste. Vous \u00e9conomiserez donc le temps et l\u2019argent associ\u00e9s aux frais de d\u00e9placement, et vous n\u2019avez plus \u00e0 prendre une journ\u00e9e de cong\u00e9 pour vous rendre \u00e0 un rendez-vous \u00e0 l\u2019ext\u00e9rieur de la r\u00e9gion.<\/p>\n<p>Le RTO est engag\u00e9 \u00e0 am\u00e9liorer l\u2019acc\u00e8s aux soins de sant\u00e9 de qualit\u00e9. L\u2019id\u00e9e c\u2019est d\u2019avoir acc\u00e8s au bon fournisseur, au bon endroit, au bon moment.<\/p>\n<h2><u>Emplacement :<\/u><\/h2>\n<p>Le studio t\u00e9l\u00e9m\u00e9decine de l\u2019HGBG se trouve \u00e0 l\u2019unit\u00e9 de soins ambulatoires, \u00e0 l\u2019\u00e9tage inf\u00e9rieur de l\u2019h\u00f4pital. Les heures d\u2019ouverture sont pr\u00e9sentement de 8 h \u00e0 16 h le&nbsp;lundi \u00e0 vendredi.<\/p>\n<h2><u>Qu\u2019arrive-t-il lors d\u2019une consultation t\u00e9l\u00e9m\u00e9decine?<\/u><\/h2>\n<p>Un rendez-vous t\u00e9l\u00e9m\u00e9decine est similaire \u00e0 un examen m\u00e9dical ordinaire, sauf que le m\u00e9decin que vous consultez se trouve \u00e0 l&rsquo;\u00e9cran de t\u00e9l\u00e9vision. Le rendez-vous se d\u00e9roule dans une salle priv\u00e9e et l\u2019information est trait\u00e9e conform\u00e9ment aux directives de confidentialit\u00e9s strictes.<\/p>\n<p>Demandez \u00e0 votre fournisseur de soins de sant\u00e9 si la t\u00e9l\u00e9m\u00e9decine vous conviendrait. Votre m\u00e9decin de famille peut assurer le renvoi au RTO.<\/p>\n<p>Le RTO communique directement avec vous pour vous signaler la date et l\u2019heure de votre rendez-vous.<\/p>\n<p><a href=\"https:\/\/otn.ca\/\" target=\"_blank\" rel=\"noopener\">Pour plus de renseignements sur la t\u00e9l\u00e9m\u00e9decine, visitez le site Web du RTO.<\/a><\/p>\n<h2><u>Communiquez avec nous<\/u><\/h2>\n<h3>T\u00e9l\u00e9m\u00e9decine clinique<\/h3>\n<p>Lana Whittaker<br>T\u00e9l. : 705 526-1300 poste 5479<br>T\u00e9l\u00e9c. : 705 529-1036<br>Courriel : <a href=\"mailto:whittakerl@gbgh.on.ca\">whittakerl@gbgh.on.ca<\/a><\/p>\n<p><\/p>\t\t\t\t\t\t\t\t<\/div>\n\t\t\t\t\t<\/div>\n\t\t<\/div>\n\t\t\t\t\t<\/div>\n\t\t<\/section>\n\t\t\t\t<\/div>\n\t\t","protected":false},"excerpt":{"rendered":"<p>L\u2019H\u00f4pital g\u00e9n\u00e9ral de la baie Georgienne (HGBG) est membre du R\u00e9seau T\u00e9l\u00e9m\u00e9decine Ontario (RTO), vaste r\u00e9seau form\u00e9 de plus de 1 200 sites desservant la province de l\u2019Ontario et l\u2019un des plus importants r\u00e9seau du genre \u00e0 l\u2019\u00e9chelle mondiale. Le RTO offre l\u2019acc\u00e8s aux soins de sant\u00e9 aux patients dans chaque h\u00f4pital et des centaines [&hellip;]<\/p>\n","protected":false},"author":1,"featured_media":0,"parent":72,"menu_order":0,"comment_status":"closed","ping_status":"closed","template":"","meta":{"footnotes":""},"class_list":["post-518","page","type-page","status-publish","hentry"],"_links":{"self":[{"href":"https:\/\/gbgh.on.ca\/fr\/wp-json\/wp\/v2\/pages\/518","targetHints":{"allow":["GET"]}}],"collection":[{"href":"https:\/\/gbgh.on.ca\/fr\/wp-json\/wp\/v2\/pages"}],"about":[{"href":"https:\/\/gbgh.on.ca\/fr\/wp-json\/wp\/v2\/types\/page"}],"author":[{"embeddable":true,"href":"https:\/\/gbgh.on.ca\/fr\/wp-json\/wp\/v2\/users\/1"}],"replies":[{"embeddable":true,"href":"https:\/\/gbgh.on.ca\/fr\/wp-json\/wp\/v2\/comments?post=518"}],"version-history":[{"count":26,"href":"https:\/\/gbgh.on.ca\/fr\/wp-json\/wp\/v2\/pages\/518\/revisions"}],"predecessor-version":[{"id":4561,"href":"https:\/\/gbgh.on.ca\/fr\/wp-json\/wp\/v2\/pages\/518\/revisions\/4561"}],"up":[{"embeddable":true,"href":"https:\/\/gbgh.on.ca\/fr\/wp-json\/wp\/v2\/pages\/72"}],"wp:attachment":[{"href":"https:\/\/gbgh.on.ca\/fr\/wp-json\/wp\/v2\/media?parent=518"}],"curies":[{"name":"wp","href":"https:\/\/api.w.org\/{rel}","templated":true}]}}