{"id":492,"date":"2018-05-18T11:49:29","date_gmt":"2018-05-18T15:49:29","guid":{"rendered":"http:\/\/172.29.100.163:8080\/fr\/?page_id=492"},"modified":"2024-01-08T13:08:26","modified_gmt":"2024-01-08T18:08:26","slug":"planification-des-conges","status":"publish","type":"page","link":"https:\/\/gbgh.on.ca\/fr\/programmes-et-services\/planification-des-conges\/","title":{"rendered":"Planification des Cong\u00e9s"},"content":{"rendered":"<h2><span lang=\"fr\">Accueil<\/span><\/h2>\n<p><span lang=\"fr\">L&rsquo;heure de sortie est 10 h. Votre coop\u00e9ration pour prendre les dispositions appropri\u00e9es pour votre d\u00e9charge est tr\u00e8s appr\u00e9ci\u00e9e. Les professionnels de la planification des cong\u00e9s sont disponibles pour travailler avec vous, votre m\u00e9decin, d&rsquo;autres fournisseurs de soins de sant\u00e9 et les fournisseurs de services de sant\u00e9 communautaires pour d\u00e9terminer le soutien et l&rsquo;aide dont vous aurez besoin. <\/span><\/p>\n<p><span lang=\"fr\">S&rsquo;il vous pla\u00eet visitez le caissier \/ standard avant de partir pour payer tous les frais non couverts par votre assurance (par exemple, t\u00e9l\u00e9phone, location de t\u00e9l\u00e9vision, ambulance). Vous devriez \u00e9galement ramasser tous les objets de valeur pr\u00e9c\u00e9demment laiss\u00e9s pour la garde. <\/span><\/p>\n<p><span lang=\"fr\">Les patients \u00e0 l&rsquo;\u00e9tranger doivent payer tous les frais impay\u00e9s au moment de la sortie.<\/span><\/p>\n","protected":false},"excerpt":{"rendered":"<p>Accueil L&rsquo;heure de sortie est 10 h. Votre coop\u00e9ration pour prendre les dispositions appropri\u00e9es pour votre d\u00e9charge est tr\u00e8s appr\u00e9ci\u00e9e. Les professionnels de la planification des cong\u00e9s sont disponibles pour travailler avec vous, votre m\u00e9decin, d&rsquo;autres fournisseurs de soins de sant\u00e9 et les fournisseurs de services de sant\u00e9 communautaires pour d\u00e9terminer le soutien et l&rsquo;aide [&hellip;]<\/p>\n","protected":false},"author":1,"featured_media":0,"parent":72,"menu_order":0,"comment_status":"closed","ping_status":"closed","template":"","meta":{"footnotes":""},"class_list":["post-492","page","type-page","status-publish","hentry"],"_links":{"self":[{"href":"https:\/\/gbgh.on.ca\/fr\/wp-json\/wp\/v2\/pages\/492","targetHints":{"allow":["GET"]}}],"collection":[{"href":"https:\/\/gbgh.on.ca\/fr\/wp-json\/wp\/v2\/pages"}],"about":[{"href":"https:\/\/gbgh.on.ca\/fr\/wp-json\/wp\/v2\/types\/page"}],"author":[{"embeddable":true,"href":"https:\/\/gbgh.on.ca\/fr\/wp-json\/wp\/v2\/users\/1"}],"replies":[{"embeddable":true,"href":"https:\/\/gbgh.on.ca\/fr\/wp-json\/wp\/v2\/comments?post=492"}],"version-history":[{"count":4,"href":"https:\/\/gbgh.on.ca\/fr\/wp-json\/wp\/v2\/pages\/492\/revisions"}],"predecessor-version":[{"id":3805,"href":"https:\/\/gbgh.on.ca\/fr\/wp-json\/wp\/v2\/pages\/492\/revisions\/3805"}],"up":[{"embeddable":true,"href":"https:\/\/gbgh.on.ca\/fr\/wp-json\/wp\/v2\/pages\/72"}],"wp:attachment":[{"href":"https:\/\/gbgh.on.ca\/fr\/wp-json\/wp\/v2\/media?parent=492"}],"curies":[{"name":"wp","href":"https:\/\/api.w.org\/{rel}","templated":true}]}}