{"id":483,"date":"2018-05-17T15:30:32","date_gmt":"2018-05-17T19:30:32","guid":{"rendered":"http:\/\/172.29.100.163:8080\/fr\/?page_id=483"},"modified":"2022-07-22T15:15:58","modified_gmt":"2022-07-22T19:15:58","slug":"information-dietetique","status":"publish","type":"page","link":"https:\/\/gbgh.on.ca\/fr\/programmes-et-services\/information-dietetique\/","title":{"rendered":"Information Di\u00e9t\u00e9tique"},"content":{"rendered":"<p>Le Service de di\u00e9t\u00e9tique l\u2019HGBG dispose d\u2019un membre du personnel au centre d\u2019appel pour prendre vos commandes de repas. Pour les patients qui ne peuvent pas appeler la cuisine, un membre du centre d\u2019appel se rendra \u00e0 la chambre pour examiner le menu et placer les commandes. Les menus sont informatis\u00e9s; le personnel de cuisine prend la commande d\u00e8s que le patient la place. Nous offrons une rotation hebdomadaire du menu.<\/p>\n<p>Nous offrons aussi un service de caf\u00e9t\u00e9ria aux sites de Midland et de Penetanguishene pour la pause du matin et le repas du midi. Les caf\u00e9t\u00e9rias sont ferm\u00e9es pour le repas du soir (souper) et la fin de semaine. Vous pouvez utiliser la caf\u00e9t\u00e9ria m\u00eame si aucun service n\u2019est offert.<\/p>\n<p>Le personnel de chaque site compte une di\u00e9t\u00e9tiste pour \u00e9valuer les besoins des patients qui peuvent n\u00e9cessiter une \u00e9valuation ou intervention de nutrition clinique.<\/p>\n<p><span class=\"hps\">Midland<\/span> <span class=\"hps\">site<\/span> <span class=\"hps\">Caf\u00e9t\u00e9ria<\/span> <span class=\"hps\">Heures<\/span><br \/>\n9h 30\u00a0\u00e0 10h 30\u00a0et\u00a011h 30\u00a0\u00e0 1h 30<\/p>\n","protected":false},"excerpt":{"rendered":"<p>Le Service de di\u00e9t\u00e9tique l\u2019HGBG dispose d\u2019un membre du personnel au centre d\u2019appel pour prendre vos commandes de repas. Pour les patients qui ne peuvent pas appeler la cuisine, un membre du centre d\u2019appel se rendra \u00e0 la chambre pour examiner le menu et placer les commandes. Les menus sont informatis\u00e9s; le personnel de cuisine [&hellip;]<\/p>\n","protected":false},"author":1,"featured_media":0,"parent":72,"menu_order":0,"comment_status":"closed","ping_status":"closed","template":"","meta":{"footnotes":""},"class_list":["post-483","page","type-page","status-publish","hentry"],"_links":{"self":[{"href":"https:\/\/gbgh.on.ca\/fr\/wp-json\/wp\/v2\/pages\/483","targetHints":{"allow":["GET"]}}],"collection":[{"href":"https:\/\/gbgh.on.ca\/fr\/wp-json\/wp\/v2\/pages"}],"about":[{"href":"https:\/\/gbgh.on.ca\/fr\/wp-json\/wp\/v2\/types\/page"}],"author":[{"embeddable":true,"href":"https:\/\/gbgh.on.ca\/fr\/wp-json\/wp\/v2\/users\/1"}],"replies":[{"embeddable":true,"href":"https:\/\/gbgh.on.ca\/fr\/wp-json\/wp\/v2\/comments?post=483"}],"version-history":[{"count":4,"href":"https:\/\/gbgh.on.ca\/fr\/wp-json\/wp\/v2\/pages\/483\/revisions"}],"predecessor-version":[{"id":2609,"href":"https:\/\/gbgh.on.ca\/fr\/wp-json\/wp\/v2\/pages\/483\/revisions\/2609"}],"up":[{"embeddable":true,"href":"https:\/\/gbgh.on.ca\/fr\/wp-json\/wp\/v2\/pages\/72"}],"wp:attachment":[{"href":"https:\/\/gbgh.on.ca\/fr\/wp-json\/wp\/v2\/media?parent=483"}],"curies":[{"name":"wp","href":"https:\/\/api.w.org\/{rel}","templated":true}]}}