{"id":478,"date":"2018-05-17T10:23:01","date_gmt":"2018-05-17T14:23:01","guid":{"rendered":"http:\/\/172.29.100.163:8080\/fr\/?page_id=478"},"modified":"2022-07-21T13:05:35","modified_gmt":"2022-07-21T17:05:35","slug":"services-dhemodialyse","status":"publish","type":"page","link":"https:\/\/gbgh.on.ca\/fr\/programmes-et-services\/services-dhemodialyse\/","title":{"rendered":"Services d&rsquo;h\u00e9modialyse"},"content":{"rendered":"<p>L\u2019H\u00f4pital g\u00e9n\u00e9ral de la baie Georgienne exploite une unit\u00e9 de neuf postes au 611, boulevard Prospect.<\/p>\n<p>Cette unit\u00e9 satellite du programme r\u00e9gional d\u2019h\u00e9modialyse du <a href=\"http:\/\/www.osmh.on.ca\/\" target=\"_blank\" rel=\"noopener\" data-cke-saved-href=\"http:\/\/www.osmh.on.ca\/\">Orillia Soldiers Memorial Hospital<\/a> offre des s\u00e9ances d\u2019h\u00e9modialyse et un soutien aux dialys\u00e9s de la r\u00e9gion de Simcoe Nord.<\/p>\n","protected":false},"excerpt":{"rendered":"<p>L\u2019H\u00f4pital g\u00e9n\u00e9ral de la baie Georgienne exploite une unit\u00e9 de neuf postes au 611, boulevard Prospect. Cette unit\u00e9 satellite du programme r\u00e9gional d\u2019h\u00e9modialyse du Orillia Soldiers Memorial Hospital offre des s\u00e9ances d\u2019h\u00e9modialyse et un soutien aux dialys\u00e9s de la r\u00e9gion de Simcoe Nord.<\/p>\n","protected":false},"author":1,"featured_media":0,"parent":72,"menu_order":0,"comment_status":"closed","ping_status":"closed","template":"","meta":{"footnotes":""},"class_list":["post-478","page","type-page","status-publish","hentry"],"_links":{"self":[{"href":"https:\/\/gbgh.on.ca\/fr\/wp-json\/wp\/v2\/pages\/478","targetHints":{"allow":["GET"]}}],"collection":[{"href":"https:\/\/gbgh.on.ca\/fr\/wp-json\/wp\/v2\/pages"}],"about":[{"href":"https:\/\/gbgh.on.ca\/fr\/wp-json\/wp\/v2\/types\/page"}],"author":[{"embeddable":true,"href":"https:\/\/gbgh.on.ca\/fr\/wp-json\/wp\/v2\/users\/1"}],"replies":[{"embeddable":true,"href":"https:\/\/gbgh.on.ca\/fr\/wp-json\/wp\/v2\/comments?post=478"}],"version-history":[{"count":4,"href":"https:\/\/gbgh.on.ca\/fr\/wp-json\/wp\/v2\/pages\/478\/revisions"}],"predecessor-version":[{"id":2590,"href":"https:\/\/gbgh.on.ca\/fr\/wp-json\/wp\/v2\/pages\/478\/revisions\/2590"}],"up":[{"embeddable":true,"href":"https:\/\/gbgh.on.ca\/fr\/wp-json\/wp\/v2\/pages\/72"}],"wp:attachment":[{"href":"https:\/\/gbgh.on.ca\/fr\/wp-json\/wp\/v2\/media?parent=478"}],"curies":[{"name":"wp","href":"https:\/\/api.w.org\/{rel}","templated":true}]}}