{"id":4397,"date":"2025-01-29T10:08:32","date_gmt":"2025-01-29T15:08:32","guid":{"rendered":"https:\/\/gbgh.on.ca\/fr\/?page_id=4397"},"modified":"2025-01-29T10:19:45","modified_gmt":"2025-01-29T15:19:45","slug":"zootherapie-et-visites-danimaux-de-compagnie","status":"publish","type":"page","link":"https:\/\/gbgh.on.ca\/fr\/zootherapie-et-visites-danimaux-de-compagnie\/","title":{"rendered":"Zooth\u00e9rapie et visites d\u2019animaux de compagnie"},"content":{"rendered":"\t\t<div data-elementor-type=\"wp-page\" data-elementor-id=\"4397\" class=\"elementor elementor-4397\" data-elementor-post-type=\"page\">\n\t\t\t\t\t\t<section class=\"elementor-section elementor-top-section elementor-element elementor-element-cc7064f elementor-section-boxed elementor-section-height-default elementor-section-height-default\" data-id=\"cc7064f\" data-element_type=\"section\">\n\t\t\t\t\t\t<div class=\"elementor-container elementor-column-gap-default\">\n\t\t\t\t\t<div class=\"elementor-column elementor-col-100 elementor-top-column elementor-element elementor-element-a4c2dcb\" data-id=\"a4c2dcb\" data-element_type=\"column\">\n\t\t\t<div class=\"elementor-widget-wrap elementor-element-populated\">\n\t\t\t\t\t\t<div class=\"elementor-element elementor-element-9c5f82d elementor-widget elementor-widget-heading\" data-id=\"9c5f82d\" data-element_type=\"widget\" data-widget_type=\"heading.default\">\n\t\t\t\t\t<h2 class=\"elementor-heading-title elementor-size-default\">Visites d\u2019animaux de compagnie\n<\/h2>\t\t\t\t<\/div>\n\t\t\t\t<div class=\"elementor-element elementor-element-a1ff941 elementor-widget elementor-widget-text-editor\" data-id=\"a1ff941\" data-element_type=\"widget\" data-widget_type=\"text-editor.default\">\n\t\t\t\t\t\t\t\t\t<p>Dans le cadre de notre engagement \u00e0 offrir des soins de qualit\u00e9 sup\u00e9rieure ax\u00e9s sur la personne, nous sommes heureux d\u2019annoncer l\u2019introduction de programmes de zooth\u00e9rapie et de visites d\u2019animaux de compagnie.<\/p><p>La visite d\u2019animaux de compagnie est limit\u00e9e aux chats et aux chiens qui ont plus d\u2019un an, ont re\u00e7u tous les vaccins obligatoires et ont un temp\u00e9rament calme (ne pas aboyer, mordre, sauter ou pr\u00e9senter un comportement incontr\u00f4lable). Tout animal de compagnie en visite doit porter une laisse courte &#8211; ne d\u00e9passant pas 2 m\u00e8tres de longueur &#8211; et non pas une laisse r\u00e9tractable.<\/p><p>Tout autre type d\u2019animal doit obtenir l\u2019approbation de la coordination des b\u00e9n\u00e9voles et des stagiaires et du gestionnaire d\u2019unit\u00e9 et ce, uniquement dans des circonstances extr\u00eamement limit\u00e9es<\/p><p>Aucun animal\/animal de compagnie ne peut visiter l\u2019HGBG dans un d\u00e9lai d\u2019une semaine apr\u00e8s :<\/p><ul><li>des \u00e9pisodes de vomissement ou de diarrh\u00e9e;<\/li><li>l\u2019incontinence f\u00e9cale ou urinaire;<\/li><li>des \u00e9pisodes de toux ou d\u2019\u00e9ternuements d\u2019origine inconnue;<\/li><li>des plaies ouvertes;<\/li><li>une otite;<\/li><li>une infection dermatologique;<\/li><li>des infestations par les tiques, les puces ou autres.<\/li><\/ul><p>Si vous souhaitez apporter votre animal de compagnie pour visiter un patient, veuillez remplir le formulaire de demande <a href=\"https:\/\/forms.office.com\/pages\/responsepage.aspx?id=egdqZk4EREO4Qn-z0PlQfog60-D0TFVGo-VpteS0PqJUQlVQQjY1VDdVQ0ZEVzc4VTg4SzFTTEcxWS4u&amp;origin=QRCode&amp;route=shorturl\" target=\"_blank\" rel=\"noopener\">ici<\/a>.<\/p><p>Il est interdit d\u2019introduire les animaux de compagnie dans l\u2019HGBG sans avoir rempli le formulaire de demande et obtenu l\u2019approbation. Un membre du personnel de gestion ou de supervision accordera l\u2019approbation et vous remettra une plaque d\u2019identit\u00e9 d\u2019animal de compagnie approuv\u00e9 de l\u2019HGBG que l\u2019animal doit porter \u00e0 chaque visite.<\/p><p>Si vous avez des questions ou des pr\u00e9occupations, veuillez communiquer avec :<br \/>Rachel Jennings<br \/><a href=\"tel:7054274298\">705 427-4298<\/a><br \/><a href=\"mailto:jenningsr@gbgh.on.ca\">jenningsr@gbgh.on.ca<\/a><\/p>\t\t\t\t\t\t\t\t<\/div>\n\t\t\t\t\t<\/div>\n\t\t<\/div>\n\t\t\t\t\t<\/div>\n\t\t<\/section>\n\t\t\t\t<section class=\"elementor-section elementor-top-section elementor-element elementor-element-b4ce70a elementor-section-boxed elementor-section-height-default elementor-section-height-default\" data-id=\"b4ce70a\" data-element_type=\"section\">\n\t\t\t\t\t\t<div class=\"elementor-container elementor-column-gap-default\">\n\t\t\t\t\t<div class=\"elementor-column elementor-col-100 elementor-top-column elementor-element elementor-element-090f851\" data-id=\"090f851\" data-element_type=\"column\">\n\t\t\t<div class=\"elementor-widget-wrap elementor-element-populated\">\n\t\t\t\t\t\t<div class=\"elementor-element elementor-element-fa3e5cb elementor-widget elementor-widget-heading\" data-id=\"fa3e5cb\" data-element_type=\"widget\" data-widget_type=\"heading.default\">\n\t\t\t\t\t<h2 class=\"elementor-heading-title elementor-size-default\">Animaux d\u2019assistance<\/h2>\t\t\t\t<\/div>\n\t\t\t\t<div class=\"elementor-element elementor-element-c063232 elementor-widget elementor-widget-text-editor\" data-id=\"c063232\" data-element_type=\"widget\" data-widget_type=\"text-editor.default\">\n\t\t\t\t\t\t\t\t\t<p>Dans le cas d\u2019animaux d\u2019assistance, il n\u2019est pas n\u00e9cessaire d\u2019obtenir l\u2019approbation au pr\u00e9alable. Nous encourageons tout patient qui prend rendez-vous et qui est accompagn\u00e9 d\u2019un animal d\u2019assistance d\u2019en informer l\u2019\u00e9quipe de soins \u00e0 l\u2019avance. L\u2019\u00e9quipe peut demander de voir les documents confirmant le statut de l\u2019animal d\u2019assistance; dans ce cas, vous devez les pr\u00e9senter. Tout animal d\u2019assistance doit porter une pi\u00e8ce d\u2019identit\u00e9. Le dossier du patient devrait renfermer les documents concernant le r\u00f4le de l\u2019animal d\u2019assistance.<\/p>\t\t\t\t\t\t\t\t<\/div>\n\t\t\t\t\t<\/div>\n\t\t<\/div>\n\t\t\t\t\t<\/div>\n\t\t<\/section>\n\t\t\t\t<\/div>\n\t\t","protected":false},"excerpt":{"rendered":"<p>Visites d\u2019animaux de compagnie Dans le cadre de notre engagement \u00e0 offrir des soins de qualit\u00e9 sup\u00e9rieure ax\u00e9s sur la personne, nous sommes heureux d\u2019annoncer l\u2019introduction de programmes de zooth\u00e9rapie et de visites d\u2019animaux de compagnie. La visite d\u2019animaux de compagnie est limit\u00e9e aux chats et aux chiens qui ont plus d\u2019un an, ont re\u00e7u [&hellip;]<\/p>\n","protected":false},"author":3,"featured_media":0,"parent":0,"menu_order":0,"comment_status":"closed","ping_status":"closed","template":"","meta":{"footnotes":""},"class_list":["post-4397","page","type-page","status-publish","hentry"],"_links":{"self":[{"href":"https:\/\/gbgh.on.ca\/fr\/wp-json\/wp\/v2\/pages\/4397","targetHints":{"allow":["GET"]}}],"collection":[{"href":"https:\/\/gbgh.on.ca\/fr\/wp-json\/wp\/v2\/pages"}],"about":[{"href":"https:\/\/gbgh.on.ca\/fr\/wp-json\/wp\/v2\/types\/page"}],"author":[{"embeddable":true,"href":"https:\/\/gbgh.on.ca\/fr\/wp-json\/wp\/v2\/users\/3"}],"replies":[{"embeddable":true,"href":"https:\/\/gbgh.on.ca\/fr\/wp-json\/wp\/v2\/comments?post=4397"}],"version-history":[{"count":10,"href":"https:\/\/gbgh.on.ca\/fr\/wp-json\/wp\/v2\/pages\/4397\/revisions"}],"predecessor-version":[{"id":4408,"href":"https:\/\/gbgh.on.ca\/fr\/wp-json\/wp\/v2\/pages\/4397\/revisions\/4408"}],"wp:attachment":[{"href":"https:\/\/gbgh.on.ca\/fr\/wp-json\/wp\/v2\/media?parent=4397"}],"curies":[{"name":"wp","href":"https:\/\/api.w.org\/{rel}","templated":true}]}}