{"id":430,"date":"2018-05-08T08:52:32","date_gmt":"2018-05-08T12:52:32","guid":{"rendered":"http:\/\/172.29.100.163:8080\/fr\/?page_id=430"},"modified":"2021-12-15T15:25:20","modified_gmt":"2021-12-15T20:25:20","slug":"services-medicaux","status":"publish","type":"page","link":"https:\/\/gbgh.on.ca\/fr\/programmes-et-services\/services-medicaux\/","title":{"rendered":"Services m\u00e9dicaux"},"content":{"rendered":"<p>Apr\u00e8s la chirurgie ou \u00e0 l\u2019admission \u00e0 l\u2019h\u00f4pital en raison de maladie, vous serez admis soit \u00e0 l\u2019unit\u00e9 de m\u00e9decine, section 2 East, ou \u00e0 l\u2019unit\u00e9 de chirurgie\/obst\u00e9trique, section 2 North au site de Midland. Il s\u2019agit d\u2019unit\u00e9s de soins actifs qui comptent 69 lits en tout.<\/p>\n<p>Les deux unit\u00e9s se trouvent au rez-de-chauss\u00e9e du site de Midland, \u00e0 proximit\u00e9 de l\u2019entr\u00e9e principale.<\/p>\n<p>Les soins sont administr\u00e9s par les m\u00e9decins, le personnel infirmier autoris\u00e9, le personnel infirmier praticien autoris\u00e9, les ressources pour diab\u00e8tes, et les travailleurs en soins palliatifs et de soutien \u00e0 l\u2019unit\u00e9. L\u2019\u00e9quipe de soins de sant\u00e9 est appuy\u00e9e par les services de pharmacie, de soins respiratoires, de di\u00e9t\u00e9tique, d\u2019information ainsi que le personnel d\u2019entretien m\u00e9nager.<\/p>\n","protected":false},"excerpt":{"rendered":"<p>Apr\u00e8s la chirurgie ou \u00e0 l\u2019admission \u00e0 l\u2019h\u00f4pital en raison de maladie, vous serez admis soit \u00e0 l\u2019unit\u00e9 de m\u00e9decine, section 2 East, ou \u00e0 l\u2019unit\u00e9 de chirurgie\/obst\u00e9trique, section 2 North au site de Midland. Il s\u2019agit d\u2019unit\u00e9s de soins actifs qui comptent 69 lits en tout. Les deux unit\u00e9s se trouvent au rez-de-chauss\u00e9e du [&hellip;]<\/p>\n","protected":false},"author":1,"featured_media":0,"parent":72,"menu_order":0,"comment_status":"closed","ping_status":"closed","template":"","meta":{"footnotes":""},"class_list":["post-430","page","type-page","status-publish","hentry"],"_links":{"self":[{"href":"https:\/\/gbgh.on.ca\/fr\/wp-json\/wp\/v2\/pages\/430","targetHints":{"allow":["GET"]}}],"collection":[{"href":"https:\/\/gbgh.on.ca\/fr\/wp-json\/wp\/v2\/pages"}],"about":[{"href":"https:\/\/gbgh.on.ca\/fr\/wp-json\/wp\/v2\/types\/page"}],"author":[{"embeddable":true,"href":"https:\/\/gbgh.on.ca\/fr\/wp-json\/wp\/v2\/users\/1"}],"replies":[{"embeddable":true,"href":"https:\/\/gbgh.on.ca\/fr\/wp-json\/wp\/v2\/comments?post=430"}],"version-history":[{"count":3,"href":"https:\/\/gbgh.on.ca\/fr\/wp-json\/wp\/v2\/pages\/430\/revisions"}],"predecessor-version":[{"id":2270,"href":"https:\/\/gbgh.on.ca\/fr\/wp-json\/wp\/v2\/pages\/430\/revisions\/2270"}],"up":[{"embeddable":true,"href":"https:\/\/gbgh.on.ca\/fr\/wp-json\/wp\/v2\/pages\/72"}],"wp:attachment":[{"href":"https:\/\/gbgh.on.ca\/fr\/wp-json\/wp\/v2\/media?parent=430"}],"curies":[{"name":"wp","href":"https:\/\/api.w.org\/{rel}","templated":true}]}}