{"id":4294,"date":"2024-11-27T10:23:34","date_gmt":"2024-11-27T15:23:34","guid":{"rendered":"https:\/\/gbgh.on.ca\/fr\/?page_id=4294"},"modified":"2024-11-27T10:28:37","modified_gmt":"2024-11-27T15:28:37","slug":"reconnaissance-du-territoire-hgbg","status":"publish","type":"page","link":"https:\/\/gbgh.on.ca\/fr\/a-propos-de-nous\/reconnaissance-du-territoire-hgbg\/","title":{"rendered":"Reconnaissance du territoire HGBG"},"content":{"rendered":"\t\t<div data-elementor-type=\"wp-page\" data-elementor-id=\"4294\" class=\"elementor elementor-4294\" data-elementor-post-type=\"page\">\n\t\t\t\t\t\t<section class=\"elementor-section elementor-top-section elementor-element elementor-element-e120eb8 elementor-section-boxed elementor-section-height-default elementor-section-height-default\" data-id=\"e120eb8\" data-element_type=\"section\">\n\t\t\t\t\t\t<div class=\"elementor-container elementor-column-gap-default\">\n\t\t\t\t\t<div class=\"elementor-column elementor-col-100 elementor-top-column elementor-element elementor-element-f8f9cf2\" data-id=\"f8f9cf2\" data-element_type=\"column\">\n\t\t\t<div class=\"elementor-widget-wrap elementor-element-populated\">\n\t\t\t\t\t\t<div class=\"elementor-element elementor-element-8e0895c elementor-widget elementor-widget-video\" data-id=\"8e0895c\" data-element_type=\"widget\" data-settings=\"{&quot;youtube_url&quot;:&quot;https:\\\/\\\/www.youtube.com\\\/watch?v=qo9HnuTXct8&quot;,&quot;yt_privacy&quot;:&quot;yes&quot;,&quot;video_type&quot;:&quot;youtube&quot;,&quot;controls&quot;:&quot;yes&quot;}\" data-widget_type=\"video.default\">\n\t\t\t\t\t\t\t<div class=\"elementor-wrapper elementor-open-inline\">\n\t\t\t<div class=\"elementor-video\"><\/div>\t\t<\/div>\n\t\t\t\t\t\t<\/div>\n\t\t\t\t<div class=\"elementor-element elementor-element-fed895d elementor-widget elementor-widget-text-editor\" data-id=\"fed895d\" data-element_type=\"widget\" data-widget_type=\"text-editor.default\">\n\t\t\t\t\t\t\t\t\t<p>L\u2019H\u00f4pital g\u00e9n\u00e9ral de la baie Georgienne reconna\u00eet que la terre sur laquelle il se trouve est situ\u00e9 sur le territoire traditionnel du peuple Anishinabek. Nous reconnaissons que cet emplacement repose sur les terres ancestrales des territoires du Trait\u00e9 de Coldwater-Narrows et des Trait\u00e9s Williams. Nous reconnaissons les membres et les familles actuelles et ant\u00e9rieures de la Premi\u00e8re nation d\u2019Alderville, de la Premi\u00e8re nation Beausoleil, de la Premi\u00e8re nation de Curve Lake, de la Premi\u00e8re nation de Georgina Island, de la Premi\u00e8re nation Hiawatha, de la Premi\u00e8re nation de Nawash, de la Premi\u00e8re nation de Rama et de la Premi\u00e8re nation de Scugog Island.<\/p><p>L\u2019H\u00f4pital g\u00e9n\u00e9ral de la baie Georgienne s\u2019efforcera d\u2019unifier la relation entre les personnes autochtones et non-autochtones. Nous cernerons les lacunes dans les services de sant\u00e9 et \u00e9tablirons des buts mesurables relatifs aux r\u00e9sultats de sant\u00e9 entre collectivit\u00e9s autochtones et non-autochtones.<\/p><p>Nous nous engageons \u00e0 \u0153uvrer \u00e0 l\u2019\u00e9galit\u00e9 tout en traitant tous les patients avec respect, compassion, compr\u00e9hension et empathie sans pr\u00e9jug\u00e9 ni racisme. Nous saisissons l\u2019occasion de partager les connaissances en vue d\u2019am\u00e9liorer notre alliance \u00e0 fournir des services de soins de sant\u00e9 culturellement adapt\u00e9s \u00e0 tous les patients des Premi\u00e8res nations, des M\u00e9tis et des Inuits.<\/p>\t\t\t\t\t\t\t\t<\/div>\n\t\t\t\t\t<\/div>\n\t\t<\/div>\n\t\t\t\t\t<\/div>\n\t\t<\/section>\n\t\t\t\t<\/div>\n\t\t","protected":false},"excerpt":{"rendered":"<p>L\u2019H\u00f4pital g\u00e9n\u00e9ral de la baie Georgienne reconna\u00eet que la terre sur laquelle il se trouve est situ\u00e9 sur le territoire traditionnel du peuple Anishinabek. Nous reconnaissons que cet emplacement repose sur les terres ancestrales des territoires du Trait\u00e9 de Coldwater-Narrows et des Trait\u00e9s Williams. Nous reconnaissons les membres et les familles actuelles et ant\u00e9rieures de [&hellip;]<\/p>\n","protected":false},"author":3,"featured_media":0,"parent":136,"menu_order":0,"comment_status":"closed","ping_status":"closed","template":"","meta":{"footnotes":""},"class_list":["post-4294","page","type-page","status-publish","hentry"],"_links":{"self":[{"href":"https:\/\/gbgh.on.ca\/fr\/wp-json\/wp\/v2\/pages\/4294","targetHints":{"allow":["GET"]}}],"collection":[{"href":"https:\/\/gbgh.on.ca\/fr\/wp-json\/wp\/v2\/pages"}],"about":[{"href":"https:\/\/gbgh.on.ca\/fr\/wp-json\/wp\/v2\/types\/page"}],"author":[{"embeddable":true,"href":"https:\/\/gbgh.on.ca\/fr\/wp-json\/wp\/v2\/users\/3"}],"replies":[{"embeddable":true,"href":"https:\/\/gbgh.on.ca\/fr\/wp-json\/wp\/v2\/comments?post=4294"}],"version-history":[{"count":6,"href":"https:\/\/gbgh.on.ca\/fr\/wp-json\/wp\/v2\/pages\/4294\/revisions"}],"predecessor-version":[{"id":4301,"href":"https:\/\/gbgh.on.ca\/fr\/wp-json\/wp\/v2\/pages\/4294\/revisions\/4301"}],"up":[{"embeddable":true,"href":"https:\/\/gbgh.on.ca\/fr\/wp-json\/wp\/v2\/pages\/136"}],"wp:attachment":[{"href":"https:\/\/gbgh.on.ca\/fr\/wp-json\/wp\/v2\/media?parent=4294"}],"curies":[{"name":"wp","href":"https:\/\/api.w.org\/{rel}","templated":true}]}}