{"id":404,"date":"2018-05-01T14:01:15","date_gmt":"2018-05-01T18:01:15","guid":{"rendered":"http:\/\/172.29.100.163:8080\/fr\/?page_id=404"},"modified":"2024-01-05T16:34:05","modified_gmt":"2024-01-05T21:34:05","slug":"section-du-personnel","status":"publish","type":"page","link":"https:\/\/gbgh.on.ca\/fr\/section-du-personnel\/","title":{"rendered":"Section du personnel"},"content":{"rendered":"\t\t<div data-elementor-type=\"wp-page\" data-elementor-id=\"404\" class=\"elementor elementor-404\" data-elementor-post-type=\"page\">\n\t\t\t\t\t\t<section class=\"elementor-section elementor-top-section elementor-element elementor-element-2361134 elementor-section-content-middle elementor-section-boxed elementor-section-height-default elementor-section-height-default\" data-id=\"2361134\" data-element_type=\"section\">\n\t\t\t\t\t\t<div class=\"elementor-container elementor-column-gap-no\">\n\t\t\t\t\t<div class=\"elementor-column elementor-col-100 elementor-top-column elementor-element elementor-element-c4d971d\" data-id=\"c4d971d\" data-element_type=\"column\">\n\t\t\t<div class=\"elementor-widget-wrap elementor-element-populated\">\n\t\t\t\t\t\t<div class=\"elementor-element elementor-element-7e3c454 elementor-widget elementor-widget-text-editor\" data-id=\"7e3c454\" data-element_type=\"widget\" data-widget_type=\"text-editor.default\">\n\t\t\t\t\t\t\t\t\t<p>Bienvenue dans l\u2019espace de personnel de l\u2019H\u00f4pital g\u00e9n\u00e9ral de la baie Georgienne. Ci-dessous vous trouverez des liens utiles disponibles au personnel de GBGH. Ces zones sont prot\u00e9g\u00e9s par mot. Le personnel sera n\u00e9cessaire pour entrer leur nom d\u2019utilisateur et mot de passe pour vous connecter \u00e0 ces services.<\/p>\t\t\t\t\t\t\t\t<\/div>\n\t\t\t\t\t<\/div>\n\t\t<\/div>\n\t\t\t\t\t<\/div>\n\t\t<\/section>\n\t\t\t\t<section class=\"elementor-section elementor-top-section elementor-element elementor-element-daeed6e elementor-section-content-middle elementor-section-boxed elementor-section-height-default elementor-section-height-default\" data-id=\"daeed6e\" data-element_type=\"section\">\n\t\t\t\t\t\t<div class=\"elementor-container elementor-column-gap-default\">\n\t\t\t\t\t<div class=\"elementor-column elementor-col-50 elementor-top-column elementor-element elementor-element-c41bb84\" data-id=\"c41bb84\" data-element_type=\"column\">\n\t\t\t<div class=\"elementor-widget-wrap elementor-element-populated\">\n\t\t\t\t\t\t<div class=\"elementor-element elementor-element-5d8d83c elementor-widget elementor-widget-image\" data-id=\"5d8d83c\" data-element_type=\"widget\" data-widget_type=\"image.default\">\n\t\t\t\t\t\t\t\t\t\t\t\t\t\t\t\t<a href=\"https:\/\/gbgh.on.ca\/fr\/personnel-de-la-section\/ressources-sur-le-bien-etre\/\">\n\t\t\t\t\t\t\t<img decoding=\"async\" src=\"https:\/\/gbgh.on.ca\/fr\/gbghmedia\/elementor\/thumbs\/GBGH-Wellness-Committee-logo-orici1bkwtn63w4l3xewfqchi3sufqu7ay94qyk3dc.jpg\" title=\"GBGH Wellness Committee logo\" alt=\"Logo du Comit\u00e9 de bien-\u00eatre de l\u2019HGBG : Spirituel, physique, \u00e9motionnel. Pr\u00e9server le bien-\u00eatre ensemble.\" loading=\"lazy\" \/>\t\t\t\t\t\t\t\t<\/a>\n\t\t\t\t\t\t\t\t\t\t\t\t\t\t\t<\/div>\n\t\t\t\t\t<\/div>\n\t\t<\/div>\n\t\t\t\t<div class=\"elementor-column elementor-col-50 elementor-top-column elementor-element elementor-element-310b1f2\" data-id=\"310b1f2\" data-element_type=\"column\">\n\t\t\t<div class=\"elementor-widget-wrap elementor-element-populated\">\n\t\t\t\t\t\t<div class=\"elementor-element elementor-element-b0fd1ab elementor-widget elementor-widget-text-editor\" data-id=\"b0fd1ab\" data-element_type=\"widget\" data-widget_type=\"text-editor.default\">\n\t\t\t\t\t\t\t\t\t<h2><a href=\"https:\/\/gbgh.on.ca\/fr\/personnel-de-la-section\/ressources-sur-le-bien-etre\/\"><span style=\"color: #045077;\">Ressources sur le bien-\u00eatre pour le personnel d\u2019HGBG<\/span><\/a><\/h2>\nLe comit\u00e9 bien-\u00eatre de l\u2019HGBG a pr\u00e9par\u00e9 une compilation de ressources sur le bien-\u00eatre pour le bien-\u00eatre du personnel et du corps professionnel.\t\t\t\t\t\t\t\t<\/div>\n\t\t\t\t\t<\/div>\n\t\t<\/div>\n\t\t\t\t\t<\/div>\n\t\t<\/section>\n\t\t\t\t<section class=\"elementor-section elementor-top-section elementor-element elementor-element-31f374d elementor-section-content-middle elementor-section-boxed elementor-section-height-default elementor-section-height-default\" data-id=\"31f374d\" data-element_type=\"section\">\n\t\t\t\t\t\t<div class=\"elementor-container elementor-column-gap-default\">\n\t\t\t\t\t<div class=\"elementor-column elementor-col-50 elementor-top-column elementor-element elementor-element-1132190\" data-id=\"1132190\" data-element_type=\"column\">\n\t\t\t<div class=\"elementor-widget-wrap elementor-element-populated\">\n\t\t\t\t\t\t<div class=\"elementor-element elementor-element-5251d49 elementor-widget elementor-widget-image\" data-id=\"5251d49\" data-element_type=\"widget\" data-widget_type=\"image.default\">\n\t\t\t\t\t\t\t\t\t\t\t\t\t\t\t<img decoding=\"async\" src=\"https:\/\/gbgh.on.ca\/fr\/gbghmedia\/elementor\/thumbs\/Care-4-Logo-colour-CMYK-1-pn2n9ifylt3511hctmuegsy1b3e03tfp1bwcjdztjc.jpg\" title=\"Care-4-Logo-colour-CMYK (1)\" alt=\"Connexion Acc\u00e8s R\u00e9gional \u00c9change\" loading=\"lazy\" \/>\t\t\t\t\t\t\t\t\t\t\t\t\t\t\t<\/div>\n\t\t\t\t\t<\/div>\n\t\t<\/div>\n\t\t\t\t<div class=\"elementor-column elementor-col-50 elementor-top-column elementor-element elementor-element-c1ba31f\" data-id=\"c1ba31f\" data-element_type=\"column\">\n\t\t\t<div class=\"elementor-widget-wrap elementor-element-populated\">\n\t\t\t\t\t\t<div class=\"elementor-element elementor-element-a75ac95 elementor-widget elementor-widget-text-editor\" data-id=\"a75ac95\" data-element_type=\"widget\" data-widget_type=\"text-editor.default\">\n\t\t\t\t\t\t\t\t\t<h2>Acc\u00e9der \u00e0 Dragon Dictation \u00e0 distance (\u00e0 partir d\u2019un appareil mobile)\u00a0:<\/h2><p><a href=\"https:\/\/dragonmedicalone.nuance.ca\/PowerMicMobile\/e1c89502-dc19-4f0a-9965-13039265bba2\/index.html\" target=\"_blank\" rel=\"noopener\">Dragon Dictation sur Apple (iOS)<\/a><\/p><p><a href=\"http:\/\/config_\/?NmsToken=NEEwMzg4OEUtMENDMS00QzExLTlDNzctNjE2OEFGRDc3RTkx&amp;NmsBaseUrl=nms-ca.nuancehdp.com\" target=\"_blank\" rel=\"noopener\">Dragon Dictation sur Android<\/a><\/p>\t\t\t\t\t\t\t\t<\/div>\n\t\t\t\t\t<\/div>\n\t\t<\/div>\n\t\t\t\t\t<\/div>\n\t\t<\/section>\n\t\t\t\t<section class=\"elementor-section elementor-top-section elementor-element elementor-element-163b28a elementor-section-content-middle elementor-section-boxed elementor-section-height-default elementor-section-height-default\" data-id=\"163b28a\" data-element_type=\"section\">\n\t\t\t\t\t\t<div class=\"elementor-container elementor-column-gap-default\">\n\t\t\t\t\t<div class=\"elementor-column elementor-col-50 elementor-top-column elementor-element elementor-element-6c76ed0\" data-id=\"6c76ed0\" data-element_type=\"column\">\n\t\t\t<div class=\"elementor-widget-wrap elementor-element-populated\">\n\t\t\t\t\t\t<div class=\"elementor-element elementor-element-3fc1bac elementor-widget elementor-widget-image\" data-id=\"3fc1bac\" data-element_type=\"widget\" data-widget_type=\"image.default\">\n\t\t\t\t\t\t\t\t\t\t\t\t\t\t\t\t<a href=\"https:\/\/portal.office.com\" target=\"_blank\">\n\t\t\t\t\t\t\t<img decoding=\"async\" src=\"\/gbghmedia\/logo-OWA.png\" title=\"\" alt=\"Logo de l\u2019application Outlook Web App\" loading=\"lazy\" \/>\t\t\t\t\t\t\t\t<\/a>\n\t\t\t\t\t\t\t\t\t\t\t\t\t\t\t<\/div>\n\t\t\t\t\t<\/div>\n\t\t<\/div>\n\t\t\t\t<div class=\"elementor-column elementor-col-50 elementor-top-column elementor-element elementor-element-50fda72\" data-id=\"50fda72\" data-element_type=\"column\">\n\t\t\t<div class=\"elementor-widget-wrap elementor-element-populated\">\n\t\t\t\t\t\t<div class=\"elementor-element elementor-element-6f5d865 elementor-widget elementor-widget-text-editor\" data-id=\"6f5d865\" data-element_type=\"widget\" data-widget_type=\"text-editor.default\">\n\t\t\t\t\t\t\t\t\t<h2><a href=\"https:\/\/portal.office.com\" target=\"_blank\" rel=\"noopener\"><span style=\"color: #045077;\">GBGH personnel Outlook Web Access Email<\/span><\/a><\/h2><p>Le GBGH personnel Outlook Web Access Email lien ci-dessous permet au personnel d&rsquo;acc\u00e9der \u00e0 leur GBGH email \u00e0 l&rsquo;h\u00f4pital depuis n&rsquo;importe quel navigateur \u00e0 tout moment. Pour vous connecter \u00e0 votre e-mail, s&rsquo;il vous pla\u00eet utiliser vos informations d&rsquo;identification r\u00e9seau de l&rsquo;h\u00f4pital de connexion.<\/p>\t\t\t\t\t\t\t\t<\/div>\n\t\t\t\t\t<\/div>\n\t\t<\/div>\n\t\t\t\t\t<\/div>\n\t\t<\/section>\n\t\t\t\t<section class=\"elementor-section elementor-top-section elementor-element elementor-element-eb367a9 elementor-section-content-middle elementor-section-boxed elementor-section-height-default elementor-section-height-default\" data-id=\"eb367a9\" data-element_type=\"section\">\n\t\t\t\t\t\t<div class=\"elementor-container elementor-column-gap-default\">\n\t\t\t\t\t<div class=\"elementor-column elementor-col-50 elementor-top-column elementor-element elementor-element-6090aa8\" data-id=\"6090aa8\" data-element_type=\"column\">\n\t\t\t<div class=\"elementor-widget-wrap elementor-element-populated\">\n\t\t\t\t\t\t<div class=\"elementor-element elementor-element-279d12f elementor-widget elementor-widget-image\" data-id=\"279d12f\" data-element_type=\"widget\" data-widget_type=\"image.default\">\n\t\t\t\t\t\t\t\t\t\t\t\t\t\t\t\t<a href=\"http:\/\/georgianbaylms.medworxx.com\" target=\"_blank\">\n\t\t\t\t\t\t\t<img decoding=\"async\" src=\"\/gbghmedia\/logo-medworxx.png\" title=\"\" alt=\"Logo Medworxx\" loading=\"lazy\" \/>\t\t\t\t\t\t\t\t<\/a>\n\t\t\t\t\t\t\t\t\t\t\t\t\t\t\t<\/div>\n\t\t\t\t\t<\/div>\n\t\t<\/div>\n\t\t\t\t<div class=\"elementor-column elementor-col-50 elementor-top-column elementor-element elementor-element-05bad8f\" data-id=\"05bad8f\" data-element_type=\"column\">\n\t\t\t<div class=\"elementor-widget-wrap elementor-element-populated\">\n\t\t\t\t\t\t<div class=\"elementor-element elementor-element-7556357 elementor-widget elementor-widget-text-editor\" data-id=\"7556357\" data-element_type=\"widget\" data-widget_type=\"text-editor.default\">\n\t\t\t\t\t\t\t\t\t<h2><a href=\"http:\/\/georgianbaylms.medworxx.com\" target=\"_blank\" rel=\"noopener\"><span style=\"color: #045077;\">Syst\u00e8me d&rsquo;apprentissage GBGH Medworxx en ligne<\/span><\/a><\/h2><p>Portail de formation en lignepour le personnel, les b\u00e9n\u00e9voles et GBGH m\u00e9decins. Le lien ci-dessous permet de personnel GBGH, les b\u00e9n\u00e9voles et les m\u00e9decins d&rsquo;acc\u00e9der au syst\u00e8me d&rsquo;apprentissage GBGH en ligne de la maison. La zone est sensible et le mot de passe des utilisateurs GBGH n\u00e9cessite un mot de passe pour acc\u00e9der \u00e0 leurs plans d&rsquo;apprentissage individuels.<\/p>\t\t\t\t\t\t\t\t<\/div>\n\t\t\t\t\t<\/div>\n\t\t<\/div>\n\t\t\t\t\t<\/div>\n\t\t<\/section>\n\t\t\t\t<section class=\"elementor-section elementor-top-section elementor-element elementor-element-050e542 elementor-section-content-middle elementor-section-boxed elementor-section-height-default elementor-section-height-default\" data-id=\"050e542\" data-element_type=\"section\">\n\t\t\t\t\t\t<div class=\"elementor-container elementor-column-gap-default\">\n\t\t\t\t\t<div class=\"elementor-column elementor-col-50 elementor-top-column elementor-element elementor-element-b18fd20\" data-id=\"b18fd20\" data-element_type=\"column\">\n\t\t\t<div class=\"elementor-widget-wrap elementor-element-populated\">\n\t\t\t\t\t\t<div class=\"elementor-element elementor-element-b81949a elementor-widget elementor-widget-image\" data-id=\"b81949a\" data-element_type=\"widget\" data-widget_type=\"image.default\">\n\t\t\t\t\t\t\t\t\t\t\t\t\t\t\t\t<a href=\"http:\/\/georgianbaylms.medworxx.com\" target=\"_blank\">\n\t\t\t\t\t\t\t<img decoding=\"async\" src=\"\/gbghmedia\/logo-e-learning.jpg\" title=\"\" alt=\"Formation et apprentissage \u00e9lectronique. Image d\u2019un cerveau branch\u00e9 \u00e0 un ordinateur.\" loading=\"lazy\" \/>\t\t\t\t\t\t\t\t<\/a>\n\t\t\t\t\t\t\t\t\t\t\t\t\t\t\t<\/div>\n\t\t\t\t\t<\/div>\n\t\t<\/div>\n\t\t\t\t<div class=\"elementor-column elementor-col-50 elementor-top-column elementor-element elementor-element-065c001\" data-id=\"065c001\" data-element_type=\"column\">\n\t\t\t<div class=\"elementor-widget-wrap elementor-element-populated\">\n\t\t\t\t\t\t<div class=\"elementor-element elementor-element-5e8c3ae elementor-widget elementor-widget-text-editor\" data-id=\"5e8c3ae\" data-element_type=\"widget\" data-widget_type=\"text-editor.default\">\n\t\t\t\t\t\t\t\t\t<h2>Formation en ligne et ressources d&rsquo;apprentissage en ligne<\/h2><ul><li><a href=\"http:\/\/nurses.transfusionontario.org\/\" target=\"_blank\" rel=\"noopener\">L\u2019administration du sang sans difficult\u00e9<\/a><\/li><li><a href=\"http:\/\/www.giftoflife.on.ca\/en\/professionals.htm#hp-contedu\" target=\"_blank\" rel=\"noopener\">R\u00e9seau Trillium pour le don de vie<\/a><\/li><li><a href=\"\/gbghdocs\/GBGH-lifts-education.pdf\" target=\"_blank\" rel=\"noopener\">Programme Safe Lift, Transfer and Repositioning<\/a><\/li><\/ul>\t\t\t\t\t\t\t\t<\/div>\n\t\t\t\t\t<\/div>\n\t\t<\/div>\n\t\t\t\t\t<\/div>\n\t\t<\/section>\n\t\t\t\t<\/div>\n\t\t","protected":false},"excerpt":{"rendered":"<p>Bienvenue dans l\u2019espace de personnel de l\u2019H\u00f4pital g\u00e9n\u00e9ral de la baie Georgienne. Ci-dessous vous trouverez des liens utiles disponibles au personnel de GBGH. Ces zones sont prot\u00e9g\u00e9s par mot. Le personnel sera n\u00e9cessaire pour entrer leur nom d\u2019utilisateur et mot de passe pour vous connecter \u00e0 ces services. Ressources sur le bien-\u00eatre pour le personnel [&hellip;]<\/p>\n","protected":false},"author":1,"featured_media":0,"parent":0,"menu_order":0,"comment_status":"closed","ping_status":"closed","template":"","meta":{"footnotes":""},"class_list":["post-404","page","type-page","status-publish","hentry"],"_links":{"self":[{"href":"https:\/\/gbgh.on.ca\/fr\/wp-json\/wp\/v2\/pages\/404","targetHints":{"allow":["GET"]}}],"collection":[{"href":"https:\/\/gbgh.on.ca\/fr\/wp-json\/wp\/v2\/pages"}],"about":[{"href":"https:\/\/gbgh.on.ca\/fr\/wp-json\/wp\/v2\/types\/page"}],"author":[{"embeddable":true,"href":"https:\/\/gbgh.on.ca\/fr\/wp-json\/wp\/v2\/users\/1"}],"replies":[{"embeddable":true,"href":"https:\/\/gbgh.on.ca\/fr\/wp-json\/wp\/v2\/comments?post=404"}],"version-history":[{"count":21,"href":"https:\/\/gbgh.on.ca\/fr\/wp-json\/wp\/v2\/pages\/404\/revisions"}],"predecessor-version":[{"id":3765,"href":"https:\/\/gbgh.on.ca\/fr\/wp-json\/wp\/v2\/pages\/404\/revisions\/3765"}],"wp:attachment":[{"href":"https:\/\/gbgh.on.ca\/fr\/wp-json\/wp\/v2\/media?parent=404"}],"curies":[{"name":"wp","href":"https:\/\/api.w.org\/{rel}","templated":true}]}}