{"id":392,"date":"2018-04-30T14:50:37","date_gmt":"2018-04-30T18:50:37","guid":{"rendered":"http:\/\/172.29.100.163:8080\/fr\/?page_id=392"},"modified":"2024-01-08T12:26:25","modified_gmt":"2024-01-08T17:26:25","slug":"histoire","status":"publish","type":"page","link":"https:\/\/gbgh.on.ca\/fr\/a-propos-de-nous\/histoire\/","title":{"rendered":"Histoire"},"content":{"rendered":"<p>H\u00f4pital g\u00e9n\u00e9ral de la baie Georgienne<\/p>\n<p>L\u2019H\u00f4pital g\u00e9n\u00e9ral de la baie Georgienne r\u00e9sulte de l\u2019int\u00e9gration volontaire de l\u2019H\u00f4pital du district de la Huronie et de l\u2019H\u00f4pital g\u00e9n\u00e9ral de Penetanguishene en\u00a02008.<\/p>\n<p>Les deux h\u00f4pitaux \u00e9taient les premiers \u00e0 s\u2019int\u00e9grer lorsqu\u2019ils ont form\u00e9 l\u2019Alliance des h\u00f4pitaux de Simcoe Nord en octobre\u00a01992, soit une alliance volontaire conclue entre l\u2019H\u00f4pital du district de la Huronie et l\u2019H\u00f4pital g\u00e9n\u00e9ral de Penetanguishene dans le but de\u00a0:<\/p>\n<p>\u00ab\u00a0mettre en place un m\u00e9canisme permettant aux deux h\u00f4pitaux de planifier ensemble afin de maximiser l\u2019utilisation des ressources existantes et nouvelles en mati\u00e8re de soins de sant\u00e9 au sein de la r\u00e9gion et de fournir des soins hospitaliers de la plus haute qualit\u00e9 aux r\u00e9sidents de Simcoe Nord.\u00a0\u00bb<\/p>\n<p>Les h\u00f4pitaux ont amorc\u00e9 un processus de planification globale volontaire visant \u00e0 apporter des changements fondamentaux au mode de prestation des services hospitaliers offerts dans la r\u00e9gion de Simcoe Nord.<\/p>\n<p>\u00c0 l\u2019\u00e9t\u00e9\u00a01995, on a r\u00e9vis\u00e9 les r\u00e8glements administratifs des deux h\u00f4pitaux pour permettre aux deux soci\u00e9t\u00e9s ind\u00e9pendantes de former un partenariat dot\u00e9 de l\u2019autorit\u00e9 voulue pour planifier les services hospitaliers. L\u2019entente a aussi permis aux deux h\u00f4pitaux de devenir un employeur unique et, par cons\u00e9quent, d\u2019\u00e9laborer des plans de transition efficaces en mati\u00e8re de ressources humaines.<\/p>\n<p>Au printemps\u00a01996, les h\u00f4pitaux ont annonc\u00e9 des changements de r\u00f4le visant \u00e0 regrouper des services particuliers aux deux emplacements. Le processus a \u00e9t\u00e9 achev\u00e9 en octobre\u00a01996. Depuis, l\u2019Alliance a form\u00e9 une \u00e9quipe de gestion int\u00e9gr\u00e9e et un personnel m\u00e9dical commun.<\/p>\n<p>Une tentative d\u2019int\u00e9gration formelle sous la commandite de l\u2019Association catholique de la sant\u00e9 de l\u2019Ontario, qui parrainait d\u00e9j\u00e0 le site de Penetanguishene, a \u00e9chou\u00e9 en\u00a02007.<\/p>\n<p>Par cons\u00e9quent, un superviseur provincial a \u00e9t\u00e9 nomm\u00e9 en vue de recommander une solution pour la communaut\u00e9, y compris l\u2019int\u00e9gration des deux sites hospitaliers en un seul organisme la\u00efque et le dessaisissement de l\u2019h\u00f4pital psychiatrique de la province \u00e0 l\u2019H\u00f4pital g\u00e9n\u00e9ral de Penetanguishene Inc.<\/p>\n<h3>Site de Midland<\/h3>\n<p>L\u2019origine de l\u2019h\u00f4pital remonte \u00e0\u00a01905, ann\u00e9e de l\u2019ouverture du premier h\u00f4pital \u00e0 Midland. Le Midland\/Penetanguishene Marine and General Hospital \u00e9tait situ\u00e9 \u00e0 Sunnyside. L\u2019h\u00f4pital comptait 12\u00a0lits et le tarif quotidien par patient \u00e9tait de 0,70\u00a0$. En\u00a01911, on a construit un h\u00f4pital \u00e0 Penetanguishene et raccourci le nom pour refl\u00e9ter ce changement.<\/p>\n<p>Dans le petit b\u00e2timent isol\u00e9 \u00e0 Sunnyside, on faisait aussi l\u2019\u00e9levage de vaches et de poulets et on cultivait un grand potager pour approvisionner la cuisine. En plus de faire des quarts de travail de 12\u00a0heures par jour, les infirmi\u00e8res devaient accomplir toutes sortes de t\u00e2ches dans leur temps libre, comme travailler \u00e0 la cuisine, s\u2019occuper du potager et traire les vaches. En\u00a01906, un groupe de femmes enthousiastes a form\u00e9 le conseil des auxiliaires dans le but de pr\u00eater main-forte. Leurs t\u00e2ches principales consistaient \u00e0 fournir et \u00e0 coudre le linge de maison, les chemises, les layettes, les nappes et les tabliers.<\/p>\n<p>En\u00a01918, on a d\u00e9m\u00e9nag\u00e9 l\u2019h\u00f4pital \u00e0 la maison Manley Chew sur la rue\u00a0Bay \u00e0 Midland, un don de M.\u00a0James\u00a0Playfair \u00e0 la ville de Midland. Selon ses directives, on l\u2019a nomm\u00e9 St.\u00a0Andrew\u2019s\u00a0Hospital. M<sup>me<\/sup>\u00a0Playfair, ancienne pr\u00e9sidente du conseil des auxiliaires, a fait don de la maison adjacente pour qu\u2019elle serve de r\u00e9sidence d\u2019infirmi\u00e8res.<\/p>\n<p>Le St.\u00a0Andrew\u2019s\u00a0Hospital a continu\u00e9 d\u2019offrir des services hospitaliers aux r\u00e9sidents de Midland jusqu\u2019en\u00a01976. Au d\u00e9but des ann\u00e9es\u00a01970, le gouvernement et le comt\u00e9 de Simcoe ont avanc\u00e9 des fonds pour la construction d\u2019un h\u00f4pital moderne \u00e0 la fine pointe de la technologie qui desservirait les populations de Midland, des cantons de Tay et de Tiny, et des environs.<\/p>\n<p>L\u2019H\u00f4pital du district de la Huronie a ouvert ses portes au public en octobre\u00a01976. On a vendu l\u2019ancien h\u00f4pital qui a \u00e9t\u00e9 converti en maison de soins infirmiers et rebaptis\u00e9 St.\u00a0Andrew\u2019s\u00a0Manor. \u00c0 la fin des ann\u00e9es\u00a01980, on a commenc\u00e9 le processus de planification visant \u00e0 am\u00e9liorer l\u2019h\u00f4pital par le biais de l\u2019expansion du Service des urgences, du programme d\u2019obst\u00e9trique et du laboratoire. En\u00a01988, la Fondation de l\u2019H\u00f4pital du district de la Huronie nouvellement cr\u00e9\u00e9e a lanc\u00e9 une campagne de financement, laquelle a permis de recueillir plus de 2\u00a0millions de dollars. Ces fonds ont servi a apporter les changements pr\u00e9vus \u00e0 l\u2019HDH pour r\u00e9pondre \u00e0 l\u2019augmentation de la demande.<\/p>\n<h3>Site de Penetanguishene<\/h3>\n<p>La culture du site de Penetanguishene est solidement ancr\u00e9e dans l\u2019histoire et la foi, et remonte au d\u00e9but du minist\u00e8re de gu\u00e9rison au Canada. Au c\u0153ur de la r\u00e9gion de la Huronie, on retrace l\u2019arriv\u00e9e des voyageurs fran\u00e7ais \u00e0\u00a01610, suivi de pr\u00e8s par les missionnaires j\u00e9suites qui \u00e9taient venus r\u00e9pandre leur message \u00e9vang\u00e9lique et \u00e9tablir leur minist\u00e8re de gu\u00e9rison. Les missionnaires ont cons\u00e9quemment ouvert le premier h\u00f4pital en Ontario \u00e0 Sainte-Marie-au-Pays-des-Hurons.<\/p>\n<p>Au d\u00e9but des ann\u00e9es\u00a01900, une \u00e9pid\u00e9mie de dipht\u00e9rie a \u00e9clat\u00e9 et confirm\u00e9 le besoin d\u2019avoir des installations et des services hospitaliers convenables. Le 14\u00a0avril\u00a01911, un petit groupe de personnes d\u00e9vou\u00e9es au bien public et de m\u00e9decins locaux ont vu leur r\u00eave se concr\u00e9tiser avec la constitution en personne morale de l\u2019H\u00f4pital g\u00e9n\u00e9ral de Penetanguishene. En\u00a01912, on a ouvert une \u00e9cole d\u2019infirmi\u00e8res, qui est demeur\u00e9e active jusqu\u2019en\u00a01929.<\/p>\n<p>L\u2019h\u00f4pital \u00e9tait une ressource \u00e0 laquelle la communaut\u00e9 tenait beaucoup. Les archives r\u00e9v\u00e8lent que les membres du conseil d\u2019administration, les m\u00e9decins, les auxiliaires et les citoyens contribuaient d\u2019une mani\u00e8re tr\u00e8s concr\u00e8te \u00e0 la cause, soit en mettant la main \u00e0 la p\u00e2te ou en aidant \u00e0 payer les salaires du personnel. Toutefois, malgr\u00e9 tous ces efforts, la situation financi\u00e8re de l\u2019h\u00f4pital demeurait des plus pr\u00e9caires. Au d\u00e9but des ann\u00e9es\u00a01940, le conseil a d\u00fb reconna\u00eetre que la situation ne pouvait plus durer.<\/p>\n<p>Le cur\u00e9 \u00e0 l\u2019\u00e9poque, Monseigneur Jean Castex, connaissait bien l\u2019apostolat des S\u0153urs grises de la congr\u00e9gation de l\u2019Immacul\u00e9e-Conception dans le domaine de la sant\u00e9. Au nom de la ville, il a invit\u00e9 les S\u0153urs \u00e0 prendre en charge la gestion de l\u2019h\u00f4pital. Les deux parties en sont venus \u00e0 une entente et, le 15\u00a0ao\u00fbt\u00a01942, six\u00a0s\u0153urs d\u00e9barquaient en ville.<\/p>\n<p>Avec elles, les S\u0153urs apportaient la promesse de servir. L\u2019entente en \u00e9tait une de collaboration entre deux cultures riches en communaut\u00e9 et en service par laquelle on assurerait la prestation de soins de sant\u00e9 \u00e0 la communaut\u00e9. Gr\u00e2ce au travail non r\u00e9mun\u00e9r\u00e9 accompli par les S\u0153urs et \u00e0 la reprise de l\u2019\u00e9conomie locale, il n\u2019a fallu que quelques ann\u00e9es pour redresser la situation financi\u00e8re de l\u2019h\u00f4pital. Avec l\u2019introduction de services de laboratoire et de radiologie ainsi que l\u2019achat de nouvel \u00e9quipement, le besoin pour de nouvelles installations s\u2019est rapidement fait sentir. En\u00a01946, on a donc commenc\u00e9 le processus de planification pour la construction d\u2019un nouvel h\u00f4pital.<\/p>\n<p>Les municipalit\u00e9s, les clubs philanthropiques, les \u00e9glises et les citoyens de la r\u00e9gion ont contribu\u00e9 \u00e9norm\u00e9ment de temps, d\u2019argent et d\u2019efforts pour que le projet se r\u00e9alise. Le nouvel h\u00f4pital a ouvert officiellement ses portes le 25\u00a0juillet\u00a01954. Il s\u2019agissait d\u2019un \u00e9tablissement de sant\u00e9 moderne au service des municipalit\u00e9s de Penetanguishene et d\u2019Elmvale, et des cantons environnants.<\/p>\n<p>En\u00a01953, les S\u0153urs grises ont accept\u00e9 de renouveler leur entente pour une p\u00e9riode de dix\u00a0ans. En\u00a01963, alors qu\u2019on remettait en question la viabilit\u00e9 financi\u00e8re de l\u2019\u00e9tablissement, les S\u0153urs ont achet\u00e9 l\u2019h\u00f4pital de la ville.<\/p>\n<p>L\u2019av\u00e8nement de l\u2019universalit\u00e9 des soins de sant\u00e9 a consid\u00e9rablement am\u00e9lior\u00e9 l\u2019acc\u00e8s aux services et cr\u00e9\u00e9 une pression sur les installations, mais l\u2019h\u00f4pital a su r\u00e9pondre \u00e0 la demande. Il a ainsi men\u00e9 deux projets d\u2019agrandissement importants depuis\u00a01954. En\u00a01973, on a proc\u00e9d\u00e9 \u00e0 la construction d\u2019un nouveau service des urgences, d\u2019une unit\u00e9 de consultations externes et d\u2019un service de physioth\u00e9rapie, puis en\u00a01981, \u00e0 la construction d\u2019une unit\u00e9 de soins chroniques\/de r\u00e9adaptation.<\/p>\n<p>En septembre\u00a01992, l\u2019h\u00f4pital a re\u00e7u l\u2019approbation du minist\u00e8re de la Sant\u00e9 pour exploiter un centre r\u00e9gional de r\u00e9adaptation dot\u00e9 de 15\u00a0lits reclassifi\u00e9s \u00e0 cette fin.<\/p>\n<p>Le site de Penetanguishene a ferm\u00e9 les portes en f\u00e9vier 2022.<\/p>\n","protected":false},"excerpt":{"rendered":"<p>H\u00f4pital g\u00e9n\u00e9ral de la baie Georgienne L\u2019H\u00f4pital g\u00e9n\u00e9ral de la baie Georgienne r\u00e9sulte de l\u2019int\u00e9gration volontaire de l\u2019H\u00f4pital du district de la Huronie et de l\u2019H\u00f4pital g\u00e9n\u00e9ral de Penetanguishene en\u00a02008. Les deux h\u00f4pitaux \u00e9taient les premiers \u00e0 s\u2019int\u00e9grer lorsqu\u2019ils ont form\u00e9 l\u2019Alliance des h\u00f4pitaux de Simcoe Nord en octobre\u00a01992, soit une alliance volontaire conclue entre [&hellip;]<\/p>\n","protected":false},"author":1,"featured_media":0,"parent":136,"menu_order":0,"comment_status":"closed","ping_status":"closed","template":"","meta":{"footnotes":""},"class_list":["post-392","page","type-page","status-publish","hentry"],"_links":{"self":[{"href":"https:\/\/gbgh.on.ca\/fr\/wp-json\/wp\/v2\/pages\/392","targetHints":{"allow":["GET"]}}],"collection":[{"href":"https:\/\/gbgh.on.ca\/fr\/wp-json\/wp\/v2\/pages"}],"about":[{"href":"https:\/\/gbgh.on.ca\/fr\/wp-json\/wp\/v2\/types\/page"}],"author":[{"embeddable":true,"href":"https:\/\/gbgh.on.ca\/fr\/wp-json\/wp\/v2\/users\/1"}],"replies":[{"embeddable":true,"href":"https:\/\/gbgh.on.ca\/fr\/wp-json\/wp\/v2\/comments?post=392"}],"version-history":[{"count":13,"href":"https:\/\/gbgh.on.ca\/fr\/wp-json\/wp\/v2\/pages\/392\/revisions"}],"predecessor-version":[{"id":3789,"href":"https:\/\/gbgh.on.ca\/fr\/wp-json\/wp\/v2\/pages\/392\/revisions\/3789"}],"up":[{"embeddable":true,"href":"https:\/\/gbgh.on.ca\/fr\/wp-json\/wp\/v2\/pages\/136"}],"wp:attachment":[{"href":"https:\/\/gbgh.on.ca\/fr\/wp-json\/wp\/v2\/media?parent=392"}],"curies":[{"name":"wp","href":"https:\/\/api.w.org\/{rel}","templated":true}]}}