{"id":3862,"date":"2024-02-07T11:53:03","date_gmt":"2024-02-07T16:53:03","guid":{"rendered":"https:\/\/gbgh.on.ca\/fr\/?page_id=3862"},"modified":"2024-02-07T12:26:25","modified_gmt":"2024-02-07T17:26:25","slug":"services-de-planification-du-conge","status":"publish","type":"page","link":"https:\/\/gbgh.on.ca\/fr\/patients-et-visiteurs\/services-de-planification-du-conge\/","title":{"rendered":"Services de planification du cong\u00e9"},"content":{"rendered":"\t\t<div data-elementor-type=\"wp-page\" data-elementor-id=\"3862\" class=\"elementor elementor-3862\" data-elementor-post-type=\"page\">\n\t\t\t\t\t\t<section class=\"elementor-section elementor-top-section elementor-element elementor-element-20c4549d elementor-section-boxed elementor-section-height-default elementor-section-height-default\" data-id=\"20c4549d\" data-element_type=\"section\">\n\t\t\t\t\t\t<div class=\"elementor-container elementor-column-gap-default\">\n\t\t\t\t\t<div class=\"elementor-column elementor-col-100 elementor-top-column elementor-element elementor-element-48da4d01\" data-id=\"48da4d01\" data-element_type=\"column\">\n\t\t\t<div class=\"elementor-widget-wrap elementor-element-populated\">\n\t\t\t\t\t\t<div class=\"elementor-element elementor-element-2490f56 elementor-widget elementor-widget-text-editor\" data-id=\"2490f56\" data-element_type=\"widget\" data-widget_type=\"text-editor.default\">\n\t\t\t\t\t\t\t\t\t<p>Dans votre chambre, vous trouverez un tableau blanc sur lequel figurent des renseignements importants, y compris le nom du personnel infirmier responsable de vos soins, le nom de votre m\u00e9decin, les objectifs et messages et un symbole en couleur indiquant l\u2019estimation, selon votre \u00e9quipe soignante, de la date \u00e0 laquelle vous serez pr\u00eat \u00e0 prendre cong\u00e9 de l\u2019h\u00f4pital.<\/p><p>Si votre couleur est <b>ROUGE<\/b>, votre date de sortie est dans plus de trois jours.<\/p><p>Si votre couleur est <b>JAUNE<\/b>, votre date de sortie est dans un \u00e0 trois jours.<\/p><p>Si votre couleur est <b>VERTE<\/b>, votre d\u00e9charge est \u00e0 24 heures (ou moins).<\/p><p>Votre coop\u00e9ration dans la prise des dispositions appropri\u00e9es pour votre sortie, telles que le transport, est appr\u00e9ci\u00e9e. Votre infirmi\u00e8re et le Navigateur de flux des patients (NFP) sont disponibles pour collaborer avec vous et d\u00e9terminer le soutien et l\u2019assistance dont vous aurez besoin.<\/p><p>Il est important de prendre les dispositions \u00e0 l\u2019\u00e9gard du transport \u00e0 l\u2019avance, car cela permet \u00e0 l\u2019h\u00f4pital de donner cong\u00e9 au patient en temps opportun. Ceci aide au flux des patients, puisque le lit du patient en cong\u00e9 est lib\u00e9r\u00e9 pour un nouveau patient au Service des urgences qui attend d\u2019\u00eatre admis \u00e0 unit\u00e9 pour patients hospitalis\u00e9s.<\/p><p>Juste avant de quitter l\u2019h\u00f4pital, veuillez demander au personnel infirmier de vous remettre vos m\u00e9dicaments personnels s\u2019il y a lieu.<\/p><p>Veuillez visiter le caissier\/standardiste (entre\u0301e principale) avant de quitter l\u2019h\u00f4pital pour payer les frais qui ne sont pas couverts par l\u2019assurance. Vous devriez aussi passer prendre les objets de valeur que l\u2019\u00e9quipe de soins a mis sous cl\u00e9 en lieu s\u00fbr.\u00a0<\/p><p>Les patients de pays \u00e9trangers doivent payer tous les frais en souffrance au moment du cong\u00e9.<\/p><p>L\u2019HGBG offre des services et de la coordination pour vous aider \u00e0 planifier vos besoins de soins de sant\u00e9 une fois que vous prenez cong\u00e9 de l\u2019h\u00f4pital. Votre infirmi\u00e8re, le navigateur de flux des patients et les services de sant\u00e9 communautaires d\u00e9termineront l\u2019aide et le soutien dont vous aurez besoin \u00e0 la maison. L\u2019objectif consiste \u00e0 vous permettre de retourner \u00e0 la maison.<\/p><p>Si vous avez des questions sur votre e\u0301tat de sante\u0301 APRE\u0300S votre conge\u0301 de l\u2019ho\u0302pital:<\/p><ul><li><p><span style=\"font-weight: 400;\">Communiquez avec votre m\u00e9decin de famille ou votre infirmi\u00e8re praticienne.<\/span><\/p><\/li><li><p><span style=\"font-weight: 400;\">Appelez T\u00e9l\u00e9sant\u00e9 Ontario au 1 866 797-0000 pour parler au personnel infirmier autoris\u00e9.<\/span><\/p><\/li><li><p><span style=\"font-weight: 400;\">Appelez le Centre d\u2019acc\u00e8s aux soins communautaires au 705 721-8010 ou sans frais au 1 888 721-2222 pour discuter de vos besoins et services en soins \u00e0 domicile<\/span><\/p><\/li><\/ul>\t\t\t\t\t\t\t\t<\/div>\n\t\t\t\t<div class=\"elementor-element elementor-element-aba91e9 elementor-widget elementor-widget-button\" data-id=\"aba91e9\" data-element_type=\"widget\" data-widget_type=\"button.default\">\n\t\t\t\t\t\t\t\t\t\t<a class=\"elementor-button elementor-button-link elementor-size-sm\" href=\"https:\/\/www.lignesantesnm.ca\/listServices.aspx?id=10121\" target=\"_blank\">\n\t\t\t\t\t\t<span class=\"elementor-button-content-wrapper\">\n\t\t\t\t\t\t\t\t\t<span class=\"elementor-button-text\">Ligne Sant\u00e9 SNM<\/span>\n\t\t\t\t\t<\/span>\n\t\t\t\t\t<\/a>\n\t\t\t\t\t\t\t\t<\/div>\n\t\t\t\t<div class=\"elementor-element elementor-element-d9cdb51 elementor-widget elementor-widget-button\" data-id=\"d9cdb51\" data-element_type=\"widget\" data-widget_type=\"button.default\">\n\t\t\t\t\t\t\t\t\t\t<a class=\"elementor-button elementor-button-link elementor-size-sm\" href=\"https:\/\/www.ctlink.ca\/\" target=\"_blank\">\n\t\t\t\t\t\t<span class=\"elementor-button-content-wrapper\">\n\t\t\t\t\t\t\t\t\t<span class=\"elementor-button-text\">CT Link Simcoe Community Transportation Portal <\/span>\n\t\t\t\t\t<\/span>\n\t\t\t\t\t<\/a>\n\t\t\t\t\t\t\t\t<\/div>\n\t\t\t\t\t<\/div>\n\t\t<\/div>\n\t\t\t\t\t<\/div>\n\t\t<\/section>\n\t\t\t\t<\/div>\n\t\t","protected":false},"excerpt":{"rendered":"<p>Dans votre chambre, vous trouverez un tableau blanc sur lequel figurent des renseignements importants, y compris le nom du personnel infirmier responsable de vos soins, le nom de votre m\u00e9decin, les objectifs et messages et un symbole en couleur indiquant l\u2019estimation, selon votre \u00e9quipe soignante, de la date \u00e0 laquelle vous serez pr\u00eat \u00e0 prendre [&hellip;]<\/p>\n","protected":false},"author":3,"featured_media":0,"parent":128,"menu_order":0,"comment_status":"closed","ping_status":"closed","template":"","meta":{"footnotes":""},"class_list":["post-3862","page","type-page","status-publish","hentry"],"_links":{"self":[{"href":"https:\/\/gbgh.on.ca\/fr\/wp-json\/wp\/v2\/pages\/3862","targetHints":{"allow":["GET"]}}],"collection":[{"href":"https:\/\/gbgh.on.ca\/fr\/wp-json\/wp\/v2\/pages"}],"about":[{"href":"https:\/\/gbgh.on.ca\/fr\/wp-json\/wp\/v2\/types\/page"}],"author":[{"embeddable":true,"href":"https:\/\/gbgh.on.ca\/fr\/wp-json\/wp\/v2\/users\/3"}],"replies":[{"embeddable":true,"href":"https:\/\/gbgh.on.ca\/fr\/wp-json\/wp\/v2\/comments?post=3862"}],"version-history":[{"count":8,"href":"https:\/\/gbgh.on.ca\/fr\/wp-json\/wp\/v2\/pages\/3862\/revisions"}],"predecessor-version":[{"id":3871,"href":"https:\/\/gbgh.on.ca\/fr\/wp-json\/wp\/v2\/pages\/3862\/revisions\/3871"}],"up":[{"embeddable":true,"href":"https:\/\/gbgh.on.ca\/fr\/wp-json\/wp\/v2\/pages\/128"}],"wp:attachment":[{"href":"https:\/\/gbgh.on.ca\/fr\/wp-json\/wp\/v2\/media?parent=3862"}],"curies":[{"name":"wp","href":"https:\/\/api.w.org\/{rel}","templated":true}]}}