{"id":381,"date":"2018-04-30T13:31:33","date_gmt":"2018-04-30T17:31:33","guid":{"rendered":"http:\/\/172.29.100.163:8080\/fr\/?page_id=381"},"modified":"2018-06-28T15:20:06","modified_gmt":"2018-06-28T19:20:06","slug":"avis-de-non-responsabilite","status":"publish","type":"page","link":"https:\/\/gbgh.on.ca\/fr\/patients-et-visiteurs\/avis-de-non-responsabilite\/","title":{"rendered":"Avis de non-responsabilit\u00e9"},"content":{"rendered":"<p>Les renseignements figurant sur le site Web de l\u2019H\u00f4pital g\u00e9n\u00e9ral de la baie Georgienne (HGBG) sont fournis \u00e0 des fins d\u2019information et d\u2019\u00e9ducation uniquement. Ils ne constituent pas des conseils de nature m\u00e9dicale et ne sont pas con\u00e7us pour remplacer les conseils m\u00e9dicaux fournis par votre m\u00e9decin ou autre professionnel des soins de la sant\u00e9 qualifi\u00e9.<\/p>\n<p>Nous nous appliquons \u00e0 tenir les renseignements \u00e0 jour et \u00e0 en assurer l&rsquo;exactitude. Cependant, nous n&rsquo;offrons aucune garantie et ne faisons aucune assertion, expresse ou implicite, sur l&rsquo;exhaustivit\u00e9, l&rsquo;exactitude, la fiabilit\u00e9, la pertinence ou la disponibilit\u00e9 du site ou des renseignements, des programmes, des services ou du contenu connexe sur le site Web, \u00e0 quelque fin que ce soit. Par cons\u00e9quent, la confiance que vous accordez \u00e0 ces renseignements se fait \u00e0 vos propres risques.<\/p>\n<p>L\u2019HGBG est les fournisseurs de contenu, n\u2019assument aucune responsabilit\u00e9 directe, indirecte, corr\u00e9lative, \u00e9ventuelle, sp\u00e9ciale ou accessoire li\u00e9e \u00e0 l&rsquo;utilisation du site Web ou de l&rsquo;information dans le cadre d\u2019une action en responsabilit\u00e9 d\u00e9lictuelle, en \u00e9quit\u00e9 ou en droit l\u00e9gislatif. Quiconque utilise les renseignements du site le fait \u00e0 ses propres risques et, \u00e0 ce titre, accepte d&rsquo;indemniser l\u2019HGBG et ses fournisseurs de contenu \u00e0 l&rsquo;\u00e9gard des responsabilit\u00e9s, pertes, pr\u00e9judices, dommages, co\u00fbts et frais d\u00e9coulant de son utilisation ou du mauvais usage des renseignements se trouvant sur le site Web.<\/p>\n<p>Par l&rsquo;entremise de ce site Web, vous pouvez consulter les sites de tiers qui ne rel\u00e8vent pas de l\u2019HGBG. Ces liens sont fournis uniquement \u00e0 titre de ressources. Nous n&rsquo;en g\u00e9rons aucunement la nature, le contenu ni la disponibilit\u00e9 de ces sites. L&rsquo;inclusion de ces liens ne constitue ni ne sugg\u00e8re n\u00e9cessairement une recommandation ou une approbation de notre part des points de vue qui y sont exprim\u00e9s. Lorsque vous utilisez les sites Web de tiers, vous le faites \u00e0 vos propres risques et vous devez respecter leurs conditions d&rsquo;utilisation.<\/p>\n<p>Nous exer\u00e7ons tous les efforts de veiller au bon fonctionnement du site Web. Cependant, l\u2019HGBG ne peut \u00eatre tenu responsable s&rsquo;il est temporairement non disponible pour des raisons techniques ind\u00e9pendantes de sa volont\u00e9.<\/p>\n","protected":false},"excerpt":{"rendered":"<p>Les renseignements figurant sur le site Web de l\u2019H\u00f4pital g\u00e9n\u00e9ral de la baie Georgienne (HGBG) sont fournis \u00e0 des fins d\u2019information et d\u2019\u00e9ducation uniquement. Ils ne constituent pas des conseils de nature m\u00e9dicale et ne sont pas con\u00e7us pour remplacer les conseils m\u00e9dicaux fournis par votre m\u00e9decin ou autre professionnel des soins de la sant\u00e9 [&hellip;]<\/p>\n","protected":false},"author":1,"featured_media":0,"parent":128,"menu_order":0,"comment_status":"closed","ping_status":"closed","template":"","meta":{"footnotes":""},"class_list":["post-381","page","type-page","status-publish","hentry"],"_links":{"self":[{"href":"https:\/\/gbgh.on.ca\/fr\/wp-json\/wp\/v2\/pages\/381","targetHints":{"allow":["GET"]}}],"collection":[{"href":"https:\/\/gbgh.on.ca\/fr\/wp-json\/wp\/v2\/pages"}],"about":[{"href":"https:\/\/gbgh.on.ca\/fr\/wp-json\/wp\/v2\/types\/page"}],"author":[{"embeddable":true,"href":"https:\/\/gbgh.on.ca\/fr\/wp-json\/wp\/v2\/users\/1"}],"replies":[{"embeddable":true,"href":"https:\/\/gbgh.on.ca\/fr\/wp-json\/wp\/v2\/comments?post=381"}],"version-history":[{"count":2,"href":"https:\/\/gbgh.on.ca\/fr\/wp-json\/wp\/v2\/pages\/381\/revisions"}],"predecessor-version":[{"id":934,"href":"https:\/\/gbgh.on.ca\/fr\/wp-json\/wp\/v2\/pages\/381\/revisions\/934"}],"up":[{"embeddable":true,"href":"https:\/\/gbgh.on.ca\/fr\/wp-json\/wp\/v2\/pages\/128"}],"wp:attachment":[{"href":"https:\/\/gbgh.on.ca\/fr\/wp-json\/wp\/v2\/media?parent=381"}],"curies":[{"name":"wp","href":"https:\/\/api.w.org\/{rel}","templated":true}]}}