{"id":378,"date":"2018-04-30T13:28:53","date_gmt":"2018-04-30T17:28:53","guid":{"rendered":"http:\/\/172.29.100.163:8080\/fr\/?page_id=378"},"modified":"2018-06-28T15:21:42","modified_gmt":"2018-06-28T19:21:42","slug":"conditions-dutilisation","status":"publish","type":"page","link":"https:\/\/gbgh.on.ca\/fr\/patients-et-visiteurs\/conditions-dutilisation\/","title":{"rendered":"Conditions d\u2019utilisation"},"content":{"rendered":"<p>Veuillez lire ces modalit\u00e9s et conditions attentivement avant toute utilisation de ce site.<\/p>\n<p><strong>Utilisation du site Web de l\u2019H\u00f4pital g\u00e9n\u00e9ral de la baie Georgienne<\/strong><\/p>\n<p>En utilisant ce site, vous signifiez votre accord avec les pr\u00e9sentes conditions d\u2019utilisation. Si vous n\u2019\u00eates pas d\u2019accord avec les conditions \u00e9nonc\u00e9es, n\u2019utilisez pas le site. L\u2019H\u00f4pital g\u00e9n\u00e9ral de la baie Georgienne peut modifier et mettre \u00e0 jour les pr\u00e9sentes conditions en tout temps sans pr\u00e9avis. L\u2019utilisation continue du pr\u00e9sent site Web de l\u2019H\u00f4pital g\u00e9n\u00e9ral de la baie Georgienne signifie l\u2019acceptation des modifications apport\u00e9es.<\/p>\n<p><strong>Ce site n\u2019offre aucun conseil m\u00e9dical<\/strong><\/p>\n<p>Les renseignements sur ce site Web sont publi\u00e9s \u00e0 titre d&rsquo;information seulement. Ils ne sauraient se substituer \u00e0 un conseil m\u00e9dical professionnel, \u00e0 un diagnostic ou au traitement d\u2019un m\u00e9decin. Si vous avez, ou soup\u00e7onnez avoir, un probl\u00e8me de sant\u00e9, vous devriez consulter votre m\u00e9decin de famille. Si vous avez, ou soup\u00e7onnez avoir, un probl\u00e8me de sant\u00e9 urgent, veuillez vous rendre sans tarder \u00e0 l\u2019urgence du centre hospitalier de votre r\u00e9gion. L&rsquo;utilisation de tout renseignement fourni par l\u2019H\u00f4pital g\u00e9n\u00e9ral de la baie Georgienne apparaissant sur le site Web ou pr\u00e9sent\u00e9 en rapport avec celui-ci se fait \u00e0 vos propres risques. Le pr\u00e9sent site peut contenir du mat\u00e9riel li\u00e9 \u00e0 la sant\u00e9 ou \u00e0 caract\u00e8re m\u00e9dical qui est explicit. Si vous consid\u00e9rez que ce mat\u00e9riel est offensant, vous pouvez d\u00e9cider de ne pas utiliser notre site. Le site et le contenu sont fournis \u00ab tels quels \u00bb. Lorsque vous utilisez le site, l\u2019information est transmise par un moyen de communication qui peut ne pas \u00eatre sous le contr\u00f4le ou du ressort de l\u2019H\u00f4pital g\u00e9n\u00e9ral de la baie Georgienne. Aussi, l\u2019H\u00f4pital g\u00e9n\u00e9ral de la baie Georgienne n\u2019assume aucune responsabilit\u00e9 quant aux retards, aux d\u00e9faillances ou aux interruptions de transmission de donn\u00e9es ou \u00e0 l\u2019alt\u00e9ration de toute donn\u00e9e ou information transmise en rapport avec l\u2019utilisation du pr\u00e9sent site.<\/p>\n<p><strong>Utilisation du contenu<\/strong><\/p>\n<p>L\u2019H\u00f4pital g\u00e9n\u00e9ral de la baie Georgienne vous autorise \u00e0 consulter ou \u00e0 t\u00e9l\u00e9charger une copie unique du mat\u00e9riel figurant sur le site Web de l\u2019H\u00f4pital g\u00e9n\u00e9ral de la baie Georgienne uniquement pour une utilisation personnelle et non commerciale si vous ajoutez l\u2019avis de droit d\u2019auteur suivant : \u00ab Copyright \u00a9 H\u00f4pital g\u00e9n\u00e9ral de la baie Georgienne. Tous droits r\u00e9serv\u00e9s. \u00bb Toute autre utilisation des documents est strictement interdite sans notre autorisation \u00e9crite pr\u00e9alable et celle du ou des titulaires des droits. Si vous enfreignez une ou plusieurs de ces conditions, la permission d\u2019utiliser le contenu est automatiquement r\u00e9voqu\u00e9e et vous devez imm\u00e9diatement d\u00e9truire toute copie que vous avez r\u00e9alis\u00e9e d\u2019une quelconque partie du contenu. Tout autre site Internet ayant un lien sur le site de l\u2019H\u00f4pital g\u00e9n\u00e9ral de la baie Georgienne est cr\u00e9\u00e9 par des organismes ne faisant pas partie de l\u2019h\u00f4pital. Ces organismes sont responsables des renseignements contenus dans leur site. L\u2019H\u00f4pital g\u00e9n\u00e9ral de la baie Georgienne ne recommande pas et ne cautionne pas le contenu de tout site Internet g\u00e9r\u00e9 par un tiers. L\u2019H\u00f4pital g\u00e9n\u00e9ral de la baie Georgienne n\u2019est pas responsable du contenu des sites g\u00e9r\u00e9s par des tiers auxquels il est reli\u00e9, ni des annonces publicitaires diffus\u00e9es par des tierces parties, et ne fait aucune repr\u00e9sentation concernant leur contenu ou leur exactitude. L\u2019utilisation des sites Internet g\u00e9r\u00e9s par des tiers se fait \u00e0 vos propres risques et est assujettie aux conditions d\u2019utilisation propres \u00e0 ces sites. Tout commentaire portant sur ces sites devrait \u00eatre achemin\u00e9 \u00e0 l\u2019organisme concern\u00e9.<\/p>\n<p><strong>Renseignements g\u00e9n\u00e9raux<\/strong><\/p>\n<p>Le fait que nous ne prenions pas de mesures en cas de violation des pr\u00e9sentes conditions d\u2019utilisation de votre part ou de la part d&rsquo;autres personnes ne signifie pas que nous renon\u00e7ons \u00e0 en prendre \u00e0 l&rsquo;\u00e9gard de violations ult\u00e9rieures ou similaires. Les pr\u00e9sentes conditions d\u2019utilisation constituent l\u2019int\u00e9gralit\u00e9 de l\u2019entente et de l\u2019accord entre nous et tout autre utilisateur du site en ce qui a trait au site, \u00e0 ses utilisations et services. Sauf mention expresse dans un \u00ab avis l\u00e9gal \u00bb particulier affich\u00e9 dans le site, les pr\u00e9sentes conditions et la renonciation de responsabilit\u00e9 de l\u2019H\u00f4pital g\u00e9n\u00e9ral de la baie Georgienne constituent l\u2019int\u00e9grit\u00e9 de l\u2019entente entre vous et l\u2019H\u00f4pital g\u00e9n\u00e9ral de la baie Georgienne en ce qui a trait \u00e0 l\u2019utilisation de son site Internet.<\/p>\n<p><strong>Coordonn\u00e9es<\/strong><\/p>\n<p>Pour toute question concernant les pr\u00e9sentes conditions d\u2019utilisation ou le site Internet en g\u00e9n\u00e9ral, veuillez <a href=\"https:\/\/gbgh.on.ca\/fr\/contactez-nous\/\">communiquer avec nous<\/a>.<\/p>\n","protected":false},"excerpt":{"rendered":"<p>Veuillez lire ces modalit\u00e9s et conditions attentivement avant toute utilisation de ce site. Utilisation du site Web de l\u2019H\u00f4pital g\u00e9n\u00e9ral de la baie Georgienne En utilisant ce site, vous signifiez votre accord avec les pr\u00e9sentes conditions d\u2019utilisation. Si vous n\u2019\u00eates pas d\u2019accord avec les conditions \u00e9nonc\u00e9es, n\u2019utilisez pas le site. L\u2019H\u00f4pital g\u00e9n\u00e9ral de la baie [&hellip;]<\/p>\n","protected":false},"author":1,"featured_media":0,"parent":128,"menu_order":0,"comment_status":"closed","ping_status":"closed","template":"","meta":{"footnotes":""},"class_list":["post-378","page","type-page","status-publish","hentry"],"_links":{"self":[{"href":"https:\/\/gbgh.on.ca\/fr\/wp-json\/wp\/v2\/pages\/378","targetHints":{"allow":["GET"]}}],"collection":[{"href":"https:\/\/gbgh.on.ca\/fr\/wp-json\/wp\/v2\/pages"}],"about":[{"href":"https:\/\/gbgh.on.ca\/fr\/wp-json\/wp\/v2\/types\/page"}],"author":[{"embeddable":true,"href":"https:\/\/gbgh.on.ca\/fr\/wp-json\/wp\/v2\/users\/1"}],"replies":[{"embeddable":true,"href":"https:\/\/gbgh.on.ca\/fr\/wp-json\/wp\/v2\/comments?post=378"}],"version-history":[{"count":5,"href":"https:\/\/gbgh.on.ca\/fr\/wp-json\/wp\/v2\/pages\/378\/revisions"}],"predecessor-version":[{"id":935,"href":"https:\/\/gbgh.on.ca\/fr\/wp-json\/wp\/v2\/pages\/378\/revisions\/935"}],"up":[{"embeddable":true,"href":"https:\/\/gbgh.on.ca\/fr\/wp-json\/wp\/v2\/pages\/128"}],"wp:attachment":[{"href":"https:\/\/gbgh.on.ca\/fr\/wp-json\/wp\/v2\/media?parent=378"}],"curies":[{"name":"wp","href":"https:\/\/api.w.org\/{rel}","templated":true}]}}