{"id":369,"date":"2018-04-30T10:07:02","date_gmt":"2018-04-30T14:07:02","guid":{"rendered":"http:\/\/172.29.100.163:8080\/fr\/?page_id=369"},"modified":"2024-11-15T14:01:22","modified_gmt":"2024-11-15T19:01:22","slug":"ne-pas-fumer","status":"publish","type":"page","link":"https:\/\/gbgh.on.ca\/fr\/patients-et-visiteurs\/ne-pas-fumer\/","title":{"rendered":"D\u00e9fense de fumer ou de vapoter"},"content":{"rendered":"<h2>Mise en \u0153uvre d\u2019une politique de lieux sans fum\u00e9e<strong><br \/>\n<\/strong><\/h2>\n<p>D\u00e8s la Journ\u00e9e nationale de la sant\u00e9, le 12\u00a0mai\u00a02007, il sera interdit de fumer sur les lieux.<\/p>\n<p><strong>En tout temps, les patients, les visiteurs et le personnel doivent s\u2019abstenir de fumer lorsqu\u2019ils se trouvent sur les terrains des h\u00f4pitaux ou dans les b\u00e2timents hospitaliers.<\/strong> Cela comprend les passages pour pi\u00e9tons et l\u2019int\u00e9rieur des v\u00e9hicules dans les terrains de stationnement.<\/p>\n<p>Toute personne qui souhaite fumer ou vapoter doit quitter les lieux. . Le personnel ne peut pas aider les patients dans de tels cas. Ceux-ci doivent donc prendre des dispositions avec la famille ou des amis pour ce faire. Les patients qui ont besoin d\u2019\u00e9quipement hospitalier (p. ex. intraveineuses, moniteurs, etc.) ne peuvent pas quitter les lieux.<\/p>\n<p>Toute personne qui ne respecte pas la politique risque une amende, conform\u00e9ment \u00e0 la <em>Loi favorisant un Ontario sans fum\u00e9e<\/em> et aux r\u00e8glements municipaux. On pourrait aussi expulser les visiteurs vis\u00e9s et donner le cong\u00e9 aux patients vis\u00e9s ou les transf\u00e9rer ailleurs.<\/p>\n","protected":false},"excerpt":{"rendered":"<p>Mise en \u0153uvre d\u2019une politique de lieux sans fum\u00e9e D\u00e8s la Journ\u00e9e nationale de la sant\u00e9, le 12\u00a0mai\u00a02007, il sera interdit de fumer sur les lieux. En tout temps, les patients, les visiteurs et le personnel doivent s\u2019abstenir de fumer lorsqu\u2019ils se trouvent sur les terrains des h\u00f4pitaux ou dans les b\u00e2timents hospitaliers. Cela comprend [&hellip;]<\/p>\n","protected":false},"author":1,"featured_media":0,"parent":128,"menu_order":0,"comment_status":"closed","ping_status":"closed","template":"","meta":{"footnotes":""},"class_list":["post-369","page","type-page","status-publish","hentry"],"_links":{"self":[{"href":"https:\/\/gbgh.on.ca\/fr\/wp-json\/wp\/v2\/pages\/369","targetHints":{"allow":["GET"]}}],"collection":[{"href":"https:\/\/gbgh.on.ca\/fr\/wp-json\/wp\/v2\/pages"}],"about":[{"href":"https:\/\/gbgh.on.ca\/fr\/wp-json\/wp\/v2\/types\/page"}],"author":[{"embeddable":true,"href":"https:\/\/gbgh.on.ca\/fr\/wp-json\/wp\/v2\/users\/1"}],"replies":[{"embeddable":true,"href":"https:\/\/gbgh.on.ca\/fr\/wp-json\/wp\/v2\/comments?post=369"}],"version-history":[{"count":7,"href":"https:\/\/gbgh.on.ca\/fr\/wp-json\/wp\/v2\/pages\/369\/revisions"}],"predecessor-version":[{"id":4282,"href":"https:\/\/gbgh.on.ca\/fr\/wp-json\/wp\/v2\/pages\/369\/revisions\/4282"}],"up":[{"embeddable":true,"href":"https:\/\/gbgh.on.ca\/fr\/wp-json\/wp\/v2\/pages\/128"}],"wp:attachment":[{"href":"https:\/\/gbgh.on.ca\/fr\/wp-json\/wp\/v2\/media?parent=369"}],"curies":[{"name":"wp","href":"https:\/\/api.w.org\/{rel}","templated":true}]}}