{"id":3466,"date":"2023-11-06T15:20:39","date_gmt":"2023-11-06T20:20:39","guid":{"rendered":"https:\/\/gbgh.on.ca\/fr\/?page_id=3466"},"modified":"2024-01-08T14:05:29","modified_gmt":"2024-01-08T19:05:29","slug":"lhgbg-a-domicile","status":"publish","type":"page","link":"https:\/\/gbgh.on.ca\/fr\/programmes-et-services\/lhgbg-a-domicile\/","title":{"rendered":"l\u2019HGBG \u00e0 domicile"},"content":{"rendered":"\t\t<div data-elementor-type=\"wp-page\" data-elementor-id=\"3466\" class=\"elementor elementor-3466\" data-elementor-post-type=\"page\">\n\t\t\t\t\t\t<section class=\"elementor-section elementor-top-section elementor-element elementor-element-2a7d6ddc elementor-section-boxed elementor-section-height-default elementor-section-height-default\" data-id=\"2a7d6ddc\" data-element_type=\"section\">\n\t\t\t\t\t\t<div class=\"elementor-container elementor-column-gap-default\">\n\t\t\t\t\t<div class=\"elementor-column elementor-col-100 elementor-top-column elementor-element elementor-element-7b304f1b\" data-id=\"7b304f1b\" data-element_type=\"column\">\n\t\t\t<div class=\"elementor-widget-wrap elementor-element-populated\">\n\t\t\t\t\t\t<div class=\"elementor-element elementor-element-7ced01b gb-head elementor-widget elementor-widget-heading\" data-id=\"7ced01b\" data-element_type=\"widget\" data-widget_type=\"heading.default\">\n\t\t\t\t\t<h2 class=\"elementor-heading-title elementor-size-default\">Qu'est-ce que l'HGBG \u00e0 domicile?<\/h2>\t\t\t\t<\/div>\n\t\t\t\t<div class=\"elementor-element elementor-element-d3b64f4 elementor-widget elementor-widget-text-editor\" data-id=\"d3b64f4\" data-element_type=\"widget\" data-widget_type=\"text-editor.default\">\n\t\t\t\t\t\t\t\t\t<p>Le programme HGBG \u00e0 domicile vous apporte les soins et l&rsquo;aide dont vous avez besoin \u00e0 domicile lorsque vous prenez votre cong\u00e9 de l&rsquo;h\u00f4pital. L&rsquo;\u00e9quipe de l&rsquo;HGBG \u00e0 domicile est compos\u00e9e de personnel de navigation, de personnel infirmier, de pr\u00e9pos\u00e9s aux services de soutien personnel, d&rsquo;ergoth\u00e9rapeutes, de physioth\u00e9rapeutes, de di\u00e9t\u00e9tistes, d&rsquo;orthophonistes et de travailleuses et travailleurs sociaux. L&rsquo;\u00e9quipe de l&rsquo;HGBG \u00e0 domicile travaille en \u00e9troite collaboration avec vous et l\u2019\u00e9quipe hospitali\u00e8re pour veiller \u00e0 ce que votre plan de soins \u00e0 domicile r\u00e9pond \u00e0 vos besoins.<\/p>\t\t\t\t\t\t\t\t<\/div>\n\t\t\t\t<div class=\"elementor-element elementor-element-0d01265 gb-head elementor-widget elementor-widget-heading\" data-id=\"0d01265\" data-element_type=\"widget\" data-widget_type=\"heading.default\">\n\t\t\t\t\t<h2 class=\"elementor-heading-title elementor-size-default\">Comment fonctionne l'HGBG \u00e0 domicile?<\/h2>\t\t\t\t<\/div>\n\t\t\t\t<div class=\"elementor-element elementor-element-5ea0ecc elementor-widget elementor-widget-text-editor\" data-id=\"5ea0ecc\" data-element_type=\"widget\" data-widget_type=\"text-editor.default\">\n\t\t\t\t\t\t\t\t\t<p>Avant que vous ne quittiez l&rsquo;h\u00f4pital, l&rsquo;\u00e9quipe du programme HGBG \u00e0 domicile et le fournisseur de soins \u00e0 domicile vous rencontreront, ainsi que votre famille, l&rsquo;\u00e9quipe de l&rsquo;h\u00f4pital et votre \u00e9quipe HGBG \u00e0 domicile, pour \u00e9tablir votre plan de soins pour les 72 premi\u00e8res heures. Ce plan sera communiqu\u00e9 \u00e0 toutes les personnes qui s\u2019occupent de vous fournir les soins \u00e0 domicile. Votre premi\u00e8re visite \u00e0 domicile sera fix\u00e9e avant que vous ne quittiez l&rsquo;h\u00f4pital.<\/p>\t\t\t\t\t\t\t\t<\/div>\n\t\t\t\t<div class=\"elementor-element elementor-element-90286e5 gb-head elementor-widget elementor-widget-heading\" data-id=\"90286e5\" data-element_type=\"widget\" data-widget_type=\"heading.default\">\n\t\t\t\t\t<h2 class=\"elementor-heading-title elementor-size-default\">Que se passe-t-il lorsque je rentre \u00e0 la maison?<\/h2>\t\t\t\t<\/div>\n\t\t\t\t<div class=\"elementor-element elementor-element-16ea4be elementor-widget elementor-widget-text-editor\" data-id=\"16ea4be\" data-element_type=\"widget\" data-widget_type=\"text-editor.default\">\n\t\t\t\t\t\t\t\t\t<p>Le jour de votre cong\u00e9, un membre de l&rsquo;\u00e9quipe de l&rsquo;HGBG \u00e0 domicile vous appellera pour v\u00e9rifier que vous \u00eates bien rentr\u00e9 chez vous.<\/p><p>L&rsquo;\u00e9quipe du programme HGBG \u00e0 domicile s&rsquo;occupe de :<\/p><ul><li>vous rendre visite dans les 24 heures suivant votre retour \u00e0 domicile;<\/li><li>prendre de vos nouvelles chaque jour pendant la premi\u00e8re semaine;<\/li><li>d\u00e9cider avec votre \u00e9quipe, apr\u00e8s la premi\u00e8re semaine, de la fr\u00e9quence \u00e0 laquelle ils doivent communiquer avec vous;<\/li><li>travailler en \u00e9troite collaboration avec l&rsquo;h\u00f4pital pour veiller \u00e0 ce que vos objectifs soient atteints apr\u00e8s votre retour \u00e0 la maison;<\/li><li>tenir votre fournisseur de soins primaires (m\u00e9decin de famille ou infirmi\u00e8re praticienne\/infirmier praticien) au courant de vos progr\u00e8s;<\/li><li>compl\u00e9ter votre plan de soins continus;<\/li><li>utiliser diff\u00e9rents moyens pour prendre de vos nouvelles et s&rsquo;occuper de vous :<ul><li>visite \u00e0 domicile<\/li><li>appel t\u00e9l\u00e9phonique\/vid\u00e9<\/li><\/ul><\/li><li>\u00a0travailler avec d&rsquo;autres ressources communautaires locales, notamment les programmes de repas \u00e0 domicile, de transport et de soutien aux aidants, au besoin.<\/li><\/ul><p>Si vos besoins \u00e9voluent, votre plan de soins changera \u00e9galement. Parfois, vous aurez besoin de plus de services, d\u2019autre fois, moins. L\u2019HGBG \u00e0 domicile a \u00e9t\u00e9 con\u00e7u pour en tenir compte. Les soutiens du programme HGBG \u00e0 domicile sont l\u00e0 pour que vous disposiez de tout ce dont vous avez besoin pour \u00eatre chez vous. Si vous avez des questions ou des inqui\u00e9tudes une fois que vous \u00eates \u00e0 la maison, vous n\u2019avez qu\u2019\u00e0 appeler le num\u00e9ro de t\u00e9l\u00e9phone accessible 24 heures sur 24 et 7 jours sur 7.<\/p>\t\t\t\t\t\t\t\t<\/div>\n\t\t\t\t<div class=\"elementor-element elementor-element-a1308bc gb-head elementor-widget elementor-widget-heading\" data-id=\"a1308bc\" data-element_type=\"widget\" data-widget_type=\"heading.default\">\n\t\t\t\t\t<h2 class=\"elementor-heading-title elementor-size-default\">Quelle est la dur\u00e9e de l'HGBG \u00e0 domicile?<\/h2>\t\t\t\t<\/div>\n\t\t\t\t<div class=\"elementor-element elementor-element-70ea5aa elementor-widget elementor-widget-text-editor\" data-id=\"70ea5aa\" data-element_type=\"widget\" data-widget_type=\"text-editor.default\">\n\t\t\t\t\t\t\t\t\t<p>Le programme HGBG \u00e0 domicile dure jusqu&rsquo;\u00e0 16 semaines.<\/p>\t\t\t\t\t\t\t\t<\/div>\n\t\t\t\t<div class=\"elementor-element elementor-element-8f74c42 gb-head elementor-widget elementor-widget-heading\" data-id=\"8f74c42\" data-element_type=\"widget\" data-widget_type=\"heading.default\">\n\t\t\t\t\t<h2 class=\"elementor-heading-title elementor-size-default\">Que se passe-t-il si je dois \u00eatre r\u00e9admis \u00e0 l'HGBG?<\/h2>\t\t\t\t<\/div>\n\t\t\t\t<div class=\"elementor-element elementor-element-80365c5 elementor-widget elementor-widget-text-editor\" data-id=\"80365c5\" data-element_type=\"widget\" data-widget_type=\"text-editor.default\">\n\t\t\t\t\t\t\t\t\t<p>Si votre \u00e9tat de sant\u00e9 \u00e9volue et que vous avez besoin de soins hospitaliers, le programme HGBG \u00e0 domicile continuera \u00e0 vous soutenir lorsque vous rentrerez chez vous. L&rsquo;\u00e9quipe hospitali\u00e8re tiendra l&rsquo;\u00e9quipe de l&rsquo;HGBG \u00e0 domicile au courant, et cette derni\u00e8re participera \u00e0 la mise \u00e0 jour de votre plan de soins en vue de votre retour \u00e0 la maison.<\/p>\t\t\t\t\t\t\t\t<\/div>\n\t\t\t\t<div class=\"elementor-element elementor-element-516c51c gb-head elementor-widget elementor-widget-heading\" data-id=\"516c51c\" data-element_type=\"widget\" data-widget_type=\"heading.default\">\n\t\t\t\t\t<h2 class=\"elementor-heading-title elementor-size-default\">Que se passe-t-il si j'ai besoin de soins une fois les 16 semaines \u00e9coul\u00e9es?<\/h2>\t\t\t\t<\/div>\n\t\t\t\t<div class=\"elementor-element elementor-element-51a0720 elementor-widget elementor-widget-text-editor\" data-id=\"51a0720\" data-element_type=\"widget\" data-widget_type=\"text-editor.default\">\n\t\t\t\t\t\t\t\t\t<p>Si vous avez toujours besoin de soins apr\u00e8s 16 semaines, l&rsquo;\u00e9quipe de l&rsquo;HGBG \u00e0 domicile vous mettra en contact avec les services de soins \u00e0 domicile fournis par Sant\u00e9 Ontario. Au bout de huit semaines, vous et votre \u00e9quipe ferez le point sur vos progr\u00e8s et planifierez la suite de vos soins. Vers 12 semaines, si vous avez besoin de soins continus, votre \u00e9quipe du programme HGBG \u00e0 domicile vous aidera \u00e0 planifier ces soins. Ils vous mettront en contact avec la coordination des Services de soutien \u00e0 domicile et en milieu communautaire qui effectuera \u00e0 une \u00e9valuation et planifiera les soins continus avec vous.<\/p>\t\t\t\t\t\t\t\t<\/div>\n\t\t\t\t\t<\/div>\n\t\t<\/div>\n\t\t\t\t\t<\/div>\n\t\t<\/section>\n\t\t\t\t<\/div>\n\t\t","protected":false},"excerpt":{"rendered":"<p>Qu&rsquo;est-ce que l&rsquo;HGBG \u00e0 domicile? Le programme HGBG \u00e0 domicile vous apporte les soins et l&rsquo;aide dont vous avez besoin \u00e0 domicile lorsque vous prenez votre cong\u00e9 de l&rsquo;h\u00f4pital. L&rsquo;\u00e9quipe de l&rsquo;HGBG \u00e0 domicile est compos\u00e9e de personnel de navigation, de personnel infirmier, de pr\u00e9pos\u00e9s aux services de soutien personnel, d&rsquo;ergoth\u00e9rapeutes, de physioth\u00e9rapeutes, de di\u00e9t\u00e9tistes, [&hellip;]<\/p>\n","protected":false},"author":3,"featured_media":0,"parent":72,"menu_order":0,"comment_status":"closed","ping_status":"closed","template":"","meta":{"footnotes":""},"class_list":["post-3466","page","type-page","status-publish","hentry"],"_links":{"self":[{"href":"https:\/\/gbgh.on.ca\/fr\/wp-json\/wp\/v2\/pages\/3466","targetHints":{"allow":["GET"]}}],"collection":[{"href":"https:\/\/gbgh.on.ca\/fr\/wp-json\/wp\/v2\/pages"}],"about":[{"href":"https:\/\/gbgh.on.ca\/fr\/wp-json\/wp\/v2\/types\/page"}],"author":[{"embeddable":true,"href":"https:\/\/gbgh.on.ca\/fr\/wp-json\/wp\/v2\/users\/3"}],"replies":[{"embeddable":true,"href":"https:\/\/gbgh.on.ca\/fr\/wp-json\/wp\/v2\/comments?post=3466"}],"version-history":[{"count":28,"href":"https:\/\/gbgh.on.ca\/fr\/wp-json\/wp\/v2\/pages\/3466\/revisions"}],"predecessor-version":[{"id":3835,"href":"https:\/\/gbgh.on.ca\/fr\/wp-json\/wp\/v2\/pages\/3466\/revisions\/3835"}],"up":[{"embeddable":true,"href":"https:\/\/gbgh.on.ca\/fr\/wp-json\/wp\/v2\/pages\/72"}],"wp:attachment":[{"href":"https:\/\/gbgh.on.ca\/fr\/wp-json\/wp\/v2\/media?parent=3466"}],"curies":[{"name":"wp","href":"https:\/\/api.w.org\/{rel}","templated":true}]}}