{"id":3124,"date":"2023-04-26T22:49:02","date_gmt":"2023-04-27T02:49:02","guid":{"rendered":"https:\/\/gbgh.on.ca\/fr\/?page_id=3124"},"modified":"2023-12-21T14:55:57","modified_gmt":"2023-12-21T19:55:57","slug":"program-de-partenaires-de-soins-essentiels","status":"publish","type":"page","link":"https:\/\/gbgh.on.ca\/fr\/patients-et-visiteurs\/program-de-partenaires-de-soins-essentiels\/","title":{"rendered":"Program de partenaires de soins essentiels"},"content":{"rendered":"\t\t<div data-elementor-type=\"wp-page\" data-elementor-id=\"3124\" class=\"elementor elementor-3124\" data-elementor-post-type=\"page\">\n\t\t\t\t\t\t<section class=\"elementor-section elementor-top-section elementor-element elementor-element-1e7fe840 elementor-section-boxed elementor-section-height-default elementor-section-height-default\" data-id=\"1e7fe840\" data-element_type=\"section\">\n\t\t\t\t\t\t<div class=\"elementor-container elementor-column-gap-no\">\n\t\t\t\t\t<div class=\"elementor-column elementor-col-100 elementor-top-column elementor-element elementor-element-849c626\" data-id=\"849c626\" data-element_type=\"column\">\n\t\t\t<div class=\"elementor-widget-wrap elementor-element-populated\">\n\t\t\t\t\t\t<div class=\"elementor-element elementor-element-5afca08f elementor-widget elementor-widget-text-editor\" data-id=\"5afca08f\" data-element_type=\"widget\" data-widget_type=\"text-editor.default\">\n\t\t\t\t\t\t\t\t\t<h2><strong><img fetchpriority=\"high\" decoding=\"async\" class=\"alignright wp-image-3132\" src=\"https:\/\/gbgh.on.ca\/fr\/gbghmedia\/Partenaire-de-soins-essentiels-logo.png\" alt=\"Logo de la Partenaire de soins essentiels\" width=\"250\" height=\"270\" \/><\/strong>Qu\u2019est-ce qu\u2019un partenaire de soins essentiels?<\/h2><p>L\u2019HGBG s\u2019engage \u00e0 fournir des soins s\u00e9curitaires et de qualit\u00e9 qui sont ax\u00e9s sur le patient. Cette m\u00e9thode de planification, de prestation et d\u2019\u00e9valuation des soins de sant\u00e9 est fond\u00e9e sur des partenariats mutuellement avantageux entre les fournisseurs de soins de sant\u00e9, les patients et les familles. Les partenaires de soins essentiels (PSE) sont d\u2019importants membres de ces partenariats.<\/p><p>Un partenaire de soins essentiels, est une personne d\u00e9sign\u00e9e par le patient qui la juge essentielle \u00e0 son bien-\u00eatre pendant son hospitalisation. Par opposition au visiteur, dont le r\u00f4le aupr\u00e8s du patient est de nature sociale, les PSE apportent du soutien au patient et agissent comme pr\u00e9cieux membres de l\u2019\u00e9quipe de soins. \u00c0 ce titre, les PSE sont autoris\u00e9s \u00e0 se pr\u00e9senter \u00e0 l\u2019h\u00f4pital plus souvent et plus r\u00e9guli\u00e8rement, et ne sont pas limit\u00e9s par les heures de visite normales.<\/p><h2>Que font les PSE?<\/h2><p>L\u2019HGBG reconna\u00eet l\u2019importance des PSE, car les patients qui peuvent compter sur une personne famili\u00e8re pour les soutenir peuvent se sentir plus \u00e0 l\u2019aise, et leur \u00e9tat de sant\u00e9 s\u2019am\u00e9liore en cons\u00e9quence. Un partenaire de soins essentiels peut participer aux soins des patients de plusieurs fa\u00e7ons, dont :<\/p><ul><li>Appuyer les patients ayant des troubles cognitifs, intellectuels ou de m\u00e9moire.<\/li><li>Appuyer les patients pendant la prise de d\u00e9cisions et la planification des soins pendant qu\u2019ils sont \u00e0 l\u2019h\u00f4pital.<\/li><li>Aider les patients avec l\u2019alimentation, les soins personnels, la communication ou la mobilisation.<\/li><\/ul><h2>Qui peut d\u00e9signer un PSE?<\/h2><p>Les patients peuvent d\u00e9signer un partenaire de soins essentiels s\u2019ils r\u00e9pondent aux crit\u00e8res suivants et sont approuv\u00e9s par le chef de l\u2019unit\u00e9 pour patients hospitalis\u00e9s :<\/p><ul><li>S\u2019ils sont admis \u00e0 l\u2019h\u00f4pital pour un s\u00e9jour estim\u00e9 de trois jours ou plus<br \/>ET<\/li><li>R\u00e9pondent \u00e0 la d\u00e9finition de patient vuln\u00e9rable : <em>Personne qui est ou qui pourrait \u00eatre pour une raison quelconque incapable de se prot\u00e9ger et de prendre soin d\u2019elle-m\u00eame contre toute forme majeure de danger ou d\u2019exploitation (p.ex. patient de moins de 18 ans, ayant des troubles cognitifs, ayant une importante d\u00e9ficience intellectuelle ou du d\u00e9veloppement ou les deux, personnes \u00e2g\u00e9es fragiles, pr\u00e9occupations relatives \u00e0 la mobilit\u00e9 ou incapable de communiquer efficacement).<\/em><\/li><li>A besoin d\u2019aide avec l\u2019une des suivantes :<ul><li>Soins personnels, alimentation\/heure du repas<\/li><li>Mobilit\u00e9<\/li><li>Communication li\u00e9e \u00e0 la d\u00e9ficience auditive, visuelle, cognitive, intellectuelle, de la parole ou de la m\u00e9moire<\/li><li>Aide \u00e0 la prise de d\u00e9cisions<\/li><\/ul><\/li><\/ul><h2>Quels sont quelques exemples d\u2019un patient vuln\u00e9rable qui serait admissible \u00e0 un PSE?<\/h2><p>L\u2019HGBG d\u00e9crit un patient vuln\u00e9rable comme :<\/p><ul><li>Personne qui est ou qui pourrait \u00eatre pour une raison quelconque incapable de se prot\u00e9ger et de prendre soin d\u2019elle-m\u00eame contre toute forme majeure de danger ou d\u2019exploitation (p.ex. patient de moins de 18 ans, ayant des troubles cognitifs, ayant une importante d\u00e9ficience intellectuelle ou du d\u00e9veloppement ou les deux, personnes \u00e2g\u00e9es fragiles, pr\u00e9occupations relatives \u00e0 la mobilit\u00e9 ou incapable de communiquer efficacement).<\/li><\/ul><p>Voici des exemples o\u00f9 la pr\u00e9sence d\u2019un PSE serait avantageuse :<\/p><ul><li>Le patient a besoin d\u2019aide avec les soins personnels ou l\u2019alimentation.<\/li><li>Le patient a besoin d\u2019aide avec la mobilit\u00e9 ou pr\u00e9sente un risque \u00e9lev\u00e9 de chute.<\/li><li>Le patient a besoin d\u2019aide avec la communication en raison de troubles auditifs, visuels, cognitifs, intellectuels, de la parole ou de la m\u00e9moire.<\/li><li>Le patient a besoin d\u2019aide avec la prise de d\u00e9cision.<\/li><\/ul><h2>Quelles sont les attentes \u00e0 l\u2019\u00e9gard d\u2019un PSE?<\/h2><p>Une fois approuv\u00e9e pour le programme, la personne doit suivre la formation \u00e0 l\u2019intention des PSE o\u00f9 l\u2019on souligne ses r\u00f4les et responsabilit\u00e9s, et suivre la formation en pr\u00e9vention et contr\u00f4le des infections (PCI).<\/p><p>Les PSE sont en outre tenus de :<\/p><ul><li>Respecter les protocoles en mati\u00e8re de s\u00e9curit\u00e9, le code de conduite, et les droits et responsabilit\u00e9s des patients et des familles de l\u2019HGBG.<\/li><li>Se conformer en tout temps aux normes de l\u2019HGBG en mati\u00e8re de PCI.<\/li><li>Faire preuve de consid\u00e9ration et de respect \u00e0 l\u2019\u00e9gard de tout patient, membre de l\u2019\u00e9quipe de soins, membre du personnel et b\u00e9n\u00e9vole.<\/li><li>Porter un insigne d\u2019identit\u00e9 de PSE pendant qu\u2019il est \u00e0 l\u2019h\u00f4pital; il doit remettre l\u2019insigne au moment o\u00f9 le patient prend son cong\u00e9 de l\u2019h\u00f4pital.<\/li><\/ul><h2>Comment les patients hospitalis\u00e9s lancent-ils le processus de d\u00e9signation d\u2019un PSE?<\/h2><p>Les patients qui d\u00e9sirent designer un PSE peuvent remplir le formulaire de demande ci-dessous, puis l\u2019exp\u00e9dier \u00e0 <a href=\"mailto:patientrelations@gbgh.on.ca\">patientrelations@gbgh.on.ca<\/a> ou demander de l\u2019aide \u00e0 l\u2019\u00e9quipe de soins pour soumettre une demande.<\/p><h2>Combien de PSE un patient peut-il avoir?<\/h2><p>Chaque patient admissible peut designer jusqu\u2019\u00e0 deux partenaires de soins essentiels. Le PSE exerce ses fonctions uniquement pendant la dur\u00e9e de l\u2019admission du patient.<\/p><h2>Quelles sont les zones de l\u2019h\u00f4pital comprises dans le programme des PSE?<\/h2><ul><li>1 Nord<\/li><li>2 Nord<\/li><li>2 Est<\/li><li>Unit\u00e9 des soins intensifs<\/li><\/ul><h2>Quand les PSE peuvent-ils se pr\u00e9senter pour une visite?<\/h2><p>\u00c9tant donn\u00e9 que les PSE jouent un r\u00f4le au sein de l\u2019\u00e9quipe de soins d\u2019un patient, ils sont autoris\u00e9s \u00e0 fournir le soutien au patient pendant les heures de visite. Un seul PSE peut \u00eatre pr\u00e9sent \u00e0 la fois au chevet. Les PSE doivent effectuer un d\u00e9pistage pour entrer dans l\u2019h\u00f4pital et suivre les protocoles de l\u2019HGBG en mati\u00e8re de pr\u00e9vention et de contr\u00f4le des infections.<\/p><h2>Comment le PSE sera-t-il identifi\u00e9?<\/h2><p>Les PSE portent un insigne d\u2019identification sp\u00e9cial pendant leur visite \u00e0 l\u2019h\u00f4pital. Le bureau de l\u2019exp\u00e9rience des patients et des familles \u00e9met l\u2019insigne que le PSE doit remettre \u00e0 la fin de sa visite.<\/p><h2>Comment pr\u00e9senter une demande<\/h2><p>Si vous ou un \u00eatre cher \u00eates admissible \u00e0 disposer d\u2019un PSE, veuillez en parler avec un membre de votre \u00e9quipe de soins et remplir le formulaire de demande ci-dessous.<\/p><p>Une fois le formulaire exp\u00e9di\u00e9, veuillez pr\u00e9voir un jour ouvrable avant que le bureau de l\u2019exp\u00e9rience des patients et des familles ne communique avec vous pour vous donner de plus amples renseignements sur votre demande.<\/p><p>Nota : Les PSE ne sont pas toujours n\u00e9cessaires et ce ne sont pas tous les patients qui sont admissibles ou approuv\u00e9s.<\/p>\t\t\t\t\t\t\t\t<\/div>\n\t\t\t\t<div class=\"elementor-element elementor-element-ac06f81 elementor-widget elementor-widget-button\" data-id=\"ac06f81\" data-element_type=\"widget\" data-widget_type=\"button.default\">\n\t\t\t\t\t\t\t\t\t\t<a class=\"elementor-button elementor-button-link elementor-size-sm\" href=\"https:\/\/gbgh.on.ca\/fr\/gbghmedia\/GBGH-Essential-Care-Partner-Application-FR.pdf\" target=\"_blank\">\n\t\t\t\t\t\t<span class=\"elementor-button-content-wrapper\">\n\t\t\t\t\t\t\t\t\t<span class=\"elementor-button-text\">FAIRE DEMANDE MAINTENANT<\/span>\n\t\t\t\t\t<\/span>\n\t\t\t\t\t<\/a>\n\t\t\t\t\t\t\t\t<\/div>\n\t\t\t\t<div class=\"elementor-element elementor-element-c19d944 elementor-widget elementor-widget-text-editor\" data-id=\"c19d944\" data-element_type=\"widget\" data-widget_type=\"text-editor.default\">\n\t\t\t\t\t\t\t\t\t<p>Une fois le formulaire rempli, le sauvegarder sous forme de fichier PDF ou l\u2019imprimer et le scanner. Puis, l\u2019exp\u00e9dier par courriel \u00e0 : <a href=\"mailto:patientrelations@gbgh.on.ca\">patientrelations@gbgh.on.ca<\/a><\/p>\t\t\t\t\t\t\t\t<\/div>\n\t\t\t\t\t<\/div>\n\t\t<\/div>\n\t\t\t\t\t<\/div>\n\t\t<\/section>\n\t\t\t\t<\/div>\n\t\t","protected":false},"excerpt":{"rendered":"<p>Qu\u2019est-ce qu\u2019un partenaire de soins essentiels? L\u2019HGBG s\u2019engage \u00e0 fournir des soins s\u00e9curitaires et de qualit\u00e9 qui sont ax\u00e9s sur le patient. Cette m\u00e9thode de planification, de prestation et d\u2019\u00e9valuation des soins de sant\u00e9 est fond\u00e9e sur des partenariats mutuellement avantageux entre les fournisseurs de soins de sant\u00e9, les patients et les familles. Les partenaires [&hellip;]<\/p>\n","protected":false},"author":3,"featured_media":0,"parent":128,"menu_order":0,"comment_status":"closed","ping_status":"closed","template":"","meta":{"footnotes":""},"class_list":["post-3124","page","type-page","status-publish","hentry"],"_links":{"self":[{"href":"https:\/\/gbgh.on.ca\/fr\/wp-json\/wp\/v2\/pages\/3124","targetHints":{"allow":["GET"]}}],"collection":[{"href":"https:\/\/gbgh.on.ca\/fr\/wp-json\/wp\/v2\/pages"}],"about":[{"href":"https:\/\/gbgh.on.ca\/fr\/wp-json\/wp\/v2\/types\/page"}],"author":[{"embeddable":true,"href":"https:\/\/gbgh.on.ca\/fr\/wp-json\/wp\/v2\/users\/3"}],"replies":[{"embeddable":true,"href":"https:\/\/gbgh.on.ca\/fr\/wp-json\/wp\/v2\/comments?post=3124"}],"version-history":[{"count":10,"href":"https:\/\/gbgh.on.ca\/fr\/wp-json\/wp\/v2\/pages\/3124\/revisions"}],"predecessor-version":[{"id":3656,"href":"https:\/\/gbgh.on.ca\/fr\/wp-json\/wp\/v2\/pages\/3124\/revisions\/3656"}],"up":[{"embeddable":true,"href":"https:\/\/gbgh.on.ca\/fr\/wp-json\/wp\/v2\/pages\/128"}],"wp:attachment":[{"href":"https:\/\/gbgh.on.ca\/fr\/wp-json\/wp\/v2\/media?parent=3124"}],"curies":[{"name":"wp","href":"https:\/\/api.w.org\/{rel}","templated":true}]}}