{"id":309,"date":"2018-04-24T11:45:55","date_gmt":"2018-04-24T15:45:55","guid":{"rendered":"http:\/\/172.29.100.163:8080\/fr\/?page_id=309"},"modified":"2024-02-22T16:01:10","modified_gmt":"2024-02-22T21:01:10","slug":"services-sur-place","status":"publish","type":"page","link":"https:\/\/gbgh.on.ca\/fr\/patients-et-visiteurs\/services-sur-place\/","title":{"rendered":"Services sur place"},"content":{"rendered":"<p>Ici vous pouvez trouver o\u00f9 et quand les services suivants sont disponibles \u00e0 l\u2019H\u00f4pital g\u00e9n\u00e9ral de la baie Georgienne :<\/p>\n<h2>Distributeur automatique des billets<\/h2>\n<p>Il y a des distributeurs dans les lobby.<\/p>\n<h2>Boutique des cadeaux<\/h2>\n<p>Les boutiques des cadeaux sont ouvertes tous les jours et sont bien situ\u00e9s dans les lobbys de chaque des sites et sont op\u00e9rer par l\u2019association des volontaires.<\/p>\n<h2>Caf\u00e9<\/h2>\n<p>Le Caf\u00e9 est ouvert entre 7 heures et 15 heures au site de Midland et c\u2019est situ\u00e9 sur le premier niveau. En Penetanguishene, la caf\u00e9t\u00e9ria est ouverte de 7 heures \u00e0 13 heures et c\u2019est situ\u00e9 sur le premier niveau.<\/p>\n<h2>Bar a caf\u00e9<\/h2>\n<p>Le caf\u00e9 (Coffee Bar) est ouvert entre huit heures \u00e0 15 heures trente et c\u2019est op\u00e9rer par l\u2019association des volontaires. C\u2019est situ\u00e9 dans le lobby au site de Midland.<\/p>\n<p lang=\"en-US\">\n","protected":false},"excerpt":{"rendered":"<p>Ici vous pouvez trouver o\u00f9 et quand les services suivants sont disponibles \u00e0 l\u2019H\u00f4pital g\u00e9n\u00e9ral de la baie Georgienne : Distributeur automatique des billets Il y a des distributeurs dans les lobby. Boutique des cadeaux Les boutiques des cadeaux sont ouvertes tous les jours et sont bien situ\u00e9s dans les lobbys de chaque des sites [&hellip;]<\/p>\n","protected":false},"author":1,"featured_media":0,"parent":128,"menu_order":0,"comment_status":"closed","ping_status":"closed","template":"","meta":{"footnotes":""},"class_list":["post-309","page","type-page","status-publish","hentry"],"_links":{"self":[{"href":"https:\/\/gbgh.on.ca\/fr\/wp-json\/wp\/v2\/pages\/309","targetHints":{"allow":["GET"]}}],"collection":[{"href":"https:\/\/gbgh.on.ca\/fr\/wp-json\/wp\/v2\/pages"}],"about":[{"href":"https:\/\/gbgh.on.ca\/fr\/wp-json\/wp\/v2\/types\/page"}],"author":[{"embeddable":true,"href":"https:\/\/gbgh.on.ca\/fr\/wp-json\/wp\/v2\/users\/1"}],"replies":[{"embeddable":true,"href":"https:\/\/gbgh.on.ca\/fr\/wp-json\/wp\/v2\/comments?post=309"}],"version-history":[{"count":7,"href":"https:\/\/gbgh.on.ca\/fr\/wp-json\/wp\/v2\/pages\/309\/revisions"}],"predecessor-version":[{"id":3883,"href":"https:\/\/gbgh.on.ca\/fr\/wp-json\/wp\/v2\/pages\/309\/revisions\/3883"}],"up":[{"embeddable":true,"href":"https:\/\/gbgh.on.ca\/fr\/wp-json\/wp\/v2\/pages\/128"}],"wp:attachment":[{"href":"https:\/\/gbgh.on.ca\/fr\/wp-json\/wp\/v2\/media?parent=309"}],"curies":[{"name":"wp","href":"https:\/\/api.w.org\/{rel}","templated":true}]}}