{"id":3046,"date":"2023-05-24T15:17:28","date_gmt":"2023-05-24T19:17:28","guid":{"rendered":"https:\/\/gbgh.on.ca\/fr\/?page_id=3046"},"modified":"2024-01-05T01:18:14","modified_gmt":"2024-01-05T06:18:14","slug":"dossiers-medicaux","status":"publish","type":"page","link":"https:\/\/gbgh.on.ca\/fr\/patients-et-visiteurs\/dossiers-medicaux\/","title":{"rendered":"Dossiers m\u00e9dicaux"},"content":{"rendered":"<p>Le Service des dossiers m\u00e9dicaux supervise la collecte, le traitement, le stockage et la conservation des dossiers m\u00e9dicaux des patients apr\u00e8s une visite \u00e0 l\u2019HGBG. Nous respectons et maintenons la garde et la confidentialit\u00e9 des renseignements personnels sur la sant\u00e9 de chaque patient conform\u00e9ment aux lois du gouvernement et aux politiques du centre de sant\u00e9.<\/p>\n<p>Nota : L\u2019HGBG peut ne maintenir que certains de vos dossiers. Assurez-vous d\u2019apporter votre carte-sant\u00e9 ou une pi\u00e8ce d\u2019identit\u00e9 personnelle valide ainsi qu\u2019une carte de cr\u00e9dit ou de d\u00e9bit pour les paiements applicables.<\/p>\n<h2>Acc\u00e9der au dossier m\u00e9dical<\/h2>\n<p>La collecte, l\u2019utilisation, l\u2019acc\u00e8s ou la communication de renseignements personnels sur la sant\u00e9 est r\u00e9gie par la loi de l\u2019Ontario (<em>Loi de 2004 sur la protection des renseignements <\/em><em>personnels sur la sant\u00e9<\/em>). Selon la loi, vous avez le droit d\u2019acc\u00e9der \u00e0 votre dossier m\u00e9dical hospitalier en demandant de le voir ou d\u2019en recevoir une copie. Aucun frais n\u2019est per\u00e7u pour exp\u00e9dier des copies d\u2019un dossier m\u00e9dical \u00e0 un autre m\u00e9decin ou fournisseur de soins de sant\u00e9 appartenant \u00e0 votre cercle de soins.<\/p>\n<h2>Obtenir une copie de votre dossier m\u00e9dical ou de celui d\u2019une autre personne<\/h2>\n<p>Il faut obtenir le consentement pour la collecte, l\u2019utilisation ou la divulgation de renseignements personnels sur la sant\u00e9 d\u2019un patient, de tout \u00e2ge, s\u2019il est capable de comprendre l\u2019information qui lui est pr\u00e9sent\u00e9e et l\u2019impact du consentement ou du refus de l\u2019accorder. Si le patient n\u2019est pas en mesure de donner son consentement, le consentement est obtenu du mandataire sp\u00e9cial. Ces personnes sont\u00a0:<\/p>\n<ul>\n<li>Le tuteur \u00e0 la personne (du patient) ou le tuteur aux biens du particulier;<\/li>\n<li>Le procureur au soin de la personne ou le procureur aux biens du particulier;<\/li>\n<li>Le repr\u00e9sentant du particulier nomm\u00e9 par la Commission du consentement et de la capacit\u00e9;<\/li>\n<li>Le conjoint ou le partenaire du particulier;<\/li>\n<li>Un enfant ou le p\u00e8re ou la m\u00e8re du particulier;<\/li>\n<li>Le p\u00e8re ou la m\u00e8re du particulier qui n\u2019a qu\u2019un droit de visite \u00e0 l\u2019\u00e9gard de ce dernier;<\/li>\n<li>Un fr\u00e8re ou une s\u0153ur du particulier;<\/li>\n<li>Tout autre parent du particulier.<\/li>\n<\/ul>\n<p>En cas de conflit, la d\u00e9cision du patient capable s\u2019impose en ce qui a trait au consentement pour la collecte, l\u2019utilisation ou la divulgation de ses renseignements personnels sur la sant\u00e9.<\/p>\n<p>Vous pouvez obtenir une copie de votre dossier m\u00e9dical personnel en soumettant <a href=\"https:\/\/gbgh.on.ca\/fr\/gbghmedia\/GBGH-Release-of-Information-Form-Oct-2023-FR.pdf\"><strong>un formulaire d\u2019autorisation <\/strong><\/a>au Service des archives m\u00e9dicales par t\u00e9l\u00e9copieur\u00a0: 705\u00a0526-4491.<\/p>\n<h2>Obtenir une copie du dossier m\u00e9dical d\u2019une personne d\u00e9c\u00e9d\u00e9e<\/h2>\n<p>Si vous demandez une copie du dossier hospitalier d\u2019un patient d\u00e9c\u00e9d\u00e9, vous devez soumettre une preuve de votre pouvoir l\u00e9gal de signature, ainsi que le formulaire d\u2019autorisation au Service des dossiers m\u00e9dicaux.<\/p>\n<p>Vous devez pr\u00e9senter soit :<\/p>\n<ul>\n<li>une copie du testament de la personne d\u00e9c\u00e9d\u00e9e qui vous d\u00e9signe comme ex\u00e9cuteur;<\/li>\n<li>en l\u2019absence de testament, une lettre notari\u00e9e par un avocat pour confirmer votre pouvoir l\u00e9gal de signature<\/li>\n<li>L\u2019h\u00f4pital n\u2019\u00e9met pas les certificats de d\u00e9c\u00e8s. L\u2019h\u00f4pital remplit le certificat m\u00e9dical de d\u00e9c\u00e8s et le remet au salon fun\u00e9raire avec le corps. Le salon fun\u00e9raire remplit la d\u00e9claration de d\u00e9c\u00e8s et inscrit le d\u00e9c\u00e8s au registre de l\u2019\u00e9tat civil. Pour obtenir un certificat de d\u00e9c\u00e8s, veuillez communiquer avec le Bureau du registraire g\u00e9n\u00e9ral de l\u2019\u00e9tat civil au 1\u00a0800\u00a0461-2156 ou passer par le site Web du minist\u00e8re de la Sant\u00e9.<\/li>\n<\/ul>\n<h2>Certificat de naissance ou de d\u00e9c\u00e8s<\/h2>\n<p>Pour assurer l\u2019enregistrement de votre enfant \u00e0 sa naissance, le personnel de l\u2019h\u00f4pital vous fournira les documents n\u00e9cessaires au moment de la naissance.<\/p>\n<p>Pour obtenir un certificat de naissance ou de d\u00e9c\u00e8s, veuillez communiquer avec le Bureau du registraire g\u00e9n\u00e9ral &#8211; certificat en ligne\u00a0<a href=\"https:\/\/can01.safelinks.protection.outlook.com\/?url=https%3A%2F%2Fwww.orgforms.gov.on.ca%2FeForms%2Fstart.do%3Flang%3Dfr&amp;data=05%7C01%7CMooreJen%40gbgh.on.ca%7C6563d1a66e5c4dc63e7008dbd6677e3d%7C666a077a044e4344b8427fb3d0f9507e%7C0%7C0%7C638339512217735966%7CUnknown%7CTWFpbGZsb3d8eyJWIjoiMC4wLjAwMDAiLCJQIjoiV2luMzIiLCJBTiI6Ik1haWwiLCJXVCI6Mn0%3D%7C3000%7C%7C%7C&amp;sdata=7JrLyAWW0eTMmsprHqsDqBsm495ZO5KEZYjev6UZ8Os%3D&amp;reserved=0\"><strong>La demande se trouve ici<\/strong><\/a>.<\/p>\n<p>Par la poste :<br \/>\nBureau du registraire g\u00e9n\u00e9ral<br \/>\nC.P. 4600<br \/>\n189, chemin Red River, 3<sup>e<\/sup> \u00e9tage, Thunder Bay (Ontario) P7B 6L8<br \/>\n<strong>Num\u00e9ro de t\u00e9l\u00e9phone \u00e0 Toronto\u00a0<\/strong>:\u00a0<a href=\"tel:416-325-8305\"><strong>416\u00a0325-8305<\/strong><\/a><br \/>\n<strong>Sans frais \u00e0 l\u2019ext\u00e9rieur de Toronto\u00a0<\/strong>:\u00a0<a href=\"tel:1-800-461-2156\"><strong>1\u00a0800\u00a0461-2156<\/strong><\/a><br \/>\n<strong>T\u00e9l\u00e9copieur\u00a0<\/strong>: 807 343-7459<\/p>\n<h2>Obtenir une copie de votre dossier m\u00e9dical pour un tiers<\/h2>\n<p>Pour votre protection, une copie de dossier m\u00e9dical ne sera communiqu\u00e9e \u00e0 aucun tiers sans votre autorisation \u00e9crite.<\/p>\n<p>Vous pouvez demander qu\u2019une copie de votre dossier m\u00e9dical hospitalier soit communiqu\u00e9e \u00e0 un avocat, \u00e0 une compagnie d\u2019assurance ou \u00e0 tout autre tiers pr\u00e9cis\u00e9 par vous, en demandant au tiers de pr\u00e9senter une demande par \u00e9crit accompagn\u00e9e de votre autorisation de communication de l\u2019information.<\/p>\n<h2>Obtenir une copie de votre dossier m\u00e9dical pour d\u2019autres fournisseurs de soins de sant\u00e9<\/h2>\n<p>Sur demande, des copies de votre dossier m\u00e9dical peuvent \u00eatre communiqu\u00e9es aux fournisseurs de soins de sant\u00e9 \u00e0 l\u2019ext\u00e9rieur de l\u2019h\u00f4pital pour garantir que vous recevez les meilleurs soins continus. Votre m\u00e9decin traitant \u00e0 l\u2019h\u00f4pital peut \u00e9galement partager des rapports ou des r\u00e9sum\u00e9s de vos traitements \u00e0 l\u2019h\u00f4pital avec d\u2019autres m\u00e9decins et fournisseurs de soins de sant\u00e9 qui participent \u00e0 vos soins pour veiller \u00e0 ce qu\u2019ils soient au courant des traitements ou des m\u00e9dicaments qui peuvent affecter vos soins continus.<\/p>\n<h2><strong>Erreurs dans mon dossier de sant\u00e9<\/strong><\/h2>\n<p>Toute personne qui croit que son dossier de sant\u00e9 contient des renseignements inexacts ou incomplets peut demander la rectification du dossier.\u00a0<a href=\"https:\/\/gbgh.on.ca\/fr\/gbghmedia\/Request-for-Correction-to-PHI-and-PI-Form-Regional-FR.pdf\" target=\"_blank\" rel=\"noopener\">Veuillez <strong>cliquer ici<\/strong>\u00a0pour t\u00e9l\u00e9charger la formule de demande de rectification de l\u2019HGBG.<\/a> Pour obtenir plus d\u2019information sur le processus de demande de rectification, veuillez communiquer avec le Bureau r\u00e9gional de protection de la vie priv\u00e9e.<\/p>\n<h2>Mes soins de sant\u00e9<\/h2>\n<p><a href=\"https:\/\/myhealthcareportal.ca\/\" target=\"_blank\" rel=\"noopener\"><strong>mes soins de sant\u00e9<\/strong><\/a> est un portail patient en ligne s\u00e9curis\u00e9 qui vous donne, \u00e0 vous et aux amis, soignants et membres de la famille autoris\u00e9s, l\u2019acc\u00e8s \u00e0 votre dossier m\u00e9dical \u00e9lectronique aupr\u00e8s des h\u00f4pitaux partenaires, en tout lieu et \u00e0 tout moment. <a href=\"https:\/\/gbgh.on.ca\/fr\/programmes-et-services\/mes-soins-de-sante\/\">Pour plus d\u2019information \u00e0 propos de <strong>mes soins de sant\u00e9<\/strong>, veuillez <strong>cliquer ici.<\/strong><\/a><\/p>\n<p>&nbsp;<\/p>\n<p>&nbsp;<\/p>\n","protected":false},"excerpt":{"rendered":"<p>Le Service des dossiers m\u00e9dicaux supervise la collecte, le traitement, le stockage et la conservation des dossiers m\u00e9dicaux des patients apr\u00e8s une visite \u00e0 l\u2019HGBG. Nous respectons et maintenons la garde et la confidentialit\u00e9 des renseignements personnels sur la sant\u00e9 de chaque patient conform\u00e9ment aux lois du gouvernement et aux politiques du centre de sant\u00e9. [&hellip;]<\/p>\n","protected":false},"author":3,"featured_media":0,"parent":128,"menu_order":0,"comment_status":"closed","ping_status":"closed","template":"","meta":{"footnotes":""},"class_list":["post-3046","page","type-page","status-publish","hentry"],"_links":{"self":[{"href":"https:\/\/gbgh.on.ca\/fr\/wp-json\/wp\/v2\/pages\/3046","targetHints":{"allow":["GET"]}}],"collection":[{"href":"https:\/\/gbgh.on.ca\/fr\/wp-json\/wp\/v2\/pages"}],"about":[{"href":"https:\/\/gbgh.on.ca\/fr\/wp-json\/wp\/v2\/types\/page"}],"author":[{"embeddable":true,"href":"https:\/\/gbgh.on.ca\/fr\/wp-json\/wp\/v2\/users\/3"}],"replies":[{"embeddable":true,"href":"https:\/\/gbgh.on.ca\/fr\/wp-json\/wp\/v2\/comments?post=3046"}],"version-history":[{"count":15,"href":"https:\/\/gbgh.on.ca\/fr\/wp-json\/wp\/v2\/pages\/3046\/revisions"}],"predecessor-version":[{"id":3748,"href":"https:\/\/gbgh.on.ca\/fr\/wp-json\/wp\/v2\/pages\/3046\/revisions\/3748"}],"up":[{"embeddable":true,"href":"https:\/\/gbgh.on.ca\/fr\/wp-json\/wp\/v2\/pages\/128"}],"wp:attachment":[{"href":"https:\/\/gbgh.on.ca\/fr\/wp-json\/wp\/v2\/media?parent=3046"}],"curies":[{"name":"wp","href":"https:\/\/api.w.org\/{rel}","templated":true}]}}