{"id":304,"date":"2018-04-24T10:23:53","date_gmt":"2018-04-24T14:23:53","guid":{"rendered":"http:\/\/172.29.100.163:8080\/fr\/?page_id=304"},"modified":"2023-12-21T14:40:32","modified_gmt":"2023-12-21T19:40:32","slug":"securite-des-patients","status":"publish","type":"page","link":"https:\/\/gbgh.on.ca\/fr\/patients-et-visiteurs\/securite-des-patients\/","title":{"rendered":"S\u00e9curit\u00e9 des patients"},"content":{"rendered":"<h2>La s\u00e9curit\u00e9 des patients<\/h2>\n<p>La s\u00e9curit\u00e9 des patients est prioritaire et continuera de l\u2019\u00eatre pour tout le monde \u00e0 l\u2019H\u00f4pital g\u00e9n\u00e9ral de la baie Georgienne. Nous croyons que les soins de sant\u00e9 de qualit\u00e9 vont de pair avec les soins de sant\u00e9 s\u00e9curitaires. L\u2019HGBG s\u2019engage envers les initiatives qui d\u00e9veloppent, maintiennent et alimentent notre culture de s\u00e9curit\u00e9 pour nos patients et les membres de leur famille, notre personnel et nos m\u00e9decins.<\/p>\n<h2>Tout le monde a un r\u00f4le \u00e0 jouer en mati\u00e8re de s\u00e9curit\u00e9 des patients<\/h2>\n<p>Les patients et les membres de leur famille sont des partenaires de la prestation de soins de qualit\u00e9 aux patients et ils ont un r\u00f4le important \u00e0 jouer en mati\u00e8re de s\u00e9curit\u00e9 des patients.<\/p>\n<h2>Vos soins de sant\u00e9 \u2013 prenez-y part<\/h2>\n<p>L\u2019Association des h\u00f4pitaux de l\u2019Ontario a \u00e9labor\u00e9 cinq conseils fond\u00e9s sur le bon sens en mati\u00e8re de s\u00e9curit\u00e9 des patients afin d\u2019aider les patients \u00e0 prendre des d\u00e9cisions \u00e9clair\u00e9es au sujet de leurs soins de sant\u00e9 :<\/p>\n<ol>\n<li>Impliquez-vous dans vos soins de sant\u00e9. N\u2019h\u00e9sitez pas \u00e0 poser des questions sur les soins qu\u2019on vous donne.<\/li>\n<li>Signalez \u00e0 votre \u00e9quipe soignante vos ant\u00e9c\u00e9dents m\u00e9dicaux et votre \u00e9tat de sant\u00e9 actuel.<\/li>\n<li>Apportez tous vos m\u00e9dicaments lorsque vous vous rendez \u00e0 un rendez-vous m\u00e9dical.<\/li>\n<li>Signalez \u00e0 votre \u00e9quipe soignante si vous avez d\u00e9j\u00e0 fait une r\u00e9action \u00e0 un m\u00e9dicament ou \u00e0 un aliment.<\/li>\n<li>Assurez-vous de savoir quoi faire une fois que vous \u00eates \u00e0 la maison.<\/li>\n<\/ol>\n<h2>La politique en mati\u00e8re des visites<\/h2>\n<p>L\u2019une des meilleures fa\u00e7ons pour les visiteurs et les membres de la famille de prot\u00e9ger les patients, c\u2019est de suivre la politique de l\u2019HGBG en mati\u00e8re des visites, qui existe afin d\u2019assurer la s\u00e9curit\u00e9 de tous ses patients et les membres de son personnel.<\/p>\n<h2>Lavez-vous les mains<\/h2>\n<p>Le moyen le plus efficace pour arr\u00eater la propagation des infections, c\u2019est une bonne hygi\u00e8ne des mains. L\u2019HGBG est fier de participer \u00e0 l\u2019initiative Lavez-vous les mains du minist\u00e8re de la Sant\u00e9 et des Soins de longue dur\u00e9e. Ce programme est con\u00e7u afin d\u2019\u00e9tablir une culture qui veut que la pr\u00e9vention des infections, c\u2019est l\u2019affaire de tout le monde, que l\u2019on soit membre du personnel, m\u00e9decin, patient ou visiteur.<\/p>\n<h2>La pr\u00e9vention des infections<\/h2>\n<p>Un programme de pr\u00e9vention des infections est tr\u00e8s important pour la s\u00e9curit\u00e9 des patients puisque la pr\u00e9sence de bact\u00e9ries qui r\u00e9sistent aux antibiotiques \u2013 C. difficile, SARM et ERV \u2013 est une r\u00e9alit\u00e9 de la prestation de soins de sant\u00e9 d\u2019aujourd\u2019hui. En reconnaissance de ce fait, l\u2019HGBG fait appel \u00e0 des proc\u00e9dures de pr\u00e9vention des infections.<\/p>\n<ul>\n<li>La surveillance accrue de la part du personnel de premi\u00e8re ligne et des m\u00e9decins, coordonn\u00e9e par une \u00e9quipe de pr\u00e9vention des infections affect\u00e9e sp\u00e9cialement \u00e0 cette fin.<\/li>\n<li>Le placement de postes de lavage des mains dans tout l\u2019h\u00f4pital et dans les secteurs de soins aux patients.<\/li>\n<li>La fr\u00e9quence et l\u2019intensit\u00e9 accrues du nettoyage de tous les secteurs de soins aux patients.<\/li>\n<li>De l\u2019\u00e9quipement m\u00e9dical \u00e0 fonction unique, dans la mesure du possible, \u00e0 l\u2019intention des patients qui sont atteints d\u2019une maladie infectieuse ou qui peuvent \u00eatre colonis\u00e9s par une bact\u00e9rie r\u00e9sistante aux antibiotiques.<\/li>\n<li>Un programme de lavage des mains \u00e0 la grandeur de l\u2019h\u00f4pital.<\/li>\n<li>Programme de sensibilisation \u00e0 l\u2019intention du personnel, des m\u00e9decins, des patients et de leur famille.<\/li>\n<\/ul>\n<h2>Rapports destin\u00e9s au public<\/h2>\n<p><em><strong><span class=\"hps atn\">Rapport d&rsquo;<\/span>infection <span class=\"hps\">GBGH<\/span> <span class=\"hps\">se trouve sous<\/span> <span class=\"hps\">l&rsquo;onglet<\/span> <span class=\"hps\">et<\/span> <span class=\"hps\">des rapports sur<\/span> <span class=\"hps\">la<\/span> <span class=\"hps\">responsabilit\u00e9<\/span> <span class=\"hps\">suivante<\/span>:<\/strong><\/em><\/p>\n<ul>\n<li>Taux de Clostridium difficile \u00e0 l\u2019HGBG<\/li>\n<li>Taux de SARM \u00e0 l\u2019HGBG<\/li>\n<li>Taux d\u2019ERV \u00e0 l\u2019HGBG<\/li>\n<li>Taux d\u2019infection CLI-BSI<\/li>\n<li>Taux de VAP \u00e0 l\u2019HGBG<\/li>\n<li>Taux de conformit\u00e9 aux pratiques d\u2019hygi\u00e8ne des mains \u00e0 l\u2019HGBG<\/li>\n<\/ul>\n","protected":false},"excerpt":{"rendered":"<p>La s\u00e9curit\u00e9 des patients La s\u00e9curit\u00e9 des patients est prioritaire et continuera de l\u2019\u00eatre pour tout le monde \u00e0 l\u2019H\u00f4pital g\u00e9n\u00e9ral de la baie Georgienne. Nous croyons que les soins de sant\u00e9 de qualit\u00e9 vont de pair avec les soins de sant\u00e9 s\u00e9curitaires. L\u2019HGBG s\u2019engage envers les initiatives qui d\u00e9veloppent, maintiennent et alimentent notre culture [&hellip;]<\/p>\n","protected":false},"author":1,"featured_media":0,"parent":128,"menu_order":0,"comment_status":"closed","ping_status":"closed","template":"","meta":{"footnotes":""},"class_list":["post-304","page","type-page","status-publish","hentry"],"_links":{"self":[{"href":"https:\/\/gbgh.on.ca\/fr\/wp-json\/wp\/v2\/pages\/304","targetHints":{"allow":["GET"]}}],"collection":[{"href":"https:\/\/gbgh.on.ca\/fr\/wp-json\/wp\/v2\/pages"}],"about":[{"href":"https:\/\/gbgh.on.ca\/fr\/wp-json\/wp\/v2\/types\/page"}],"author":[{"embeddable":true,"href":"https:\/\/gbgh.on.ca\/fr\/wp-json\/wp\/v2\/users\/1"}],"replies":[{"embeddable":true,"href":"https:\/\/gbgh.on.ca\/fr\/wp-json\/wp\/v2\/comments?post=304"}],"version-history":[{"count":8,"href":"https:\/\/gbgh.on.ca\/fr\/wp-json\/wp\/v2\/pages\/304\/revisions"}],"predecessor-version":[{"id":3652,"href":"https:\/\/gbgh.on.ca\/fr\/wp-json\/wp\/v2\/pages\/304\/revisions\/3652"}],"up":[{"embeddable":true,"href":"https:\/\/gbgh.on.ca\/fr\/wp-json\/wp\/v2\/pages\/128"}],"wp:attachment":[{"href":"https:\/\/gbgh.on.ca\/fr\/wp-json\/wp\/v2\/media?parent=304"}],"curies":[{"name":"wp","href":"https:\/\/api.w.org\/{rel}","templated":true}]}}