{"id":290,"date":"2018-04-24T08:52:22","date_gmt":"2018-04-24T12:52:22","guid":{"rendered":"http:\/\/172.29.100.163:8080\/fr\/?page_id=290"},"modified":"2024-05-10T15:10:44","modified_gmt":"2024-05-10T19:10:44","slug":"internet-telephone-et-services-de-television","status":"publish","type":"page","link":"https:\/\/gbgh.on.ca\/fr\/patients-et-visiteurs\/internet-telephone-et-services-de-television\/","title":{"rendered":"Internet, t\u00e9l\u00e9phone et services de t\u00e9l\u00e9vision"},"content":{"rendered":"<h2>Wi-Fi et Internet Service<\/h2>\n<p>L\u2019HGBG offre aux patients et aux visiteurs l\u2019acc\u00e8s gratuit au Wi-Fi et internet.<\/p>\n<h2>T\u00e9l\u00e9phone et t\u00e9l\u00e9vision<\/h2>\n<p>D\u00e8s janvier 2024, l\u2019HGBG pr\u00e9pare une transition vers l\u2019utilisation d\u2019appareils personnels comme une tablette (iPad) ou un t\u00e9l\u00e9phone mobile, pour que les patients puissent se divertir ou faire des appels t\u00e9l\u00e9phoniques lorsqu\u2019ils sont \u00e0 l\u2019h\u00f4pital. Cela signifie qu\u2019il n\u2019y aura plus de t\u00e9l\u00e9vision dans les chambres des unit\u00e9s 2 Nord et 2 Est pour patients hospitalis\u00e9s. Nous \u00e9liminons \u00e9galement les t\u00e9l\u00e9phones \u00e0 ligne fixe dans toutes les chambres de patients. L\u2019h\u00f4pital fournit le Wi-Fi gratuit auxquels les patients auront acc\u00e8s \u00e0 partir de leur appareil personnel pendant leur s\u00e9jour. Si un patient ne poss\u00e8de pas de tablette ou de t\u00e9l\u00e9phone mobile, l\u2019h\u00f4pital peut lui pr\u00eater un dispositif. Pour obtenir plus de renseignements sur la fa\u00e7on d\u2019emprunter un appareil, veuillez vous adresser \u00e0 l\u2019\u00e9quipe de soins.<\/p>\n<p>&nbsp;<\/p>\n","protected":false},"excerpt":{"rendered":"<p>Wi-Fi et Internet Service L\u2019HGBG offre aux patients et aux visiteurs l\u2019acc\u00e8s gratuit au Wi-Fi et internet. T\u00e9l\u00e9phone et t\u00e9l\u00e9vision D\u00e8s janvier 2024, l\u2019HGBG pr\u00e9pare une transition vers l\u2019utilisation d\u2019appareils personnels comme une tablette (iPad) ou un t\u00e9l\u00e9phone mobile, pour que les patients puissent se divertir ou faire des appels t\u00e9l\u00e9phoniques lorsqu\u2019ils sont \u00e0 l\u2019h\u00f4pital. [&hellip;]<\/p>\n","protected":false},"author":1,"featured_media":0,"parent":128,"menu_order":0,"comment_status":"closed","ping_status":"closed","template":"","meta":{"footnotes":""},"class_list":["post-290","page","type-page","status-publish","hentry"],"_links":{"self":[{"href":"https:\/\/gbgh.on.ca\/fr\/wp-json\/wp\/v2\/pages\/290","targetHints":{"allow":["GET"]}}],"collection":[{"href":"https:\/\/gbgh.on.ca\/fr\/wp-json\/wp\/v2\/pages"}],"about":[{"href":"https:\/\/gbgh.on.ca\/fr\/wp-json\/wp\/v2\/types\/page"}],"author":[{"embeddable":true,"href":"https:\/\/gbgh.on.ca\/fr\/wp-json\/wp\/v2\/users\/1"}],"replies":[{"embeddable":true,"href":"https:\/\/gbgh.on.ca\/fr\/wp-json\/wp\/v2\/comments?post=290"}],"version-history":[{"count":12,"href":"https:\/\/gbgh.on.ca\/fr\/wp-json\/wp\/v2\/pages\/290\/revisions"}],"predecessor-version":[{"id":3971,"href":"https:\/\/gbgh.on.ca\/fr\/wp-json\/wp\/v2\/pages\/290\/revisions\/3971"}],"up":[{"embeddable":true,"href":"https:\/\/gbgh.on.ca\/fr\/wp-json\/wp\/v2\/pages\/128"}],"wp:attachment":[{"href":"https:\/\/gbgh.on.ca\/fr\/wp-json\/wp\/v2\/media?parent=290"}],"curies":[{"name":"wp","href":"https:\/\/api.w.org\/{rel}","templated":true}]}}