{"id":274,"date":"2018-04-18T15:24:20","date_gmt":"2018-04-18T19:24:20","guid":{"rendered":"http:\/\/172.29.100.163:8080\/fr\/?page_id=274"},"modified":"2025-07-08T12:58:55","modified_gmt":"2025-07-08T16:58:55","slug":"possibilites-de-carriere","status":"publish","type":"page","link":"https:\/\/gbgh.on.ca\/fr\/rejoignez-nos-equipes\/possibilites-de-carriere\/","title":{"rendered":"Possibilit\u00e9s de carri\u00e8re"},"content":{"rendered":"<p><span class=\"hps\">L&rsquo;H\u00f4pital g\u00e9n\u00e9ral de<\/span> <span class=\"hps\">la baie Georgienne<\/span>\u00a0a\u00a0<span class=\"hps\">\u00e9t\u00e9 au service de<\/span> <span class=\"hps\">nos<\/span> <span class=\"hps\">communaut\u00e9s<\/span> <span class=\"hps\">depuis 1905<\/span>. <span class=\"hps\">Nous sommes fiers<\/span> <span class=\"hps\">d&rsquo;offrir des services<\/span> <span class=\"hps\">de la ville<\/span> <span class=\"hps\">de grandes<\/span> <span class=\"hps\">et de la technologie<\/span> <span class=\"hps\">dans un environnement<\/span> <span class=\"hps\">de petite ville<\/span> <span class=\"hps\">accueillante<\/span> <span class=\"hps\">et bienveillante.<\/span><\/p>\n<p><span class=\"hps\">Nous nous engageons \u00e0<\/span>:<\/p>\n<ul>\n<li><span class=\"hps\">Un programme<\/span> <span class=\"hps\">complet d&rsquo;orientation<\/span><\/li>\n<li><span class=\"hps\">Les possibilit\u00e9s de formation et de d\u00e9veloppement professionnel<\/span><\/li>\n<li><span class=\"hps\">Un environnement de travail sain et s\u00e9curitaire<\/span><\/li>\n<li><span class=\"hps\">incitations concurrentielles et r\u00e9mun\u00e9ration<\/span><\/li>\n<li><span class=\"hps\">la technologie et de l&rsquo;\u00e9quipement <span class=\"hps atn\">Up-to-<\/span>Date<\/span><\/li>\n<\/ul>\n<p><span class=\"hps\">Envisagez de vous joindre<\/span> <span class=\"hps\">\u00e0 notre<\/span> <span class=\"hps\">\u00e9quipe exp\u00e9riment\u00e9e de<\/span> <span class=\"hps\">professionnels chevronn\u00e9s<\/span> <span class=\"hps\">de soins<\/span> <span class=\"hps\">de sant\u00e9 d&rsquo;aujourd&rsquo;hui<\/span>.<\/p>\n<p><strong><a href=\"https:\/\/gbgh.on.ca\/join-our-teams\/careers-at-gbgh\/\" target=\"_blank\" rel=\"noopener noreferrer\">CLIQUEZ ICI pour rechercher des possibilit\u00e9s de carri\u00e8re \u00e0 l&rsquo;H\u00f4pital g\u00e9n\u00e9ral de la baie Georgienne<\/a><\/strong> (en anglais)<\/p>\n<p><a href=\"https:\/\/georgianbayphysicianrecruitment.com\/available-positions\"><strong>CLIQUEZ ICI <\/strong><strong>pour visiter les site Web de recrutement de m\u00e9decins de la baie Georgienne <\/strong><\/a>(en anglais)<\/p>\n<p>&nbsp;<\/p>\n","protected":false},"excerpt":{"rendered":"<p>L&rsquo;H\u00f4pital g\u00e9n\u00e9ral de la baie Georgienne\u00a0a\u00a0\u00e9t\u00e9 au service de nos communaut\u00e9s depuis 1905. Nous sommes fiers d&rsquo;offrir des services de la ville de grandes et de la technologie dans un environnement de petite ville accueillante et bienveillante. Nous nous engageons \u00e0: Un programme complet d&rsquo;orientation Les possibilit\u00e9s de formation et de d\u00e9veloppement professionnel Un environnement [&hellip;]<\/p>\n","protected":false},"author":1,"featured_media":0,"parent":130,"menu_order":0,"comment_status":"closed","ping_status":"closed","template":"","meta":{"footnotes":""},"class_list":["post-274","page","type-page","status-publish","hentry"],"_links":{"self":[{"href":"https:\/\/gbgh.on.ca\/fr\/wp-json\/wp\/v2\/pages\/274","targetHints":{"allow":["GET"]}}],"collection":[{"href":"https:\/\/gbgh.on.ca\/fr\/wp-json\/wp\/v2\/pages"}],"about":[{"href":"https:\/\/gbgh.on.ca\/fr\/wp-json\/wp\/v2\/types\/page"}],"author":[{"embeddable":true,"href":"https:\/\/gbgh.on.ca\/fr\/wp-json\/wp\/v2\/users\/1"}],"replies":[{"embeddable":true,"href":"https:\/\/gbgh.on.ca\/fr\/wp-json\/wp\/v2\/comments?post=274"}],"version-history":[{"count":16,"href":"https:\/\/gbgh.on.ca\/fr\/wp-json\/wp\/v2\/pages\/274\/revisions"}],"predecessor-version":[{"id":4487,"href":"https:\/\/gbgh.on.ca\/fr\/wp-json\/wp\/v2\/pages\/274\/revisions\/4487"}],"up":[{"embeddable":true,"href":"https:\/\/gbgh.on.ca\/fr\/wp-json\/wp\/v2\/pages\/130"}],"wp:attachment":[{"href":"https:\/\/gbgh.on.ca\/fr\/wp-json\/wp\/v2\/media?parent=274"}],"curies":[{"name":"wp","href":"https:\/\/api.w.org\/{rel}","templated":true}]}}