{"id":269,"date":"2018-04-18T14:37:25","date_gmt":"2018-04-18T18:37:25","guid":{"rendered":"http:\/\/172.29.100.163:8080\/fr\/?page_id=269"},"modified":"2026-01-12T11:46:43","modified_gmt":"2026-01-12T16:46:43","slug":"benevoles","status":"publish","type":"page","link":"https:\/\/gbgh.on.ca\/fr\/rejoignez-nos-equipes\/benevoles\/","title":{"rendered":"b\u00e9n\u00e9voles de l\u2019H\u00f4pital g\u00e9n\u00e9ral de la baie Georgienne"},"content":{"rendered":"<p>Nous sommes heureux d\u2019accueillir tout nouveau b\u00e9n\u00e9vole dans notre association; notre h\u00f4pital a besoin de vous. Par votre chaleureux accueil des patients, votre bienveillante sollicitude, votre fiabilit\u00e9, votre enthousiasme et votre empressement joyeux, vous assurerez des services que nous ne pourrions offrir autrement.<\/p>\n<p>Les b\u00e9n\u00e9voles aident l\u2019H\u00f4pital g\u00e9n\u00e9ral de la baie Georgienne \u00e0 fournir aux patients des services et un confort suppl\u00e9mentaires, de m\u00eame qu\u2019\u00e0 recueillir les fonds dont l\u2019h\u00f4pital a tant besoin pour l\u2019achat d\u2019\u00e9quipement.<\/p>\n<p><strong>Que font les b\u00e9n\u00e9voles \u00e0 l\u2019H\u00f4pital g\u00e9n\u00e9ral de la baie Georgienne?<\/strong><\/p>\n<ul>\n<li>Ils exploitent la boutique de cadeaux.<\/li>\n<li>Ils exploitent le caf\u00e9-restaurant.<\/li>\n<li>Ils exploitent une loterie au profit de l\u2019h\u00f4pital.<\/li>\n<li>Ils aident les patients dans les unit\u00e9s de services comme l\u2019Imagerie diagnostique et les Soins chirurgicaux de jour; dans les salles communes de 2\u00a0Nord, 2\u00a0Est et 1\u00a0Nord; au Service des urgences et aux Soins ambulatoires; ils aident aussi les patients qui participent \u00e0 des programmes de th\u00e9rapie par les loisirs.<\/li>\n<li>Ils m\u00e8nent des activit\u00e9s de collecte de fonds.<\/li>\n<\/ul>\n<h2>Votre engagement<\/h2>\n<p>Votre engagement signifie qu\u2019un grand nombre de personnes compte sur vous, tant les membres du personnel que les patients. Nous vous demandons donc de vous engager comme b\u00e9n\u00e9vole pour une p\u00e9riode d\u2019au moins un an.<\/p>\n<p>La confidentialit\u00e9 est tr\u00e8s importante. Il faut respecter la vie priv\u00e9e du patient. Il se peut qu\u2019\u00e0 titre de b\u00e9n\u00e9vole vous ayez acc\u00e8s \u00e0 des renseignements personnels. Tous les renseignements au sujet des patients ou des donateurs \u00e0 la fondation de l\u2019h\u00f4pital sont consid\u00e9r\u00e9s comme privil\u00e9gi\u00e9s et vous devrez les garder strictement confidentiels.<\/p>\n<p>Tous les candidats au b\u00e9n\u00e9volat doivent remplir un formulaire de demande et passer une entrevue. Si l\u2019on vous accepte, un formateur b\u00e9n\u00e9vole assurera votre formation dans le domaine de service que vous avez choisi. Les \u00e9l\u00e8ves de 15 ans ou plus qui d\u00e9sirent faire du b\u00e9n\u00e9volat sont toujours les bienvenus. <strong>Ceux qui d\u00e9sirent s\u2019engager comme b\u00e9n\u00e9voles pendant les vacances d\u2019\u00e9t\u00e9 devraient entamer le processus de demande de deux \u00e0 trois mois avant la fin de l\u2019ann\u00e9e scolaire<\/strong>. C\u2019est en effet le temps qu\u2019il faut pour r\u00e9aliser toutes les \u00e9tapes du processus, y compris la v\u00e9rification polici\u00e8re des ant\u00e9c\u00e9dents judiciaires \u00e0 laquelle tout candidat doit se soumettre avant son entr\u00e9e en service.<\/p>\n<h2>\u00c9nonc\u00e9 de mission<\/h2>\n<p>Les b\u00e9n\u00e9voles \u00e0 l\u2019H\u00f4pital g\u00e9n\u00e9ral de la baie Georgienne s\u2019engagent \u00e0 fournir des services de qualit\u00e9 aux patients, aux membres de leur famille et \u00e0 la communaut\u00e9. Ils se comportent, dans l\u2019exercice de leurs fonctions, avec dignit\u00e9 et compassion conform\u00e9ment \u00e0 la mission de l\u2019h\u00f4pital, soit d\u2019am\u00e9liorer la sant\u00e9 des membres des communaut\u00e9s qu\u2019il sert, tout en incarnant les valeurs que sont le respect, la responsabilit\u00e9, l\u2019excellence et la compassion. Les b\u00e9n\u00e9voles entreprennent aussi diverses activit\u00e9s de collecte de fonds pour r\u00e9pondre aux besoins en capitaux de l\u2019h\u00f4pital par l\u2019entremise de sa fondation.<\/p>\n<h2>Demande de b\u00e9n\u00e9volat<\/h2>\n<p><strong>Heureusement, nous avons constat\u00e9 une incroyable augmentation de l\u2019int\u00e9r\u00eat de personnes qui souhaitent appuyer leur h\u00f4pital local en tant que b\u00e9n\u00e9vole!<\/strong><br \/>\n<strong>Nous vous prions de patienter pendant que nous traitons les nouvelles demandes. Le d\u00e9lai de r\u00e9ponse sera prolong\u00e9 dans un avenir pr\u00e9visible, et l\u2019accueil de nouveaux b\u00e9n\u00e9voles est interrompu pour l\u2019instant.<\/strong><\/p>\n<p>&#8211; &#8211; &#8211;<\/p>\n<p>Vous pouvez obtenir un formulaire de demande de b\u00e9n\u00e9volat de l\u2019H\u00f4pital g\u00e9n\u00e9ral de la baie Georgienne aux endroits suivants\u00a0:<\/p>\n<ul>\n<li>Boutique de cadeaux<\/li>\n<li>Caf\u00e9-restaurant<\/li>\n<li>Comptoir des b\u00e9n\u00e9voles du Service des urgences<\/li>\n<li>Standard t\u00e9l\u00e9phonique principal<\/li>\n<li>Babillard des b\u00e9n\u00e9voles (niveau inf\u00e9rieur)<\/li>\n<li>Comptoir de renseignements de l\u2019entr\u00e9e principale<\/li>\n<\/ul>\n<p><a href=\"https:\/\/www.volgistics.com\/appform\/1814423640\" target=\"_blank\" rel=\"noopener\">Cliquez ici pour remplir le formulaire de demande en ligne.<\/a><\/p>\n","protected":false},"excerpt":{"rendered":"<p>Nous sommes heureux d\u2019accueillir tout nouveau b\u00e9n\u00e9vole dans notre association; notre h\u00f4pital a besoin de vous. Par votre chaleureux accueil des patients, votre bienveillante sollicitude, votre fiabilit\u00e9, votre enthousiasme et votre empressement joyeux, vous assurerez des services que nous ne pourrions offrir autrement. Les b\u00e9n\u00e9voles aident l\u2019H\u00f4pital g\u00e9n\u00e9ral de la baie Georgienne \u00e0 fournir aux [&hellip;]<\/p>\n","protected":false},"author":1,"featured_media":0,"parent":130,"menu_order":0,"comment_status":"closed","ping_status":"closed","template":"","meta":{"footnotes":""},"class_list":["post-269","page","type-page","status-publish","hentry"],"_links":{"self":[{"href":"https:\/\/gbgh.on.ca\/fr\/wp-json\/wp\/v2\/pages\/269","targetHints":{"allow":["GET"]}}],"collection":[{"href":"https:\/\/gbgh.on.ca\/fr\/wp-json\/wp\/v2\/pages"}],"about":[{"href":"https:\/\/gbgh.on.ca\/fr\/wp-json\/wp\/v2\/types\/page"}],"author":[{"embeddable":true,"href":"https:\/\/gbgh.on.ca\/fr\/wp-json\/wp\/v2\/users\/1"}],"replies":[{"embeddable":true,"href":"https:\/\/gbgh.on.ca\/fr\/wp-json\/wp\/v2\/comments?post=269"}],"version-history":[{"count":18,"href":"https:\/\/gbgh.on.ca\/fr\/wp-json\/wp\/v2\/pages\/269\/revisions"}],"predecessor-version":[{"id":5117,"href":"https:\/\/gbgh.on.ca\/fr\/wp-json\/wp\/v2\/pages\/269\/revisions\/5117"}],"up":[{"embeddable":true,"href":"https:\/\/gbgh.on.ca\/fr\/wp-json\/wp\/v2\/pages\/130"}],"wp:attachment":[{"href":"https:\/\/gbgh.on.ca\/fr\/wp-json\/wp\/v2\/media?parent=269"}],"curies":[{"name":"wp","href":"https:\/\/api.w.org\/{rel}","templated":true}]}}