{"id":265,"date":"2018-04-18T08:58:47","date_gmt":"2018-04-18T12:58:47","guid":{"rendered":"http:\/\/172.29.100.163:8080\/fr\/?page_id=265"},"modified":"2018-06-28T16:00:43","modified_gmt":"2018-06-28T20:00:43","slug":"notre-communaute","status":"publish","type":"page","link":"https:\/\/gbgh.on.ca\/fr\/rejoignez-nos-equipes\/notre-communaute\/","title":{"rendered":"Notre communaut\u00e9"},"content":{"rendered":"<p>La baie Georgienne, situ\u00e9e 90 minutes seulement au nord de Toronto, le sud de la baie Georgienne offre l\u2019un des meilleurs styles de vie du Centre de l\u2019Ontario.<\/p>\n<p>Passerelle vers les 30\u00a0000 \u00eeles de la baie Georgienne, le sud de la baie Georgienne offre un h\u00f4pital moderne, le meilleur des loisirs aux quatre-saisons et des communaut\u00e9s s\u00fbres et accueillantes.<\/p>\n<p>Les r\u00e9sidents appr\u00e9cient chaque jour le style de vie vacancier avec de passionnantes activit\u00e9s de d\u00e9tente et de loisir, des \u00e9v\u00e8nements et des attractions sur la magnifique baie Georgienne tout au long des quatre saisons.<\/p>\n<p>En \u00e9t\u00e9, vous profiterez des plus passionnants tours en voilier et en bateau de plaisance d\u2019eau douce en Am\u00e9rique du Nord, des plages spectaculaires, des terrains de golf exquis et d\u2019une p\u00eache formidable.<\/p>\n<p>L\u2019hiver offre les pistes de ski alpin et de ski de fond, les sentiers de motoneige bien entretenus et la p\u00eache sur glace qui compte parmi les meilleurs en Ontario; le tout \u00e0 quelques minutes du travail et de la maison.<\/p>\n<p>Les logements varient des maisons centenaires aux immeubles en copropri\u00e9t\u00e9 modernes ainsi que terrains prestigieux au bord de la baie \u00e0 des prix \u00e9tonnamment abordables.<\/p>\n<p>Les choix d\u2019\u00e9tablissements scolaires comprennent les \u00e9coles publiques et s\u00e9par\u00e9e de langue anglaise et fran\u00e7aise, des\u00a0 programmes intensifs de fran\u00e7ais et la seule \u00e9cole protestante s\u00e9par\u00e9e de l&rsquo;Ontario. Midland poss\u00e8de \u00e9galement le campus du Coll\u00e8ge Georgian et l&rsquo;acc\u00e8s \u00e0 la plupart des meilleures universit\u00e9s du Canada qui se trouvent \u00e0 45 minutes en voiture \u2013 l\u2019Universit\u00e9 Lakehead \u00e0 Orillia et les programmes de partenariat au Coll\u00e8ge Georgian \u00e0 Barrie.<\/p>\n<p>La r\u00e9gion est fi\u00e8re de son pass\u00e9 comme en t\u00e9moigne une promenade dans les rues de Midland ou de Penetanguishene, o\u00f9 l&rsquo;histoire de la communaut\u00e9 se d\u00e9ploie par les maisons du patrimoine, par les couleurs vibrantes de murales historiques (Midland accueille la principale galerie d\u2019art de peintures murales de l\u2019Ontario) et par les galeries qui font la promotion des artistes locaux. Situ\u00e9 au c\u0153ur du centre-ville de Midland, le nouveau Centre culturel de Midland d\u2019une valeur de 8 millions de dollars, abrite la nouvelle maison des arts \u2013 visuels et de la sc\u00e8ne \u2013 au bord de la baie Georgienne.<\/p>\n<p>Les mus\u00e9es locaux et provinciaux d\u00e9crivent l\u2019histoire riche et color\u00e9e de la r\u00e9gion qui refl\u00e8te les trois cultures fondatrices \u2013 les Premi\u00e8res nations, les Fran\u00e7ais et les Anglais. Les attractions historiques comprennent la reconstruction d\u2019une mission J\u00e9suite du XVII<sup>e<\/sup> si\u00e8cle o\u00f9 se trouvait le premier h\u00f4pital de l&rsquo;Ontario, une base militaire britannique du XIX<sup>e<\/sup> si\u00e8cle et la reconstruction du premier village autochtone avant l\u2019arriv\u00e9e des Europ\u00e9ens au Canada.<\/p>\n<p>Renouez avec la nature au centre faunique local ou profitez des paysages \u00e0 vous couper le souffle en croisi\u00e8re sur la baie Georgienne.<\/p>\n","protected":false},"excerpt":{"rendered":"<p>La baie Georgienne, situ\u00e9e 90 minutes seulement au nord de Toronto, le sud de la baie Georgienne offre l\u2019un des meilleurs styles de vie du Centre de l\u2019Ontario. Passerelle vers les 30\u00a0000 \u00eeles de la baie Georgienne, le sud de la baie Georgienne offre un h\u00f4pital moderne, le meilleur des loisirs aux quatre-saisons et des [&hellip;]<\/p>\n","protected":false},"author":1,"featured_media":0,"parent":130,"menu_order":0,"comment_status":"closed","ping_status":"closed","template":"","meta":{"footnotes":""},"class_list":["post-265","page","type-page","status-publish","hentry"],"_links":{"self":[{"href":"https:\/\/gbgh.on.ca\/fr\/wp-json\/wp\/v2\/pages\/265","targetHints":{"allow":["GET"]}}],"collection":[{"href":"https:\/\/gbgh.on.ca\/fr\/wp-json\/wp\/v2\/pages"}],"about":[{"href":"https:\/\/gbgh.on.ca\/fr\/wp-json\/wp\/v2\/types\/page"}],"author":[{"embeddable":true,"href":"https:\/\/gbgh.on.ca\/fr\/wp-json\/wp\/v2\/users\/1"}],"replies":[{"embeddable":true,"href":"https:\/\/gbgh.on.ca\/fr\/wp-json\/wp\/v2\/comments?post=265"}],"version-history":[{"count":3,"href":"https:\/\/gbgh.on.ca\/fr\/wp-json\/wp\/v2\/pages\/265\/revisions"}],"predecessor-version":[{"id":1055,"href":"https:\/\/gbgh.on.ca\/fr\/wp-json\/wp\/v2\/pages\/265\/revisions\/1055"}],"up":[{"embeddable":true,"href":"https:\/\/gbgh.on.ca\/fr\/wp-json\/wp\/v2\/pages\/130"}],"wp:attachment":[{"href":"https:\/\/gbgh.on.ca\/fr\/wp-json\/wp\/v2\/media?parent=265"}],"curies":[{"name":"wp","href":"https:\/\/api.w.org\/{rel}","templated":true}]}}