{"id":2616,"date":"2022-08-16T09:26:28","date_gmt":"2022-08-16T13:26:28","guid":{"rendered":"https:\/\/gbgh.on.ca\/fr\/?page_id=2616"},"modified":"2024-01-08T12:55:37","modified_gmt":"2024-01-08T17:55:37","slug":"recrutement-de-personnel-infirmier-de-lexterieur-de-la-province","status":"publish","type":"page","link":"https:\/\/gbgh.on.ca\/fr\/rejoignez-nos-equipes\/recrutement-de-personnel-infirmier-de-lexterieur-de-la-province\/","title":{"rendered":"Recrutement de personnel infirmier de l&rsquo;ext\u00e9rieur de la province"},"content":{"rendered":"\t\t<div data-elementor-type=\"wp-page\" data-elementor-id=\"2616\" class=\"elementor elementor-2616\" data-elementor-post-type=\"page\">\n\t\t\t\t\t\t<section class=\"elementor-section elementor-top-section elementor-element elementor-element-776e1c3a elementor-section-boxed elementor-section-height-default elementor-section-height-default\" data-id=\"776e1c3a\" data-element_type=\"section\">\n\t\t\t\t\t\t<div class=\"elementor-container elementor-column-gap-no\">\n\t\t\t\t\t<div class=\"elementor-column elementor-col-50 elementor-top-column elementor-element elementor-element-26a98628\" data-id=\"26a98628\" data-element_type=\"column\">\n\t\t\t<div class=\"elementor-widget-wrap elementor-element-populated\">\n\t\t\t\t\t\t<div class=\"elementor-element elementor-element-699c823 elementor-widget elementor-widget-text-editor\" data-id=\"699c823\" data-element_type=\"widget\" data-widget_type=\"text-editor.default\">\n\t\t\t\t\t\t\t\t\t<p>H\u00f4pital g\u00e9n\u00e9ral de la baie Georgienne \u2013 Midland, Ontario<\/p><p><strong>Renseignez-vous sur les mesures incitatives de 25\u00a0000\u00a0$ pour l\u2019ext\u00e9rieur de la province.<\/strong><\/p><p>Nous embauchons! \u00cates-vous en qu\u00eate de changement? La baie Georgienne lance un appel \u00e0 tout IA, IAA et plus!<\/p><p>L\u2019H\u00f4pital g\u00e9n\u00e9ral de la baie Georgienne (HGBG) est un h\u00f4pital communautaire de 113 lits desservant les collectivit\u00e9s de Midland, Penetanguishene, l\u2019\u00eele aux Chr\u00e9tiens ainsi que les cantons de Tay, Tiny, Springwater et Georgian Bay. Vous y d\u00e9couvrirez une importante communaut\u00e9 francophone, la culture autochtone, \u00e0 90 minutes de Toronto.<\/p><p>Imaginez vivre et travailler dans un pays de merveilles naturelles qui donnent l\u2019impression d\u2019\u00eatre en vacances chaque jour. Explorez les for\u00eats, les vastes \u00e9tendues d\u2019eau et les plages de sable \u00e0 la porte d\u2019entr\u00e9e des 30 000 \u00eeles de la baie Georgienne, c\u00e9l\u00e8bres dans le monde entier. Printemps, \u00e9t\u00e9, automne, hiver, la magie habite chaque saison avec de nombreuses activit\u00e9s r\u00e9cr\u00e9atives, et pistes cyclables et de randonn\u00e9e le long des berges.<\/p><h2>Venez faire progresser votre carri\u00e8re chez l\u2019HGBG! Nous offrons au personnel :<\/h2><ul><li>Incitatif de 25 000 $ au personnel infirmier admissible originaire de l\u2019ext\u00e9rieur de la province<\/li><li>Salaire concurrentiel<\/li><li>R\u00e9gime de retraite g\u00e9n\u00e9reux<\/li><li>Programme de mentorat pour les nouveaux finissants et plus<\/li><li>Aide \u00e0 l\u2019obtention de permis entre les provinces.<\/li><\/ul>\t\t\t\t\t\t\t\t<\/div>\n\t\t\t\t<div class=\"elementor-element elementor-element-60920e5 elementor-widget elementor-widget-button\" data-id=\"60920e5\" data-element_type=\"widget\" aria-label=\"\" data-widget_type=\"button.default\">\n\t\t\t\t\t\t\t\t\t\t<a class=\"elementor-button elementor-button-link elementor-size-sm\" href=\"https:\/\/gbgh.jobs.net\/search\" target=\"_blank\">\n\t\t\t\t\t\t<span class=\"elementor-button-content-wrapper\">\n\t\t\t\t\t\t\t\t\t<span class=\"elementor-button-text\">En savoir plus<\/span>\n\t\t\t\t\t<\/span>\n\t\t\t\t\t<\/a>\n\t\t\t\t\t\t\t\t<\/div>\n\t\t\t\t\t<\/div>\n\t\t<\/div>\n\t\t\t\t<div class=\"elementor-column elementor-col-50 elementor-top-column elementor-element elementor-element-dc909bb\" data-id=\"dc909bb\" data-element_type=\"column\">\n\t\t\t<div class=\"elementor-widget-wrap elementor-element-populated\">\n\t\t\t\t\t\t<div class=\"elementor-element elementor-element-444d372 elementor-widget elementor-widget-image\" data-id=\"444d372\" data-element_type=\"widget\" data-widget_type=\"image.default\">\n\t\t\t\t\t\t\t\t\t\t\t\t\t\t\t<img fetchpriority=\"high\" decoding=\"async\" width=\"387\" height=\"649\" src=\"https:\/\/gbgh.on.ca\/fr\/gbghmedia\/Maggie-Gordon-nurse.jpg\" class=\"attachment-large size-large wp-image-2633\" alt=\"Maggie Gordon - infirmi\u00e8re\" \/>\t\t\t\t\t\t\t\t\t\t\t\t\t\t\t<\/div>\n\t\t\t\t<div class=\"elementor-element elementor-element-72e8ad7 elementor-widget elementor-widget-text-editor\" data-id=\"72e8ad7\" data-element_type=\"widget\" data-widget_type=\"text-editor.default\">\n\t\t\t\t\t\t\t\t\t<p><strong>\u00ab \u00c0 l\u2019HGBG, je suis membre d\u2019une \u00e9quipe solidaire au sein de laquelle j\u2019ai la possibilit\u00e9 de redonner \u00e0 la collectivit\u00e9 qui nous soutient. On m\u2019encourage constamment \u00e0 m\u2019\u00e9panouir et \u00e0 \u00e9voluer comme infirmi\u00e8re. \u00bb<\/strong><\/p><p style=\"text-align: center;\">&#8211; Maggie Gordon, IA<\/p>\t\t\t\t\t\t\t\t<\/div>\n\t\t\t\t\t<\/div>\n\t\t<\/div>\n\t\t\t\t\t<\/div>\n\t\t<\/section>\n\t\t\t\t<\/div>\n\t\t","protected":false},"excerpt":{"rendered":"<p>H\u00f4pital g\u00e9n\u00e9ral de la baie Georgienne \u2013 Midland, Ontario Renseignez-vous sur les mesures incitatives de 25\u00a0000\u00a0$ pour l\u2019ext\u00e9rieur de la province. Nous embauchons! \u00cates-vous en qu\u00eate de changement? La baie Georgienne lance un appel \u00e0 tout IA, IAA et plus! L\u2019H\u00f4pital g\u00e9n\u00e9ral de la baie Georgienne (HGBG) est un h\u00f4pital communautaire de 113 lits desservant [&hellip;]<\/p>\n","protected":false},"author":3,"featured_media":0,"parent":130,"menu_order":0,"comment_status":"closed","ping_status":"closed","template":"","meta":{"footnotes":""},"class_list":["post-2616","page","type-page","status-publish","hentry"],"_links":{"self":[{"href":"https:\/\/gbgh.on.ca\/fr\/wp-json\/wp\/v2\/pages\/2616","targetHints":{"allow":["GET"]}}],"collection":[{"href":"https:\/\/gbgh.on.ca\/fr\/wp-json\/wp\/v2\/pages"}],"about":[{"href":"https:\/\/gbgh.on.ca\/fr\/wp-json\/wp\/v2\/types\/page"}],"author":[{"embeddable":true,"href":"https:\/\/gbgh.on.ca\/fr\/wp-json\/wp\/v2\/users\/3"}],"replies":[{"embeddable":true,"href":"https:\/\/gbgh.on.ca\/fr\/wp-json\/wp\/v2\/comments?post=2616"}],"version-history":[{"count":30,"href":"https:\/\/gbgh.on.ca\/fr\/wp-json\/wp\/v2\/pages\/2616\/revisions"}],"predecessor-version":[{"id":3797,"href":"https:\/\/gbgh.on.ca\/fr\/wp-json\/wp\/v2\/pages\/2616\/revisions\/3797"}],"up":[{"embeddable":true,"href":"https:\/\/gbgh.on.ca\/fr\/wp-json\/wp\/v2\/pages\/130"}],"wp:attachment":[{"href":"https:\/\/gbgh.on.ca\/fr\/wp-json\/wp\/v2\/media?parent=2616"}],"curies":[{"name":"wp","href":"https:\/\/api.w.org\/{rel}","templated":true}]}}