{"id":261,"date":"2018-04-18T08:27:00","date_gmt":"2018-04-18T12:27:00","guid":{"rendered":"http:\/\/172.29.100.163:8080\/fr\/?page_id=261"},"modified":"2024-01-08T12:44:25","modified_gmt":"2024-01-08T17:44:25","slug":"bienfaits","status":"publish","type":"page","link":"https:\/\/gbgh.on.ca\/fr\/rejoignez-nos-equipes\/bienfaits\/","title":{"rendered":"Bienfaits"},"content":{"rendered":"<h2>Bienfaits de la sant\u00e9<\/h2>\n<p>Salari\u00e9s \u00e0 plein temps \u00e0 l\u2019H\u00f4pital g\u00e9n\u00e9ral de la baie Georgienne (HGBG) sont offert des avantages sociaux de co\u00fbt-partag\u00e9 qui inclut de la couverture sur dentale et soins de sant\u00e9 \u00e0 longue dur\u00e9 semi-priv\u00e9 par Green Shield Canada<\/p>\n<h2>Bienfaits d\u2019assurance<\/h2>\n<p>Salari\u00e9s \u00e0 plein temps sont offert des bienfaits de handicap et d\u2019assurance de la vie. Il y a aussi l\u2019opportunit\u00e9 de prendre avantage des tarifs de groupe pour additionnelle assurance de la vie optionnelle pour eux-m\u00eames et leur \u00e9poux\/\u00e9pouse.<\/p>\n<p>Salari\u00e9s \u00e0 temps partiel ou temporaire re\u00e7oivent un pourcentage additionnelle \u00e0 leur salaire au lieu des bienfaits d\u2019assurance et de la sant\u00e9.<\/p>\n<h2>Assistance aux salari\u00e9s<\/h2>\n<p>HGBG donne \u00e0 tous les salari\u00e9s en plus de leurs personnes \u00e0 charge \u00e9ligibles le support d\u2019un program d\u2019aide aux salari\u00e9s. Ce service est disponible pour 24 heures par jour, 7 jours par semaine et offre ces services confidentiels : Conseil et renvoi. Fourni par ComPsych.<\/p>\n<h2>Pension<\/h2>\n<p>HGBG offre enr\u00f4lement dans le Healthcare of Ontario Pension Plan (HOOPP) \u00e0 tous les salari\u00e9s \u00e0 plein temps et aux salari\u00e9s \u00e9ligibles \u00e0 temps partiel ou temporaire. <a href=\"http:\/\/www.hoopp.com\/\" target=\"_blank\" rel=\"noopener\">Plus des d\u00e9tails sur HOOPP et ses provisions sont disponibles \u00e0 HOOPP.<\/a><\/p>\n<p>&nbsp;<\/p>\n","protected":false},"excerpt":{"rendered":"<p>Bienfaits de la sant\u00e9 Salari\u00e9s \u00e0 plein temps \u00e0 l\u2019H\u00f4pital g\u00e9n\u00e9ral de la baie Georgienne (HGBG) sont offert des avantages sociaux de co\u00fbt-partag\u00e9 qui inclut de la couverture sur dentale et soins de sant\u00e9 \u00e0 longue dur\u00e9 semi-priv\u00e9 par Green Shield Canada Bienfaits d\u2019assurance Salari\u00e9s \u00e0 plein temps sont offert des bienfaits de handicap et [&hellip;]<\/p>\n","protected":false},"author":1,"featured_media":0,"parent":130,"menu_order":0,"comment_status":"closed","ping_status":"closed","template":"","meta":{"footnotes":""},"class_list":["post-261","page","type-page","status-publish","hentry"],"_links":{"self":[{"href":"https:\/\/gbgh.on.ca\/fr\/wp-json\/wp\/v2\/pages\/261","targetHints":{"allow":["GET"]}}],"collection":[{"href":"https:\/\/gbgh.on.ca\/fr\/wp-json\/wp\/v2\/pages"}],"about":[{"href":"https:\/\/gbgh.on.ca\/fr\/wp-json\/wp\/v2\/types\/page"}],"author":[{"embeddable":true,"href":"https:\/\/gbgh.on.ca\/fr\/wp-json\/wp\/v2\/users\/1"}],"replies":[{"embeddable":true,"href":"https:\/\/gbgh.on.ca\/fr\/wp-json\/wp\/v2\/comments?post=261"}],"version-history":[{"count":10,"href":"https:\/\/gbgh.on.ca\/fr\/wp-json\/wp\/v2\/pages\/261\/revisions"}],"predecessor-version":[{"id":3793,"href":"https:\/\/gbgh.on.ca\/fr\/wp-json\/wp\/v2\/pages\/261\/revisions\/3793"}],"up":[{"embeddable":true,"href":"https:\/\/gbgh.on.ca\/fr\/wp-json\/wp\/v2\/pages\/130"}],"wp:attachment":[{"href":"https:\/\/gbgh.on.ca\/fr\/wp-json\/wp\/v2\/media?parent=261"}],"curies":[{"name":"wp","href":"https:\/\/api.w.org\/{rel}","templated":true}]}}