{"id":2523,"date":"2022-06-09T23:20:39","date_gmt":"2022-06-10T03:20:39","guid":{"rendered":"https:\/\/gbgh.on.ca\/fr\/?page_id=2523"},"modified":"2024-01-08T13:21:22","modified_gmt":"2024-01-08T18:21:22","slug":"mes-soins-de-sante","status":"publish","type":"page","link":"https:\/\/gbgh.on.ca\/fr\/programmes-et-services\/mes-soins-de-sante\/","title":{"rendered":"Mes soins de sant\u00e9"},"content":{"rendered":"\t\t<div data-elementor-type=\"wp-page\" data-elementor-id=\"2523\" class=\"elementor elementor-2523\" data-elementor-post-type=\"page\">\n\t\t\t\t\t\t<section class=\"elementor-section elementor-top-section elementor-element elementor-element-77908da2 elementor-section-boxed elementor-section-height-default elementor-section-height-default\" data-id=\"77908da2\" data-element_type=\"section\">\n\t\t\t\t\t\t<div class=\"elementor-container elementor-column-gap-default\">\n\t\t\t\t\t<div class=\"elementor-column elementor-col-100 elementor-top-column elementor-element elementor-element-682b038\" data-id=\"682b038\" data-element_type=\"column\">\n\t\t\t<div class=\"elementor-widget-wrap elementor-element-populated\">\n\t\t\t\t\t\t<div class=\"elementor-element elementor-element-bbb4571 elementor-widget elementor-widget-image\" data-id=\"bbb4571\" data-element_type=\"widget\" data-widget_type=\"image.default\">\n\t\t\t\t\t\t\t\t\t\t\t\t\t\t\t<img decoding=\"async\" width=\"325\" height=\"74\" src=\"https:\/\/gbgh.on.ca\/fr\/gbghmedia\/my-healthcare.png\" class=\"attachment-large size-large wp-image-2525\" alt=\"my health care logo\" \/>\t\t\t\t\t\t\t\t\t\t\t\t\t\t\t<\/div>\n\t\t\t\t\t<\/div>\n\t\t<\/div>\n\t\t\t\t\t<\/div>\n\t\t<\/section>\n\t\t\t\t<section class=\"elementor-section elementor-top-section elementor-element elementor-element-5683b33 elementor-section-boxed elementor-section-height-default elementor-section-height-default\" data-id=\"5683b33\" data-element_type=\"section\">\n\t\t\t\t\t\t<div class=\"elementor-container elementor-column-gap-default\">\n\t\t\t\t\t<div class=\"elementor-column elementor-col-100 elementor-top-column elementor-element elementor-element-9b8aeea\" data-id=\"9b8aeea\" data-element_type=\"column\">\n\t\t\t<div class=\"elementor-widget-wrap elementor-element-populated\">\n\t\t\t\t\t\t<div class=\"elementor-element elementor-element-9e22edd elementor-widget elementor-widget-video\" data-id=\"9e22edd\" data-element_type=\"widget\" data-settings=\"{&quot;youtube_url&quot;:&quot;https:\\\/\\\/www.youtube.com\\\/watch?v=m8AlpGNA5CY&quot;,&quot;video_type&quot;:&quot;youtube&quot;,&quot;controls&quot;:&quot;yes&quot;}\" data-widget_type=\"video.default\">\n\t\t\t\t\t\t\t<div class=\"elementor-wrapper elementor-open-inline\">\n\t\t\t<div class=\"elementor-video\"><\/div>\t\t<\/div>\n\t\t\t\t\t\t<\/div>\n\t\t\t\t\t<\/div>\n\t\t<\/div>\n\t\t\t\t\t<\/div>\n\t\t<\/section>\n\t\t\t\t<section class=\"elementor-section elementor-top-section elementor-element elementor-element-f5280a7 elementor-section-boxed elementor-section-height-default elementor-section-height-default\" data-id=\"f5280a7\" data-element_type=\"section\">\n\t\t\t\t\t\t<div class=\"elementor-container elementor-column-gap-default\">\n\t\t\t\t\t<div class=\"elementor-column elementor-col-100 elementor-top-column elementor-element elementor-element-74af7c8\" data-id=\"74af7c8\" data-element_type=\"column\">\n\t\t\t<div class=\"elementor-widget-wrap elementor-element-populated\">\n\t\t\t\t\t\t<div class=\"elementor-element elementor-element-2c94c55 elementor-widget elementor-widget-text-editor\" data-id=\"2c94c55\" data-element_type=\"widget\" data-widget_type=\"text-editor.default\">\n\t\t\t\t\t\t\t\t\t<p style=\"margin-bottom: 0; font-size: 14px;\">D\u00e9tails transcrits manquants dans la piste audio et sous-titres cod\u00e9s\u00a0:<\/p>\n\n<ul style=\"margin-top: 0; font-size: 14px;\">\n \t<li>Dans le portail, vous pouvez mettre \u00e0 jour vos pr\u00e9f\u00e9rences en cliquant sur le lien \u00ab Pr\u00e9f\u00e9rences \u00bb au bas de n&rsquo;importe quelle page.<\/li>\n \t<li>Si vous avez <span class=\"HwtZe\" lang=\"fr\"><span class=\"jCAhz ChMk0b\"><span class=\"ryNqvb\">des questions lors de l&rsquo;utilisation du portail<\/span><\/span><\/span>, veuillez contacter l&rsquo;assistance <em>mes soins de sant\u00e9<\/em> en cliquant sur le lien \u00ab Contacter le support \u00bb au bas de n&rsquo;importe quelle page et en nous appelant au 705-797-2955 ou en saisissant une question dans la zone de texte et en appuyant sur Envoyer.<\/li>\n<\/ul>\n\n<hr \/>\n\n<a href=\"https:\/\/myhealthcareportal.ca\/\" target=\"_blank\" rel=\"noopener\"><strong>mes soins de sant\u00e9 <\/strong><\/a>est un portail patient en ligne s\u00e9curis\u00e9 qui vous donne, \u00e0 vous et aux amis, soignants et membres de la famille autoris\u00e9s, l\u2019acc\u00e8s \u00e0 votre dossier m\u00e9dical \u00e9lectronique aupr\u00e8s des h\u00f4pitaux partenaires, en tout lieu et \u00e0 tout moment. Vous pouvez consulter les rendez-vous, vous pr\u00e9inscrire aux rendez-vous \u00e0 venir, examiner l\u2019historique des visites, voir les r\u00e9sultats, acc\u00e9der aux rapports dict\u00e9s et mettre \u00e0 jour vos renseignements personnels. <a href=\"https:\/\/myhealthcareportal.ca\/Phm-PhmHome.HomePage.WR.mthr?hcis=ROVGBL.LIVE&amp;application=PHM\" target=\"_blank\" rel=\"noopener\"><strong>mes soins de sant\u00e9 <\/strong>est accessible en ligne &#8211; https:\/\/myhealthcareportal.ca\/<\/a> &#8211; ou vous pouvez t\u00e9l\u00e9charger l\u2019application sur iPhone ou Android \u00e0 partir de leurs boutiques d\u2019applications.\n\nPour toute question ou obtenir de l\u2019aide, veuillez communiquer avec l\u2019\u00e9quipe d\u2019assistance mes soins de sant\u00e9 par courriel \u00e0 <a class=\"PrimaryLink BaseLink\" href=\"mailto:PortalSupport@myhealthcareportal.ca\" target=\"_blank\" rel=\"noreferrer noopener\">PortalSupport@myhealthcareportal.ca<\/a> ou par t\u00e9l\u00e9phone au 705\u00a0797-2955.\n\nVeuillez noter que l\u2019on ne peut pas imprimer les documents \u00e0 partir de l\u2019application MEDITECH MHealth ou d\u2019un navigateur Web sur un appareil mobile. Toute impression doit se faire par le biais d\u2019un navigateur Web sur un appareil sous Windows ou MacOS.\n\t\t\t\t\t\t\t\t<\/div>\n\t\t\t\t<div class=\"elementor-element elementor-element-447d655 elementor-widget elementor-widget-button\" data-id=\"447d655\" data-element_type=\"widget\" data-widget_type=\"button.default\">\n\t\t\t\t\t\t\t\t\t\t<a class=\"elementor-button elementor-button-link elementor-size-sm\" href=\"https:\/\/gbgh.on.ca\/fr\/gbghmedia\/my-health-care-FAQs-public-May-2023-FR.pdf\" target=\"_blank\">\n\t\t\t\t\t\t<span class=\"elementor-button-content-wrapper\">\n\t\t\t\t\t\t\t\t\t<span class=\"elementor-button-text\">FAQ mes soins de sant\u00e9 (PDF)<\/span>\n\t\t\t\t\t<\/span>\n\t\t\t\t\t<\/a>\n\t\t\t\t\t\t\t\t<\/div>\n\t\t\t\t\t<\/div>\n\t\t<\/div>\n\t\t\t\t\t<\/div>\n\t\t<\/section>\n\t\t\t\t<\/div>\n\t\t","protected":false},"excerpt":{"rendered":"<p>https:\/\/www.youtube.com\/watch?v=m8AlpGNA5CY D\u00e9tails transcrits manquants dans la piste audio et sous-titres cod\u00e9s\u00a0: Dans le portail, vous pouvez mettre \u00e0 jour vos pr\u00e9f\u00e9rences en cliquant sur le lien \u00ab Pr\u00e9f\u00e9rences \u00bb au bas de n&rsquo;importe quelle page. Si vous avez des questions lors de l&rsquo;utilisation du portail, veuillez contacter l&rsquo;assistance mes soins de sant\u00e9 en cliquant sur [&hellip;]<\/p>\n","protected":false},"author":3,"featured_media":0,"parent":72,"menu_order":0,"comment_status":"closed","ping_status":"closed","template":"","meta":{"footnotes":""},"class_list":["post-2523","page","type-page","status-publish","hentry"],"_links":{"self":[{"href":"https:\/\/gbgh.on.ca\/fr\/wp-json\/wp\/v2\/pages\/2523","targetHints":{"allow":["GET"]}}],"collection":[{"href":"https:\/\/gbgh.on.ca\/fr\/wp-json\/wp\/v2\/pages"}],"about":[{"href":"https:\/\/gbgh.on.ca\/fr\/wp-json\/wp\/v2\/types\/page"}],"author":[{"embeddable":true,"href":"https:\/\/gbgh.on.ca\/fr\/wp-json\/wp\/v2\/users\/3"}],"replies":[{"embeddable":true,"href":"https:\/\/gbgh.on.ca\/fr\/wp-json\/wp\/v2\/comments?post=2523"}],"version-history":[{"count":14,"href":"https:\/\/gbgh.on.ca\/fr\/wp-json\/wp\/v2\/pages\/2523\/revisions"}],"predecessor-version":[{"id":3810,"href":"https:\/\/gbgh.on.ca\/fr\/wp-json\/wp\/v2\/pages\/2523\/revisions\/3810"}],"up":[{"embeddable":true,"href":"https:\/\/gbgh.on.ca\/fr\/wp-json\/wp\/v2\/pages\/72"}],"wp:attachment":[{"href":"https:\/\/gbgh.on.ca\/fr\/wp-json\/wp\/v2\/media?parent=2523"}],"curies":[{"name":"wp","href":"https:\/\/api.w.org\/{rel}","templated":true}]}}