{"id":248,"date":"2018-04-17T15:08:00","date_gmt":"2018-04-17T19:08:00","guid":{"rendered":"http:\/\/172.29.100.163:8080\/fr\/?page_id=248"},"modified":"2024-01-08T13:45:43","modified_gmt":"2024-01-08T18:45:43","slug":"les-soins-palliatifs","status":"publish","type":"page","link":"https:\/\/gbgh.on.ca\/fr\/programmes-et-services\/les-soins-palliatifs\/","title":{"rendered":"Les soins palliatifs"},"content":{"rendered":"<h2><span style=\"color: #008000;\">*** NOUVEAU (Le 8 ao\u00fbt 2023):<\/span><\/h2>\n<p>L&rsquo;H\u00f4pital g\u00e9n\u00e9ral de la baie Georgienne (HGBG) a r\u00e9cemment lanc\u00e9 un nouveau service d\u2019aide m\u00e9dicale \u00e0 mourir (AMM) et de soins palliatifs pour appuyer les patients hospitalis\u00e9s lors de la prise de d\u00e9cisions relatives \u00e0 la fin de vie. Le service est offert \u00e0 tout patient \u00e0 la demande du m\u00e9decin qui assure les soins primaires g\u00e9n\u00e9raux pendant que la personne est hospitalis\u00e9e \u00e0 l\u2019HGBG.<\/p>\n<p>Cinq m\u00e9decins, qui poss\u00e8dent des connaissances sp\u00e9cialis\u00e9es en soins palliatifs, appuieront le service d\u2019aide m\u00e9dicale \u00e0 mourir et de soins palliatifs; ces professionnels m\u00e9dicaux s\u2019engagent \u00e0 \u00a0assurer les meilleurs soins aux patients souffrant de maladies qui limitent l\u2019esp\u00e9rance de vie. Il peut s\u2019agir de patients en fin de vie aupr\u00e8s de qui l\u2019on se concentre sur le soulagement de sympt\u00f4mes et l\u2019am\u00e9lioration de la qualit\u00e9 de vie. Pour garantir l\u2019acc\u00e8s uniforme aux conseils et aux consultations li\u00e9es \u00e0 l\u2019AMM et aux soins palliatifs, l\u2019h\u00f4pital pr\u00e9voit un horaire de garde hebdomadaire pour garantir une pr\u00e9sence \u00e0 l\u2019ann\u00e9e longue.<\/p>\n<p>Lors d\u2019une consultation li\u00e9e aux soins palliatifs, le m\u00e9decin charg\u00e9 de ces soins fait parvenir les plans et autres recommandations au m\u00e9decin qui assure les soins primaires pendant que le patient est hospitalis\u00e9, ainsi qu\u2019aux fournisseurs communautaires pour garantir un transfert des soins sans accrocs. Dans le cas d\u2019une consultation li\u00e9e \u00e0 l\u2019AMM, le m\u00e9decin de garde charg\u00e9 des soins palliatifs peut remplir les \u00e9valuations pour d\u00e9terminer l\u2019admissibilit\u00e9 du patient \u00e0 l\u2019AMM.<\/p>\n<h2>Qu&rsquo;est-ce que les soins palliatifs?<\/h2>\n<p>Les soins palliatifs sont offerts aux personnes vivant avec une maladie potentiellement mortelle au moment o\u00f9 les soins sont plus orient\u00e9s sur le confort que la gu\u00e9rison. Le traitement de la douleur et des sympt\u00f4mes devient primordial et l&rsquo;attention est accord\u00e9e \u00e0 la qualit\u00e9 du temps qui reste \u00e0 vivre plut\u00f4t qu\u2019\u00e0 essayer de prolonger la vie par la th\u00e9rapie.<\/p>\n<p>Les soins palliatifs adoptent une approche multidisciplinaire. L&rsquo;\u00e9quipe est dirig\u00e9e par le patient et de sa famille et peut inclure le m\u00e9decin, l\u2019infirmier, le pr\u00e9pos\u00e9 au soutien personnel, l\u2019aum\u00f4nier ou le clerg\u00e9 de l&rsquo;h\u00f4pital, le travailleur social, le di\u00e9t\u00e9ticien, le physioth\u00e9rapeute, l\u2019ergoth\u00e9rapeute, l\u2019inhaloth\u00e9rapeute, l\u2019orthophoniste, le th\u00e9rapeute de loisirs et les b\u00e9n\u00e9voles d&rsquo;hospice.<\/p>\n<p>L&rsquo;\u00e9quipe travaille en partenariat avec les ressources communautaires pour assurer une transition facile du patient pendant de l\u2019aller-retour \u00e0 la maison.<\/p>\n<p>L\u2019un de nos partenaires, le R\u00e9seau de soins palliatifs de Simcoe Nord Muskoka, fonctionne en divers secteur \u2014 soins actifs, communaut\u00e9 et soins de longue dur\u00e9e. Les infirmi\u00e8res et infirmiers qui consultant pour ce r\u00e9seau ont 10\u00a0ans d\u2019exp\u00e9rience dans le domaine des soins palliatifs et sont disponibles pour des consultations au sein de l\u2019H\u00f4pital g\u00e9n\u00e9ral de la baie Georgienne. Leur exp\u00e9rience vient des travaux en soins de niveau secondaire sp\u00e9cialis\u00e9 et leur pratique en approche g\u00e9n\u00e9rale de soins palliatifs tout en instaurant les capacit\u00e9s de l\u2019h\u00f4pital par l\u2019enseignement et le mentorat. En tant que chefs de file de gestions de douleur et des sympt\u00f4mes et soins en fin de vie empreignant la compassion, les consultants infirmiers du R\u00e9seau de soins palliatifs de Simcoe Nord Muskoka ont une pr\u00e9paration sp\u00e9cialis\u00e9e en soins palliatifs par l\u2019\u00e9ducation, l\u2019application des pratiques cliniques et certification nationale. La pr\u00e9sence des consultants infirmiers de ce r\u00e9seau sur le site de l\u2019HGBG \u00e9largit l\u2019acc\u00e8s aux soins palliatifs fond\u00e9s sur les pratiques factuelles pour la communaut\u00e9 des patients que nous servons, en mettant l\u2019accent sur la collaboration et l\u2019int\u00e9gration avec les partenaires \u00e0 travers du RLISS de Simcoe Nord Muskoka. Ils sont disponibles pour des consultations avec les patients et leurs familles lors de leur visite \u00e0 l\u2019H\u00f4pital g\u00e9n\u00e9ral de la baie Georgienne et le suivi apr\u00e8s qu\u2019ils se sont rendus chez eux.<\/p>\n","protected":false},"excerpt":{"rendered":"<p>*** NOUVEAU (Le 8 ao\u00fbt 2023): L&rsquo;H\u00f4pital g\u00e9n\u00e9ral de la baie Georgienne (HGBG) a r\u00e9cemment lanc\u00e9 un nouveau service d\u2019aide m\u00e9dicale \u00e0 mourir (AMM) et de soins palliatifs pour appuyer les patients hospitalis\u00e9s lors de la prise de d\u00e9cisions relatives \u00e0 la fin de vie. Le service est offert \u00e0 tout patient \u00e0 la demande [&hellip;]<\/p>\n","protected":false},"author":1,"featured_media":0,"parent":72,"menu_order":0,"comment_status":"closed","ping_status":"closed","template":"","meta":{"footnotes":""},"class_list":["post-248","page","type-page","status-publish","hentry"],"_links":{"self":[{"href":"https:\/\/gbgh.on.ca\/fr\/wp-json\/wp\/v2\/pages\/248","targetHints":{"allow":["GET"]}}],"collection":[{"href":"https:\/\/gbgh.on.ca\/fr\/wp-json\/wp\/v2\/pages"}],"about":[{"href":"https:\/\/gbgh.on.ca\/fr\/wp-json\/wp\/v2\/types\/page"}],"author":[{"embeddable":true,"href":"https:\/\/gbgh.on.ca\/fr\/wp-json\/wp\/v2\/users\/1"}],"replies":[{"embeddable":true,"href":"https:\/\/gbgh.on.ca\/fr\/wp-json\/wp\/v2\/comments?post=248"}],"version-history":[{"count":9,"href":"https:\/\/gbgh.on.ca\/fr\/wp-json\/wp\/v2\/pages\/248\/revisions"}],"predecessor-version":[{"id":3821,"href":"https:\/\/gbgh.on.ca\/fr\/wp-json\/wp\/v2\/pages\/248\/revisions\/3821"}],"up":[{"embeddable":true,"href":"https:\/\/gbgh.on.ca\/fr\/wp-json\/wp\/v2\/pages\/72"}],"wp:attachment":[{"href":"https:\/\/gbgh.on.ca\/fr\/wp-json\/wp\/v2\/media?parent=248"}],"curies":[{"name":"wp","href":"https:\/\/api.w.org\/{rel}","templated":true}]}}