{"id":2460,"date":"2022-04-12T16:10:48","date_gmt":"2022-04-12T20:10:48","guid":{"rendered":"https:\/\/gbgh.on.ca\/fr\/?page_id=2460"},"modified":"2022-04-12T16:10:48","modified_gmt":"2022-04-12T20:10:48","slug":"echographique","status":"publish","type":"page","link":"https:\/\/gbgh.on.ca\/fr\/programmes-et-services\/imagerie-diagnostique\/echographique\/","title":{"rendered":"Renseignements \u00e9chographiques pour les patients et la famille"},"content":{"rendered":"<p><strong>Quoi?<\/strong><\/p>\n<p>L\u2019\u00e9chographie utilise des ondes de sons pour produire une image. Un(e) radiologue est charg\u00e9 d\u2019examiner l\u2019image et cet examen aidera \u00e0 \u00e9tablir votre diagnostic.<\/p>\n<p><strong>O\u00f9?<\/strong><\/p>\n<p>Le Service d\u2019imagerie diagnostique de l\u2019H\u00f4pital g\u00e9n\u00e9ral de la baie Georgienne se trouve \u00e0 l\u2019\u00e9tage principal, juste au-del\u00e0 du standard t\u00e9l\u00e9phonique, \u00e0 proximit\u00e9 du Service des urgences.<\/p>\n<p><strong>Dur\u00e9e?<\/strong><\/p>\n<p>La dur\u00e9e d\u00e9pend de l\u2019examen; la plupart prennent environ 30 minutes, mais une \u00e9chographie peut varier de 15 minutes \u00e0 une heure. Si vous ne pouvez pas vous pr\u00e9senter \u00e0 votre rendez-vous, veuillez nous en informer imm\u00e9diatement par t\u00e9l\u00e9phone.<\/p>\n<p>Les patients \u00e0 l\u2019urgence prennent la priorit\u00e9 et peuvent occasionner des retards; cependant, nous faisons de notre mieux pour respecter l\u2019horaire.<\/p>\n<p>R\u00e9ception de l\u2019imagerie diagnostique &#8211; HGBG \u2013 705\u00a0526-1300 poste 5090<\/p>\n<p><strong>Avant une \u00e9chographie :<\/strong><\/p>\n<p>Suivez les directives pertinentes \u00e0 votre examen\u00a0:<\/p>\n<p><u>Abdomen :<\/u><\/p>\n<p>Le jour avant l\u2019examen, prenez votre repas normal. Ne rien manger ni boire apr\u00e8s 22 h la veille. Ne d\u00e9jeunez pas le matin de votre rendez-vous.<\/p>\n<p><u>Obst\u00e9trique, r\u00e9nal, du bassin :<\/u><\/p>\n<p>Buvez 4 tasses (32 oz) de liquide (eau, th\u00e9, caf\u00e9) et finir de boire une heure avant votre rendez-vous. NE VIDEZ PAS VOTRE VESSIE.<\/p>\n<p><u>Scrotum\u00a0:<\/u><\/p>\n<p>Aucune pr\u00e9paration requise.<\/p>\n<p><u>Thyro\u00efde\u00a0:<\/u><\/p>\n<p>Aucune pr\u00e9paration requise.<\/p>\n<p><u>Musculosquelettique :<\/u><\/p>\n<p>Aucune pr\u00e9paration requise.<\/p>\n<p><strong>Pendant l\u2019\u00e9chographie\u00a0:<\/strong><\/p>\n<p>Pendant une \u00e9chographie, vous vous allongerez probablement sur la table examen. L\u2019\u00e9chographiste appliquera un gel \u00e0 base d\u2019eau sur la r\u00e9gion du corps faisant l\u2019objet d\u2019examen. L\u2019\u00e9chographiste place ensuite une sonde sur la surface du corps et applique des pressions diff\u00e9rentes pour obtenir une image en noir et blanc. Un(e) radiologue est responsable d\u2019examiner les images \u00e9chographiques acquises. L\u2019\u00e9chographiste n\u2019est pas en mesure d\u2019interpr\u00e9ter les images et ne peut donc pas fournir un rapport verbal au patient.<\/p>\n<p><strong>Apr\u00e8s l\u2019\u00e9chographie\u00a0:<\/strong><\/p>\n<p>Les r\u00e9sultats de la\/du radiologue seront achemin\u00e9s \u00e0 votre m\u00e9decin prescripteur aux fins de discussion avec vous.<\/p>\n<p><strong>Pr\u00e9sence de la famille pendant l\u2019\u00e9chographie\u00a0:<\/strong><\/p>\n<p><a href=\"https:\/\/gbgh.on.ca\/gbghdocs\/GBGH-Family-Presence-Policy-Procedure-Ultrasound.pdf\" target=\"_blank\" rel=\"noopener\"><strong>Cliquez ici pour consultez la politique et proc\u00e9dure de l\u2019HGBG concernant la pr\u00e9sence de la famille pendant l\u2019examen \u00e9chographique<\/strong><\/a><strong><u>.<\/u><\/strong><\/p>\n","protected":false},"excerpt":{"rendered":"<p>Quoi? L\u2019\u00e9chographie utilise des ondes de sons pour produire une image. Un(e) radiologue est charg\u00e9 d\u2019examiner l\u2019image et cet examen aidera \u00e0 \u00e9tablir votre diagnostic. O\u00f9? Le Service d\u2019imagerie diagnostique de l\u2019H\u00f4pital g\u00e9n\u00e9ral de la baie Georgienne se trouve \u00e0 l\u2019\u00e9tage principal, juste au-del\u00e0 du standard t\u00e9l\u00e9phonique, \u00e0 proximit\u00e9 du Service des urgences. Dur\u00e9e? La [&hellip;]<\/p>\n","protected":false},"author":3,"featured_media":0,"parent":80,"menu_order":0,"comment_status":"closed","ping_status":"closed","template":"","meta":{"footnotes":""},"class_list":["post-2460","page","type-page","status-publish","hentry"],"_links":{"self":[{"href":"https:\/\/gbgh.on.ca\/fr\/wp-json\/wp\/v2\/pages\/2460","targetHints":{"allow":["GET"]}}],"collection":[{"href":"https:\/\/gbgh.on.ca\/fr\/wp-json\/wp\/v2\/pages"}],"about":[{"href":"https:\/\/gbgh.on.ca\/fr\/wp-json\/wp\/v2\/types\/page"}],"author":[{"embeddable":true,"href":"https:\/\/gbgh.on.ca\/fr\/wp-json\/wp\/v2\/users\/3"}],"replies":[{"embeddable":true,"href":"https:\/\/gbgh.on.ca\/fr\/wp-json\/wp\/v2\/comments?post=2460"}],"version-history":[{"count":1,"href":"https:\/\/gbgh.on.ca\/fr\/wp-json\/wp\/v2\/pages\/2460\/revisions"}],"predecessor-version":[{"id":2461,"href":"https:\/\/gbgh.on.ca\/fr\/wp-json\/wp\/v2\/pages\/2460\/revisions\/2461"}],"up":[{"embeddable":true,"href":"https:\/\/gbgh.on.ca\/fr\/wp-json\/wp\/v2\/pages\/80"}],"wp:attachment":[{"href":"https:\/\/gbgh.on.ca\/fr\/wp-json\/wp\/v2\/media?parent=2460"}],"curies":[{"name":"wp","href":"https:\/\/api.w.org\/{rel}","templated":true}]}}