{"id":244,"date":"2018-04-17T14:04:51","date_gmt":"2018-04-17T18:04:51","guid":{"rendered":"http:\/\/172.29.100.163:8080\/fr\/?page_id=244"},"modified":"2024-01-08T13:02:39","modified_gmt":"2024-01-08T18:02:39","slug":"soins-continus-complexes","status":"publish","type":"page","link":"https:\/\/gbgh.on.ca\/fr\/programmes-et-services\/soins-continus-complexes\/","title":{"rendered":"Soins Continus Complexes (SCC)"},"content":{"rendered":"<p>Les Soins continus complexes (SCC) sont un programme de soins sp\u00e9cialis\u00e9s \u00e0 l\u2019intention de patients complexes sur le plan m\u00e9dical dont l\u2019\u00e9tat n\u00e9cessite un s\u00e9jour \u00e0 l\u2019h\u00f4pital, des \u00e9valuations et soins r\u00e9guliers sur place de la part de m\u00e9decins et une gestion active de la part de membres d\u2019un personnel sp\u00e9cialis\u00e9. Un syst\u00e8me d\u2019\u00e9valuation \u00e0 l\u2019\u00e9chelle provinciale sert \u00e0 d\u00e9terminer les besoins du patient quant \u00e0 nos services. Les SCC ne sont pas une destination finale. Il s\u2019agit d\u2019une unit\u00e9 de transition; on donnera de l\u2019aide \u00e0 prendre des dispositions en vue d\u2019autres conditions de logement (chez soi, maison de retraite, maison de soins infirmiers). Les SCC sont une ressource ayant pour but d\u2019aider le patient \u00e0 se diriger vers un niveau am\u00e9lior\u00e9 de fonctionnement et d\u2019autonomie personnelle. L\u2019\u00e9quipe compte des m\u00e9decins, la chef de l\u2019\u00e9quipe de personnel infirmier autoris\u00e9, du personnel infirmier autoris\u00e9, du personnel infirmier auxiliaire autoris\u00e9, des pr\u00e9pos\u00e9s aux services de soutien \u00e0 la personne, des physioth\u00e9rapeutes, des ergoth\u00e9rapeutes, des orthophonistes, une infirmi\u00e8re praticienne, une di\u00e9t\u00e9tiste, un travailleur social, un aide-physioth\u00e9rapeute et d\u2019autres professionnels de la sant\u00e9.<\/p>\n<h2>L\u2019\u00e9quipe de soins de sant\u00e9<\/h2>\n<h3>Les attentes de l\u2019\u00e9quipe de soins de sant\u00e9<\/h3>\n<p>Le patient a des buts pr\u00e9cis quant aux soins avec l\u2019aide de l\u2019\u00e9quipe de soins de sant\u00e9 qui peuvent comprendre:<\/p>\n<ul>\n<li>L\u2019ergoth\u00e9rapie, la physioth\u00e9rapie, le travail social et l\u2019orthophonie dans la mesure o\u00f9 ils sont disponibles;<\/li>\n<li>L\u2019\u00e9valuation de la d\u00e9glutition (avaler) et les choix alimentaires appropri\u00e9s au besoin;<\/li>\n<li>Le soutien du travailleur social offert aux patients et \u00e0 leur famille \u00e0 mesure qu\u2019ils s\u2019adaptent \u00e0 un \u00e9tat de sant\u00e9 alt\u00e9r\u00e9, \u00e0 des changements quant aux r\u00f4les et \u00e0 la dynamique familiale, aux probl\u00e8mes financiers et \u00e0 la planification du cong\u00e9 de l\u2019h\u00f4pital.<\/li>\n<\/ul>\n<h3>Les activit\u00e9s de loisir<\/h3>\n<p>Le programme comprend des s\u00e9ances de th\u00e9rapie individuelle ou de groupe, du lundi au vendredi, sauf les jours f\u00e9ri\u00e9s.<br \/>\nLes th\u00e9rapies offertes au patient se fonderont sur les besoins du patient et sur ses capacit\u00e9s d\u2019atteindre les objectifs de m\u00eame que sur la disponibilit\u00e9 des ressources.<\/p>\n<h3>Les attentes du patient et de sa famille<\/h3>\n<ul>\n<li>Des frais mensuels de quote-part sont d\u00e9termin\u00e9s pour chaque patient.<\/li>\n<li>La participation active au travail de l\u2019\u00e9quipe tant pour \u00e9tablir que pour atteindre les objectifs (p. ex. se ternir debout, se transf\u00e9rer, se renforcer, l\u2019endurance, l\u2019utilisation de la toilette, l\u2019utilisation des appareils) et la liaison avec les ressources communautaires.<\/li>\n<li>L\u2019achat ou la location d\u2019aides \u00e0 la mobilit\u00e9 ou d\u2019appareils ou accessoires fonctionnels au besoin (p. ex. fauteuil roulant ou marchette).<\/li>\n<li>Les objectifs sont r\u00e9\u00e9valu\u00e9s \u00e0 intervalles r\u00e9guliers.<\/li>\n<li>Il s\u2019agit d\u2019une unit\u00e9 de transition o\u00f9 les s\u00e9jours durent en moyenne 90 jours. On donne de l\u2019aide \u00e0 prendre des dispositions en vue d\u2019autres conditions de logement (chez soi, maison de retraite, maison de soins infirmiers).<\/li>\n<li>La participation aux conf\u00e9rences interdisciplinaires des membres de l\u2019\u00e9quipe.<\/li>\n<li>Participation avec l\u2019\u00e9quipe aux conf\u00e9rences familiales.<\/li>\n<li>Les membres de la famille sont invit\u00e9s \u00e0 participer aux soins et \u00e0 la th\u00e9rapie<\/li>\n<\/ul>\n","protected":false},"excerpt":{"rendered":"<p>Les Soins continus complexes (SCC) sont un programme de soins sp\u00e9cialis\u00e9s \u00e0 l\u2019intention de patients complexes sur le plan m\u00e9dical dont l\u2019\u00e9tat n\u00e9cessite un s\u00e9jour \u00e0 l\u2019h\u00f4pital, des \u00e9valuations et soins r\u00e9guliers sur place de la part de m\u00e9decins et une gestion active de la part de membres d\u2019un personnel sp\u00e9cialis\u00e9. Un syst\u00e8me d\u2019\u00e9valuation \u00e0 [&hellip;]<\/p>\n","protected":false},"author":1,"featured_media":0,"parent":72,"menu_order":0,"comment_status":"closed","ping_status":"closed","template":"","meta":{"footnotes":""},"class_list":["post-244","page","type-page","status-publish","hentry"],"_links":{"self":[{"href":"https:\/\/gbgh.on.ca\/fr\/wp-json\/wp\/v2\/pages\/244","targetHints":{"allow":["GET"]}}],"collection":[{"href":"https:\/\/gbgh.on.ca\/fr\/wp-json\/wp\/v2\/pages"}],"about":[{"href":"https:\/\/gbgh.on.ca\/fr\/wp-json\/wp\/v2\/types\/page"}],"author":[{"embeddable":true,"href":"https:\/\/gbgh.on.ca\/fr\/wp-json\/wp\/v2\/users\/1"}],"replies":[{"embeddable":true,"href":"https:\/\/gbgh.on.ca\/fr\/wp-json\/wp\/v2\/comments?post=244"}],"version-history":[{"count":5,"href":"https:\/\/gbgh.on.ca\/fr\/wp-json\/wp\/v2\/pages\/244\/revisions"}],"predecessor-version":[{"id":3802,"href":"https:\/\/gbgh.on.ca\/fr\/wp-json\/wp\/v2\/pages\/244\/revisions\/3802"}],"up":[{"embeddable":true,"href":"https:\/\/gbgh.on.ca\/fr\/wp-json\/wp\/v2\/pages\/72"}],"wp:attachment":[{"href":"https:\/\/gbgh.on.ca\/fr\/wp-json\/wp\/v2\/media?parent=244"}],"curies":[{"name":"wp","href":"https:\/\/api.w.org\/{rel}","templated":true}]}}