{"id":240,"date":"2018-04-17T13:38:04","date_gmt":"2018-04-17T17:38:04","guid":{"rendered":"http:\/\/172.29.100.163:8080\/fr\/?page_id=240"},"modified":"2024-01-08T13:14:12","modified_gmt":"2024-01-08T18:14:12","slug":"laboratoire-clinique","status":"publish","type":"page","link":"https:\/\/gbgh.on.ca\/fr\/programmes-et-services\/laboratoire-clinique\/","title":{"rendered":"Laboratoire Clinique"},"content":{"rendered":"<h2>Information de laboratoire pour les patients et les familles<\/h2>\n<h3>O\u00d9?<\/h3>\n<p>Le laboratoire de l\u2019H\u00f4pital g\u00e9n\u00e9ral de la baie Georgienne est situ\u00e9 sur l\u2019\u00e9tage 1 de l\u2019\u00e9difice.<\/p>\n<h3>\u00c0 PROPOS DU LABORATOIRE\u00a0:<\/h3>\n<p>Le laboratoire emploie des technologues et des technologues de laboratoire m\u00e9dical hautement qualifi\u00e9 qui travaillent 24 heures sur 24, 7 jours sur 7. Ceci permet l\u2019acc\u00e8s \u00e0 des centaines de tests chaque jour en h\u00e9matologie, chimie, coagulation, m\u00e9decine par transfusion sanguine et microbiologie pour vous aider dans votre diagnostic ou traitement.<\/p>\n<h3>AVANT UN RENDEZ-VOUS AU LABORATOIRE\u00a0:<\/h3>\n<p>Veuillez suivre les instructions en fonction de votre demande et de votre m\u00e9decin traitant. Certains peuvent n\u00e9cessiter un je\u00fbne.<\/p>\n<h3>PENDANT UN RENDEZ-VOUS AU LABORATOIRE\u00a0:<\/h3>\n<p>Un technicien de laboratoire m\u00e9dical examinera votre bras pour s\u00e9lectionner une veine appropri\u00e9e. Il ins\u00e9rera une aiguille dans le bras en utilisant une technique st\u00e9rile pour collecter le sang dans un tube ou plusieurs tubes particuliers pour effectuer les tests demand\u00e9s par votre m\u00e9decin.<\/p>\n<h3>APR\u00c8S UN RENDEZ-VOUS AU LABORATOIRE:<\/h3>\n<p>Vous \u00eates invit\u00e9s \u00e0 partir imm\u00e9diatement apr\u00e8s votre rendez-vous au laboratoire. Si vous vous sentez malade, il y est essentiel que vous informez le technicien de laboratoire m\u00e9dical avant votre d\u00e9part du d\u00e9partement.<\/p>\n","protected":false},"excerpt":{"rendered":"<p>Information de laboratoire pour les patients et les familles O\u00d9? Le laboratoire de l\u2019H\u00f4pital g\u00e9n\u00e9ral de la baie Georgienne est situ\u00e9 sur l\u2019\u00e9tage 1 de l\u2019\u00e9difice. \u00c0 PROPOS DU LABORATOIRE\u00a0: Le laboratoire emploie des technologues et des technologues de laboratoire m\u00e9dical hautement qualifi\u00e9 qui travaillent 24 heures sur 24, 7 jours sur 7. Ceci permet [&hellip;]<\/p>\n","protected":false},"author":1,"featured_media":0,"parent":72,"menu_order":0,"comment_status":"closed","ping_status":"closed","template":"","meta":{"footnotes":""},"class_list":["post-240","page","type-page","status-publish","hentry"],"_links":{"self":[{"href":"https:\/\/gbgh.on.ca\/fr\/wp-json\/wp\/v2\/pages\/240","targetHints":{"allow":["GET"]}}],"collection":[{"href":"https:\/\/gbgh.on.ca\/fr\/wp-json\/wp\/v2\/pages"}],"about":[{"href":"https:\/\/gbgh.on.ca\/fr\/wp-json\/wp\/v2\/types\/page"}],"author":[{"embeddable":true,"href":"https:\/\/gbgh.on.ca\/fr\/wp-json\/wp\/v2\/users\/1"}],"replies":[{"embeddable":true,"href":"https:\/\/gbgh.on.ca\/fr\/wp-json\/wp\/v2\/comments?post=240"}],"version-history":[{"count":5,"href":"https:\/\/gbgh.on.ca\/fr\/wp-json\/wp\/v2\/pages\/240\/revisions"}],"predecessor-version":[{"id":3807,"href":"https:\/\/gbgh.on.ca\/fr\/wp-json\/wp\/v2\/pages\/240\/revisions\/3807"}],"up":[{"embeddable":true,"href":"https:\/\/gbgh.on.ca\/fr\/wp-json\/wp\/v2\/pages\/72"}],"wp:attachment":[{"href":"https:\/\/gbgh.on.ca\/fr\/wp-json\/wp\/v2\/media?parent=240"}],"curies":[{"name":"wp","href":"https:\/\/api.w.org\/{rel}","templated":true}]}}