{"id":225,"date":"2018-04-17T10:08:52","date_gmt":"2018-04-17T14:08:52","guid":{"rendered":"http:\/\/172.29.100.163:8080\/fr\/?page_id=225"},"modified":"2024-01-08T13:47:52","modified_gmt":"2024-01-08T18:47:52","slug":"pharmacie","status":"publish","type":"page","link":"https:\/\/gbgh.on.ca\/fr\/programmes-et-services\/pharmacie\/","title":{"rendered":"Pharmacie"},"content":{"rendered":"<p>La pharmacie est responsable de la distribution des m\u00e9dicaments aux patients hospitalis\u00e9s. Son personnel est form\u00e9 de pharmaciens et de techniciens en pharmacie. \u00c0 titre de membre de l\u2019\u00e9quipe de soins, le personnel de la pharmacie offre les services suivants : distribution de m\u00e9dicaments, information sur les m\u00e9dicaments, surveillance du profil pharmaceutique des patients, \u00e9valuation de l\u2019utilisation des m\u00e9dicaments, nutrition parent\u00e9rale, pr\u00e9paration des solutions intraveineuses et surveillance des r\u00e9actions ind\u00e9sirables aux m\u00e9dicaments.<\/p>\n<h2>INHALOTH\u00c9RAPIE<\/h2>\n<p>Des services d\u2019inhaloth\u00e9rapie sont offerts aux patients hospitalis\u00e9s et externes au site de Midland par deux inhaloth\u00e9rapeutes. Les demandes de services doivent \u00eatre faites par un m\u00e9decin.<\/p>\n","protected":false},"excerpt":{"rendered":"<p>La pharmacie est responsable de la distribution des m\u00e9dicaments aux patients hospitalis\u00e9s. Son personnel est form\u00e9 de pharmaciens et de techniciens en pharmacie. \u00c0 titre de membre de l\u2019\u00e9quipe de soins, le personnel de la pharmacie offre les services suivants : distribution de m\u00e9dicaments, information sur les m\u00e9dicaments, surveillance du profil pharmaceutique des patients, \u00e9valuation [&hellip;]<\/p>\n","protected":false},"author":1,"featured_media":0,"parent":72,"menu_order":0,"comment_status":"closed","ping_status":"closed","template":"","meta":{"footnotes":""},"class_list":["post-225","page","type-page","status-publish","hentry"],"_links":{"self":[{"href":"https:\/\/gbgh.on.ca\/fr\/wp-json\/wp\/v2\/pages\/225","targetHints":{"allow":["GET"]}}],"collection":[{"href":"https:\/\/gbgh.on.ca\/fr\/wp-json\/wp\/v2\/pages"}],"about":[{"href":"https:\/\/gbgh.on.ca\/fr\/wp-json\/wp\/v2\/types\/page"}],"author":[{"embeddable":true,"href":"https:\/\/gbgh.on.ca\/fr\/wp-json\/wp\/v2\/users\/1"}],"replies":[{"embeddable":true,"href":"https:\/\/gbgh.on.ca\/fr\/wp-json\/wp\/v2\/comments?post=225"}],"version-history":[{"count":8,"href":"https:\/\/gbgh.on.ca\/fr\/wp-json\/wp\/v2\/pages\/225\/revisions"}],"predecessor-version":[{"id":3822,"href":"https:\/\/gbgh.on.ca\/fr\/wp-json\/wp\/v2\/pages\/225\/revisions\/3822"}],"up":[{"embeddable":true,"href":"https:\/\/gbgh.on.ca\/fr\/wp-json\/wp\/v2\/pages\/72"}],"wp:attachment":[{"href":"https:\/\/gbgh.on.ca\/fr\/wp-json\/wp\/v2\/media?parent=225"}],"curies":[{"name":"wp","href":"https:\/\/api.w.org\/{rel}","templated":true}]}}