{"id":212,"date":"2018-04-17T09:20:41","date_gmt":"2018-04-17T13:20:41","guid":{"rendered":"http:\/\/172.29.100.163:8080\/fr\/?page_id=212"},"modified":"2025-01-13T12:58:53","modified_gmt":"2025-01-13T17:58:53","slug":"stationnement","status":"publish","type":"page","link":"https:\/\/gbgh.on.ca\/fr\/patients-et-visiteurs\/stationnement\/","title":{"rendered":"Stationnement"},"content":{"rendered":"\t\t<div data-elementor-type=\"wp-page\" data-elementor-id=\"212\" class=\"elementor elementor-212\" data-elementor-post-type=\"page\">\n\t\t\t\t\t\t<section class=\"elementor-section elementor-top-section elementor-element elementor-element-68360f9b elementor-section-boxed elementor-section-height-default elementor-section-height-default\" data-id=\"68360f9b\" data-element_type=\"section\">\n\t\t\t\t\t\t<div class=\"elementor-container elementor-column-gap-default\">\n\t\t\t\t\t<div class=\"elementor-column elementor-col-100 elementor-top-column elementor-element elementor-element-78b3cce5\" data-id=\"78b3cce5\" data-element_type=\"column\">\n\t\t\t<div class=\"elementor-widget-wrap elementor-element-populated\">\n\t\t\t\t\t\t<div class=\"elementor-element elementor-element-7eb7118c elementor-widget elementor-widget-text-editor\" data-id=\"7eb7118c\" data-element_type=\"widget\" data-widget_type=\"text-editor.default\">\n\t\t\t\t\t\t\t\t\t<p><strong>Les frais per\u00e7us d&rsquo;un parking \u00e0 l&rsquo;H\u00f4pital g\u00e9n\u00e9ral de la baie Georgienne contribuent directement aux soins des patients \u00e0 travers le budget annuel de fonctionnement de l&rsquo;h\u00f4pital. <span class=\"hps\">L&rsquo;h\u00f4pital doit<\/span> <span class=\"hps\">augmenter<\/span> <span class=\"hps\">de 16%<\/span> <span class=\"hps\">de<\/span> <span class=\"hps\">son budget de fonctionnement<\/span> <span class=\"hps\">par an.<\/span><\/strong><\/p><table style=\"border-collapse: collapse; width: 94.0277%; height: 113px;\"><tbody><tr style=\"height: 24px;\"><th style=\"width: 49.119%; height: 24px; text-align: left;\">Tarif horaire<\/th><td style=\"width: 79.325%; height: 24px;\">$4.00<\/td><\/tr><tr style=\"height: 41px;\"><th style=\"width: 49.119%; height: 41px; text-align: left;\"><strong>Tarif de visite<\/strong> <br \/>(jusqu\u2019\u00e0 24 heures, Aucun privil\u00e8ges In &amp; Out)<\/th><td style=\"width: 79.325%; height: 41px;\">$10.00<\/td><\/tr><tr style=\"height: 24px;\"><th style=\"width: 49.119%; height: 24px; text-align: left;\">Laissez-passer hebdomadaire <br \/>(Privil\u00e8ges In &amp; Out)<\/th><td style=\"width: 79.325%; height: 24px;\">$35.00<\/td><\/tr><tr style=\"height: 24px;\"><th style=\"width: 49.119%; height: 24px; text-align: left;\">Laissez-passer mensuel <br \/>(Privil\u00e8ges In &amp; Out)<\/th><td style=\"width: 79.325%; height: 24px;\">$80.00<\/td><\/tr><\/tbody><\/table><p><em>S&rsquo;il vous pla\u00eet noter que le stationnement \u00e0 long terme passe r\u00e9sultat en plus d&rsquo;\u00e9conomies pour ceux qui seront \u00e0 l&rsquo;h\u00f4pital sur une base plus r\u00e9guli\u00e8re.<\/em><\/p><p>N&rsquo;oubliez pas d&rsquo;apporter votre billet de stationnement avec vous \u00e0 l&rsquo;h\u00f4pital pour payer aux machines situ\u00e9es \u00e0 l&rsquo;entr\u00e9e du service des urgences et dans le hall d&rsquo;entr\u00e9e.<\/p><p>Pour nous faire part de vos commentaires ou nous poser des questions concernant le stationnement \u00e0 l\u2019h\u00f4pital, veuillez <a href=\"https:\/\/gbgh.on.ca\/fr\/patients-et-visiteurs\/commentaires\/\">cliquer ici<\/a>.<\/p><h2>STATIONNEMENT D&rsquo;URGENCE<\/h2><p>Il y a une zone de d\u00e9p\u00f4t d&rsquo;urgence seulement et ensuite vous devrez d\u00e9placer votre v\u00e9hicule au parking. La zone de d\u00e9barquement doit \u00eatre d\u00e9gag\u00e9e pour les ambulances.<\/p><p><em>L&rsquo;h\u00f4pital <span style=\"text-decoration: underline;\">n&rsquo;est pas responsable<\/span> si un ticket de violation est \u00e9mis.<\/em><\/p><p>Apr\u00e8s avoir d\u00e9pos\u00e9 un patient, votre voiture devrait \u00eatre transport\u00e9e dans le stationnement de l&rsquo;h\u00f4pital o\u00f9 vous devrez payer 3 $ l&rsquo;heure jusqu&rsquo;\u00e0 un maximum de 10 $ pour une p\u00e9riode de 24 heures.<\/p><p>N&rsquo;oubliez pas d&rsquo;apporter votre billet de stationnement avec vous \u00e0 l&rsquo;h\u00f4pital pour payer aux machines situ\u00e9es \u00e0 l&rsquo;entr\u00e9e du service des urgences et dans le hall d&rsquo;entr\u00e9e.<\/p><h2>REVENU ANNUEL PROVENANT DU STATIONNEMENT<\/h2><p>Les h\u00f4pitaux sont responsables de tous les frais associ\u00e9s aux installations de stationnement, y compris la construction, les \u00e9quipements et l\u2019entretien. Le minist\u00e8re de la Sant\u00e9 ne fournit aucune aide financi\u00e8re pour les parcs et les structures de stationnement, et la directive en mati\u00e8re de stationnement pour les h\u00f4pitaux de l\u2019Ontario limite la capacit\u00e9 d\u2019augmenter les revenus li\u00e9s au stationnement des visiteurs pour compenser les pertes.<\/p><table><tbody><tr><td width=\"208\">\u00a0<\/td><th style=\"text-align: left;\" scope=\"col\" width=\"104\"><strong>2020\/2021<\/strong><\/th><th style=\"text-align: left;\" scope=\"col\" width=\"104\"><strong>2021\/2022<\/strong><\/th><\/tr><tr><th style=\"text-align: left;\" scope=\"row\" width=\"208\">Revenu brut provenant du stationnement<\/th><td width=\"104\">178\u00a0471\u00a0$<\/td><td width=\"104\">272\u00a0122\u00a0$<\/td><\/tr><tr><th style=\"text-align: left;\" scope=\"row\" width=\"208\">Total des d\u00e9penses li\u00e9es au stationnement<\/th><td width=\"104\">(199\u00a0361\u00a0$)<\/td><td width=\"104\">(241\u00a0707\u00a0$)<\/td><\/tr><tr><th style=\"text-align: left;\" scope=\"row\" width=\"208\">Amortissement total du stationnement\/Perte sur disposition<\/th><td width=\"104\">(25\u00a0843\u00a0$)<\/td><td width=\"104\">(119\u00a0031\u00a0$)<\/td><\/tr><tr><th style=\"text-align: left;\" scope=\"row\" width=\"208\"><strong>Revenu net<\/strong><\/th><td width=\"104\"><strong>(46\u00a0733\u00a0$)<\/strong><\/td><td width=\"104\"><strong>(88\u00a0616\u00a0$)<\/strong><\/td><\/tr><\/tbody><\/table><p><em>*** La politique de stationnement public est en cours d\u2019\u00e9laboration.\u00a0<\/em><\/p>\t\t\t\t\t\t\t\t<\/div>\n\t\t\t\t\t<\/div>\n\t\t<\/div>\n\t\t\t\t\t<\/div>\n\t\t<\/section>\n\t\t\t\t<\/div>\n\t\t","protected":false},"excerpt":{"rendered":"<p>Les frais per\u00e7us d&rsquo;un parking \u00e0 l&rsquo;H\u00f4pital g\u00e9n\u00e9ral de la baie Georgienne contribuent directement aux soins des patients \u00e0 travers le budget annuel de fonctionnement de l&rsquo;h\u00f4pital. L&rsquo;h\u00f4pital doit augmenter de 16% de son budget de fonctionnement par an. Tarif horaire $4.00 Tarif de visite (jusqu\u2019\u00e0 24 heures, Aucun privil\u00e8ges In &amp; Out) $10.00 Laissez-passer [&hellip;]<\/p>\n","protected":false},"author":1,"featured_media":0,"parent":128,"menu_order":0,"comment_status":"closed","ping_status":"closed","template":"","meta":{"footnotes":""},"class_list":["post-212","page","type-page","status-publish","hentry"],"_links":{"self":[{"href":"https:\/\/gbgh.on.ca\/fr\/wp-json\/wp\/v2\/pages\/212","targetHints":{"allow":["GET"]}}],"collection":[{"href":"https:\/\/gbgh.on.ca\/fr\/wp-json\/wp\/v2\/pages"}],"about":[{"href":"https:\/\/gbgh.on.ca\/fr\/wp-json\/wp\/v2\/types\/page"}],"author":[{"embeddable":true,"href":"https:\/\/gbgh.on.ca\/fr\/wp-json\/wp\/v2\/users\/1"}],"replies":[{"embeddable":true,"href":"https:\/\/gbgh.on.ca\/fr\/wp-json\/wp\/v2\/comments?post=212"}],"version-history":[{"count":35,"href":"https:\/\/gbgh.on.ca\/fr\/wp-json\/wp\/v2\/pages\/212\/revisions"}],"predecessor-version":[{"id":4378,"href":"https:\/\/gbgh.on.ca\/fr\/wp-json\/wp\/v2\/pages\/212\/revisions\/4378"}],"up":[{"embeddable":true,"href":"https:\/\/gbgh.on.ca\/fr\/wp-json\/wp\/v2\/pages\/128"}],"wp:attachment":[{"href":"https:\/\/gbgh.on.ca\/fr\/wp-json\/wp\/v2\/media?parent=212"}],"curies":[{"name":"wp","href":"https:\/\/api.w.org\/{rel}","templated":true}]}}