{"id":186,"date":"2018-04-17T08:20:02","date_gmt":"2018-04-17T12:20:02","guid":{"rendered":"http:\/\/172.29.100.163:8080\/fr\/?page_id=186"},"modified":"2023-12-21T14:05:22","modified_gmt":"2023-12-21T19:05:22","slug":"directions","status":"publish","type":"page","link":"https:\/\/gbgh.on.ca\/fr\/patients-et-visiteurs\/directions\/","title":{"rendered":"Directions"},"content":{"rendered":"<h2><span class=\"hps\">Comment<\/span> <span class=\"hps\">nous trouver<\/span><\/h2>\n<p>Les deux sites de l\u2019H\u00f4pital g\u00e9n\u00e9ral de la baie Georgienne sont facilement accessibles par la route 93, laquelle est la principale route menant \u00e0 Midland. Si vous \u00eates en provenance de Barrie, par l\u2019autoroute 400 Nord, prenez la sortie pour la route 93. Si vous \u00eates en provenance de Parry Sound, par l\u2019autoroute 400 Sud, prenez la route 12 Ouest vers Midland jusqu\u2019\u00e0 la route 93.<\/p>\n<p>&nbsp;<\/p>\n<hr \/>\n<h2>Le Site de Midland<\/h2>\n<div id=\"attachment_187\" style=\"width: 186px\" class=\"wp-caption alignright\"><a href=\"http:\/\/maps.google.ca\/maps?f=q&amp;source=s_q&amp;hl=en&amp;geocode=&amp;q=1112+St+Andrews+Dr+Midland+Ontario&amp;sll=44.738625,-79.909229&amp;sspn=0.016248,0.045447&amp;ie=UTF8&amp;hq=&amp;hnear=St+Andrews+Dr,+Midland,+Simcoe+County,+Ontario+L4R+5K6&amp;z=16\" target=\"_blank\" rel=\"noopener\"><img decoding=\"async\" aria-describedby=\"caption-attachment-187\" class=\"wp-image-187\" title=\"Plan de to Midland site\" src=\"\/gbghmedia\/map-midland.png\" alt=\"Plan de Midland site\" width=\"176\" height=\"108\" \/><\/a><p id=\"caption-attachment-187\" class=\"wp-caption-text\"><strong>Plan de Midland Site<\/strong><\/p><\/div>\n<p>Notre site de soins actifs dot\u00e9 d\u2019un service des urgences ouvert jour et nuit \u2013 est situ\u00e9 sur la route 93, juste au nord de l\u2019intersection de la rue Hugel. L\u2019h\u00f4pital est situ\u00e9 tout pr\u00e8s du centre commercial Mountainview et du magasin Canadian Tire. Vous devez passer devant ces deux points de rep\u00e8re pour vous rendre \u00e0 l\u2019h\u00f4pital. L\u2019entr\u00e9e est situ\u00e9e du c\u00f4t\u00e9 est de la route 93.<\/p>\n<p style=\"text-align: center;\">\n","protected":false},"excerpt":{"rendered":"<p>Comment nous trouver Les deux sites de l\u2019H\u00f4pital g\u00e9n\u00e9ral de la baie Georgienne sont facilement accessibles par la route 93, laquelle est la principale route menant \u00e0 Midland. Si vous \u00eates en provenance de Barrie, par l\u2019autoroute 400 Nord, prenez la sortie pour la route 93. Si vous \u00eates en provenance de Parry Sound, par [&hellip;]<\/p>\n","protected":false},"author":1,"featured_media":0,"parent":128,"menu_order":0,"comment_status":"closed","ping_status":"closed","template":"","meta":{"footnotes":""},"class_list":["post-186","page","type-page","status-publish","hentry"],"_links":{"self":[{"href":"https:\/\/gbgh.on.ca\/fr\/wp-json\/wp\/v2\/pages\/186","targetHints":{"allow":["GET"]}}],"collection":[{"href":"https:\/\/gbgh.on.ca\/fr\/wp-json\/wp\/v2\/pages"}],"about":[{"href":"https:\/\/gbgh.on.ca\/fr\/wp-json\/wp\/v2\/types\/page"}],"author":[{"embeddable":true,"href":"https:\/\/gbgh.on.ca\/fr\/wp-json\/wp\/v2\/users\/1"}],"replies":[{"embeddable":true,"href":"https:\/\/gbgh.on.ca\/fr\/wp-json\/wp\/v2\/comments?post=186"}],"version-history":[{"count":45,"href":"https:\/\/gbgh.on.ca\/fr\/wp-json\/wp\/v2\/pages\/186\/revisions"}],"predecessor-version":[{"id":3640,"href":"https:\/\/gbgh.on.ca\/fr\/wp-json\/wp\/v2\/pages\/186\/revisions\/3640"}],"up":[{"embeddable":true,"href":"https:\/\/gbgh.on.ca\/fr\/wp-json\/wp\/v2\/pages\/128"}],"wp:attachment":[{"href":"https:\/\/gbgh.on.ca\/fr\/wp-json\/wp\/v2\/media?parent=186"}],"curies":[{"name":"wp","href":"https:\/\/api.w.org\/{rel}","templated":true}]}}