{"id":1859,"date":"2020-10-05T13:52:59","date_gmt":"2020-10-05T17:52:59","guid":{"rendered":"https:\/\/gbgh.on.ca\/fr\/?page_id=1859"},"modified":"2024-01-08T12:39:10","modified_gmt":"2024-01-08T17:39:10","slug":"recrutement-des-medicins","status":"publish","type":"page","link":"https:\/\/gbgh.on.ca\/fr\/rejoignez-nos-equipes\/recrutement-des-medicins\/","title":{"rendered":"Recrutement des m\u00e9dicins"},"content":{"rendered":"<h2>Message de la part du m\u00e9decin-chef\u00a0:<\/h2>\n<p><img fetchpriority=\"high\" decoding=\"async\" class=\"size-full wp-image-2015 alignright\" src=\"https:\/\/gbgh.on.ca\/fr\/gbghmedia\/Dr-Vikram-Ralhan.jpg\" alt=\"Dr. Vikram Ralhan, M\u00e9decin-chef\" width=\"225\" height=\"270\" \/>En 2010, je suis entr\u00e9 en fonction \u00e0 l\u2019HGBG au poste de m\u00e9decin au Service d\u2019urgence (SU). Depuis ce temps, j\u2019ai eu l\u2019occasion d\u2019observer les profonds changements au sein de l\u2019h\u00f4pital, notamment, le r\u00e9am\u00e9nagement complet de l\u2019urgence, l\u2019ajout du personnel accr\u00e9dit\u00e9 et des sp\u00e9cialisations, l\u2019expansion du programme de chirurgie mettant l\u2019accent sur l\u2019optimisation, la transformation en organisme ax\u00e9 sur l\u2019apprentissage et d\u2019innombrables projets d\u2019am\u00e9lioration de la qualit\u00e9 visant \u00e0 am\u00e9liorer la sant\u00e9 des collectivit\u00e9s que nous desservons.<\/p>\n<p>L\u2019HGBG abonde de m\u00e9decins et de personnel talentueux et qualifi\u00e9s qui concr\u00e9tisent les valeurs de l\u2019organisation, soit le respect, la responsabilit\u00e9, l\u2019excellence et la compassion au quotidien. L\u2019h\u00f4pital s\u2019engage \u00e0 offrir des <em>soins exceptionnels, pour chaque personne, en tout temps <\/em>et poursuit ses recherches de m\u00e9decins qui contribueront \u00e0 faire de cette vision une r\u00e9alit\u00e9.<\/p>\n<p>Dans le cadre de mes fonctions de liaison de site \u00e0 l\u2019\u00c9cole de m\u00e9decine du Nord de l\u2019Ontario, j\u2019ai d\u00e9velopp\u00e9 une passion pour inciter les m\u00e9decins futurs \u00e0 rejoindre notre h\u00f4pital. Cette passion pour le recrutement s\u2019applique aux m\u00e9decins \u00e0 tous les stades de carri\u00e8re.<\/p>\n<p>L\u2019HGBG est situ\u00e9 dans une r\u00e9gion incroyable de la province \u2013 offrant une vaste gamme de possibilit\u00e9s de loisirs et une ambiance de petite ville \u00e0 proximit\u00e9 de grands centres urbains comme Toronto. Je n\u2019ai jamais regrett\u00e9 d\u2019avoir choisi l\u2019HGBG et la r\u00e9gion du sud-est de la baie Georgienne pour \u00e9tablir ma carri\u00e8re et ma famille. Je vous encourage \u00e0 envisage d\u2019en faire de m\u00eame.<\/p>\n<p>Je vous prie d\u2019agr\u00e9er, mes salutations les plus sinc\u00e8res.<\/p>\n<p>D<sup>r<\/sup> Vikram Ralhan, MD CCMF<br \/>\nM\u00e9decin-chef, HGBG<br \/>\nProfesseur auxiliaire adjoint, Universit\u00e9 McMaster<br \/>\nProfesseur adjoint, clinicien-science clinique et liaison de site, \u00c9cole de m\u00e9decine du Nord de l\u2019Ontario<br \/>\nCoroner-enqu\u00eateur<\/p>\n<p><a href=\"https:\/\/georgianbayphysicianrecruitment.com\/\" target=\"_blank\" rel=\"noopener\">Visiter le site Web de recrutement des m\u00e9decins de la baie Georgienne.<\/a><\/p>\n<p>&nbsp;<\/p>\n<h2>Occasions actuelles :<\/h2>\n<p><strong>\u00a0<\/strong>Merci de votre int\u00e9r\u00eat \u00e0 l\u2019\u00e9gard de l\u2019H\u00f4pital g\u00e9n\u00e9ral de la baie Georgienne (HGBG).<\/p>\n<p>Pour en apprendre davantage sur les occasions pour m\u00e9decins au sein de notre h\u00f4pital, veuillez visiter :<\/p>\n<ul>\n<li><a href=\"https:\/\/georgianbayphysicianrecruitment.com\/available-positions\">Recrutement de m\u00e9decins de la baie Georgienne <\/a>(en anglais)<\/li>\n<\/ul>\n<p>* Si vous souhaitez recevoir la description de r\u00f4le en fran\u00e7ais, veuillez communiquer avec les personnes d\u00e9sign\u00e9es ci-dessous.<\/p>\n<p>Pour toute demande de renseignements sur le recrutement de m\u00e9decins, <span lang=\"fr\">s&rsquo;il vous pla\u00eet contactez <\/span>:<\/p>\n<p>H\u00f4pital g\u00e9n\u00e9ral de la baie Georgienne<br \/>\n<a href=\"mailto:physicianrecruitment@gbgh.on.ca\">physicianrecruitment@gbgh.on.ca<\/a><\/p>\n<p>&nbsp;<\/p>\n<h2>Au sujet de l\u2019h\u00f4pital :<\/h2>\n<p>L\u2019HGBG est un h\u00f4pital communautaire de 113 lits desservant les collectivit\u00e9s de Midland, Penetanguishene et de l\u2019\u00eele aux Chr\u00e9tiens ainsi que les cantons de Tay, Tiny, Springwater et Georgian Bay. La r\u00e9gion compte une population d\u2019environ 55\u00a0000 habitants \u00e0 laquelle s\u2019ajoute plus de 200 000 personnes pendant six mois de l\u2019ann\u00e9e.<\/p>\n<p>En plus de servir une grande population saisonni\u00e8re, tout au long de l\u2019ann\u00e9e l\u2019HGBG dessert une importante communaut\u00e9 francophone et autochtone, r\u00f4le qui rev\u00eat de l\u2019importance pour l\u2019h\u00f4pital. En 2017, l\u2019HGBG a re\u00e7u la d\u00e9signation partielle en vertu de la <em>Loi sur les services en fran\u00e7ais<\/em> confirmant son engagement \u00e0 offrir les services d\u00e9sign\u00e9s en fran\u00e7ais aux patients francophones.<\/p>\n<p>L\u2019HGBG offre des services comparables \u00e0 tout autre \u00e9tablissement hospitalier communautaire de taille moyenne en Ontario pour r\u00e9pondre aux besoins g\u00e9n\u00e9raux en de soins de sant\u00e9 de sa communaut\u00e9. L\u2019h\u00f4pital de Midland assure la prestation des services suivants : salle d\u2019urgence 24 heures sur 24, m\u00e9decine pour patients hospitalis\u00e9s, obst\u00e9trique, chirurgie g\u00e9n\u00e9rale, chirurgie de jour pour patients externes, unit\u00e9 de soins intensifs, imagerie diagnostique (radiologie, \u00e9chographie et tomodensitom\u00e9trie), pharmacie, inhaloth\u00e9rapie, physioth\u00e9rapie pour patients hospitalis\u00e9s, soins ambulatoires, vid\u00e9oconf\u00e9rence T\u00e9l\u00e9m\u00e9decine et une unit\u00e9 de soins continus complexes et de r\u00e9adaptation desservant les patients de Simcoe Nord et Muskoka. Le site de l\u2019HGBG \u00e0 Penetanguishene accueille pr\u00e9sentement une unit\u00e9 de dialyse de 9 postes ainsi que le service de finances de l\u2019h\u00f4pital.<\/p>\n<p>L\u2019HGBG est associ\u00e9 \u00e0 l\u2019\u00c9cole de m\u00e9decine du Nord de l\u2019Ontario (EMNO), au Rural Ontario Medical Program et \u00e0 l\u2019Universit\u00e9 de Toronto.<\/p>\n<p>&nbsp;<\/p>\n<h2><strong>\u00a0<\/strong>Au sujet de la communaut\u00e9 :<\/h2>\n<p><strong>\u00a0<\/strong>Situ\u00e9 dans la r\u00e9gion historique de la Huronie, Midland\/Penetanguishene se trouve \u00e0 90 minutes au nord de Toronto dans la r\u00e9gion des chalets de l\u2019Ontario. La r\u00e9gion de la baie Georgienne offre un milieu id\u00e9al o\u00f9 profiter de nombreuses occasions de loisirs quatre saisons, y compris la navigation de plaisance, la p\u00eache, le ski, la motoneige et beaucoup plus.<\/p>\n<p>&nbsp;<\/p>\n","protected":false},"excerpt":{"rendered":"<p>Message de la part du m\u00e9decin-chef\u00a0: En 2010, je suis entr\u00e9 en fonction \u00e0 l\u2019HGBG au poste de m\u00e9decin au Service d\u2019urgence (SU). Depuis ce temps, j\u2019ai eu l\u2019occasion d\u2019observer les profonds changements au sein de l\u2019h\u00f4pital, notamment, le r\u00e9am\u00e9nagement complet de l\u2019urgence, l\u2019ajout du personnel accr\u00e9dit\u00e9 et des sp\u00e9cialisations, l\u2019expansion du programme de chirurgie [&hellip;]<\/p>\n","protected":false},"author":1,"featured_media":0,"parent":130,"menu_order":0,"comment_status":"closed","ping_status":"closed","template":"","meta":{"footnotes":""},"class_list":["post-1859","page","type-page","status-publish","hentry"],"_links":{"self":[{"href":"https:\/\/gbgh.on.ca\/fr\/wp-json\/wp\/v2\/pages\/1859","targetHints":{"allow":["GET"]}}],"collection":[{"href":"https:\/\/gbgh.on.ca\/fr\/wp-json\/wp\/v2\/pages"}],"about":[{"href":"https:\/\/gbgh.on.ca\/fr\/wp-json\/wp\/v2\/types\/page"}],"author":[{"embeddable":true,"href":"https:\/\/gbgh.on.ca\/fr\/wp-json\/wp\/v2\/users\/1"}],"replies":[{"embeddable":true,"href":"https:\/\/gbgh.on.ca\/fr\/wp-json\/wp\/v2\/comments?post=1859"}],"version-history":[{"count":20,"href":"https:\/\/gbgh.on.ca\/fr\/wp-json\/wp\/v2\/pages\/1859\/revisions"}],"predecessor-version":[{"id":3790,"href":"https:\/\/gbgh.on.ca\/fr\/wp-json\/wp\/v2\/pages\/1859\/revisions\/3790"}],"up":[{"embeddable":true,"href":"https:\/\/gbgh.on.ca\/fr\/wp-json\/wp\/v2\/pages\/130"}],"wp:attachment":[{"href":"https:\/\/gbgh.on.ca\/fr\/wp-json\/wp\/v2\/media?parent=1859"}],"curies":[{"name":"wp","href":"https:\/\/api.w.org\/{rel}","templated":true}]}}