{"id":176,"date":"2018-04-13T10:04:12","date_gmt":"2018-04-13T14:04:12","guid":{"rendered":"http:\/\/172.29.100.163:8080\/fr\/?page_id=176"},"modified":"2024-05-10T15:13:34","modified_gmt":"2024-05-10T19:13:34","slug":"ce-quil-faut-apporter","status":"publish","type":"page","link":"https:\/\/gbgh.on.ca\/fr\/patients-et-visiteurs\/ce-quil-faut-apporter\/","title":{"rendered":"Ce Qu&rsquo;il Faut Apporter"},"content":{"rendered":"<p>Veuillez apporter votre carte d&rsquo;assurance maladie valide et une deuxi\u00e8me pi\u00e8ce d&rsquo;identit\u00e9 ainsi qu&rsquo;une preuve de toute autre assurance d\u2019hospitalisation que vous poss\u00e9dez.<\/p>\n<p>Veuillez \u00e9galement apporter tout m\u00e9dicament que vous prenez y compris les inhalateurs, gouttes pour les yeux, timbres topiques, cr\u00e8mes, injectables et tout autre m\u00e9dicament en vente libre ou produits \u00e0 base d\u2019herbes. Gardez une liste \u00e0 jour des m\u00e9dicaments que vous prenez et apportez-la avec vous.<\/p>\n<p><strong><a href=\"\/gbghdocs\/GBGH-Your-medication-list.pdf\" target=\"_blank\" rel=\"noopener\">Pour t\u00e9l\u00e9charger un formulaire qui vous aidera \u00e0 dresser une liste compl\u00e8te, cliquez sur le lien suivant<\/a><\/strong>.<\/p>\n<p>Vous \u00eates responsable des articles de toilette personnels (brosses \u00e0 dents, dentifrice, mouchoirs, brosses, peignes, tasses et comprim\u00e9s nettoyants de proth\u00e8ses dentaires, shampooing et revitalisants, coupe-ongles, pains de savon, rasoirs personnels). Veillez \u00e0 apporter vos pyjamas ou une chemise de nuit si vous pr\u00e9f\u00e9rez. Votre robe de chambre et vos pantoufles antid\u00e9rapantes sont obligatoires pour votre confort.<\/p>\n<p>D\u00e8s janvier 2024, l\u2019HGBG pr\u00e9pare une transition vers l\u2019utilisation d\u2019appareils personnels comme une tablette (iPad) ou un t\u00e9l\u00e9phone mobile, pour que les patients puissent se divertir ou faire des appels t\u00e9l\u00e9phoniques lorsqu\u2019ils sont \u00e0 l\u2019h\u00f4pital. Cela signifie qu\u2019il n\u2019y aura plus de t\u00e9l\u00e9vision dans les chambres des unit\u00e9s 2 Nord et 2 Est pour patients hospitalis\u00e9s. Nous \u00e9liminons \u00e9galement les t\u00e9l\u00e9phones \u00e0 ligne fixe dans toutes les chambres de patients. L\u2019h\u00f4pital fournit le Wi-Fi gratuit auxquels les patients auront acc\u00e8s \u00e0 partir de leur appareil personnel pendant leur s\u00e9jour. Si un patient ne poss\u00e8de pas de tablette ou de t\u00e9l\u00e9phone mobile, l\u2019h\u00f4pital peut lui pr\u00eater un dispositif. Pour obtenir plus de renseignements sur la fa\u00e7on d\u2019emprunter un appareil, veuillez vous adresser \u00e0 l\u2019\u00e9quipe de soins.<\/p>\n<p>Les autres articles que vous pourriez apporter comprennent les livres, le mat\u00e9riel d\u2019artisanat et de loisir pour votre passe-temps. Pour les enfants, apportez aussi leur livre ou jouet favori.<\/p>\n<h2>\u00c0 ne pas apporter<\/h2>\n<p>Les appareils \u00e9lectriques tels que les s\u00e8che-cheveux et les rasoirs \u00e9lectriques ne sont pas autoris\u00e9s sans l&rsquo;approbation du personnel d\u2019entretien.<\/p>\n<p>S&rsquo;il vous pla\u00eet laissez bijoux, portefeuilles, sacs \u00e0 main et autres objets de valeur au soin de votre famille \u00e0 la maison. De m\u00eame, veillez \u00e0 ne pas apporter d\u2019importantes sommes d\u2019argent avec vous. Les effets personnels, objets de valeur, bijoux et\/ou l&rsquo;argent gard\u00e9 dans votre chambre sont \u00e0 votre charge.<\/p>\n<h2>Allergies<\/h2>\n<h3>\u00a0Parfums et odeurs<\/h3>\n<p>Pour prot\u00e9ger les patients et le personnel souffrant d\u2019asthme et d\u2019allergies, l\u2019HGBG favorise un milieu \u00ab\u00a0sans parfum\u00a0\u00bb. Nous vous demandons de ne porter aucun parfum ou produit parfum\u00e9 et d\u2019encourager vos visiteurs \u00e0 respecter cette politique.<\/p>\n<h3>Ballons<\/h3>\n<p>Pour prot\u00e9ger les patients et le personnel souffrant d\u2019une allergie au latex, il est interdit d\u2019apporter des ballons en latex \u00e0 l\u2019h\u00f4pital. Seuls les ballons en aluminium sont permis.<\/p>\n<h3>Fleurs<\/h3>\n<p>Pour prot\u00e9ger les patients et le personnel souffrant d\u2019une allergie, les fleurs fortement parfum\u00e9es telles que les lis, les jacinthes, etc. sont interdites \u00e0 l\u2019h\u00f4pital.<\/p>\n","protected":false},"excerpt":{"rendered":"<p>Veuillez apporter votre carte d&rsquo;assurance maladie valide et une deuxi\u00e8me pi\u00e8ce d&rsquo;identit\u00e9 ainsi qu&rsquo;une preuve de toute autre assurance d\u2019hospitalisation que vous poss\u00e9dez. Veuillez \u00e9galement apporter tout m\u00e9dicament que vous prenez y compris les inhalateurs, gouttes pour les yeux, timbres topiques, cr\u00e8mes, injectables et tout autre m\u00e9dicament en vente libre ou produits \u00e0 base d\u2019herbes. [&hellip;]<\/p>\n","protected":false},"author":1,"featured_media":0,"parent":128,"menu_order":0,"comment_status":"closed","ping_status":"closed","template":"","meta":{"footnotes":""},"class_list":["post-176","page","type-page","status-publish","hentry"],"_links":{"self":[{"href":"https:\/\/gbgh.on.ca\/fr\/wp-json\/wp\/v2\/pages\/176","targetHints":{"allow":["GET"]}}],"collection":[{"href":"https:\/\/gbgh.on.ca\/fr\/wp-json\/wp\/v2\/pages"}],"about":[{"href":"https:\/\/gbgh.on.ca\/fr\/wp-json\/wp\/v2\/types\/page"}],"author":[{"embeddable":true,"href":"https:\/\/gbgh.on.ca\/fr\/wp-json\/wp\/v2\/users\/1"}],"replies":[{"embeddable":true,"href":"https:\/\/gbgh.on.ca\/fr\/wp-json\/wp\/v2\/comments?post=176"}],"version-history":[{"count":19,"href":"https:\/\/gbgh.on.ca\/fr\/wp-json\/wp\/v2\/pages\/176\/revisions"}],"predecessor-version":[{"id":3972,"href":"https:\/\/gbgh.on.ca\/fr\/wp-json\/wp\/v2\/pages\/176\/revisions\/3972"}],"up":[{"embeddable":true,"href":"https:\/\/gbgh.on.ca\/fr\/wp-json\/wp\/v2\/pages\/128"}],"wp:attachment":[{"href":"https:\/\/gbgh.on.ca\/fr\/wp-json\/wp\/v2\/media?parent=176"}],"curies":[{"name":"wp","href":"https:\/\/api.w.org\/{rel}","templated":true}]}}