{"id":1700,"date":"2020-03-24T16:15:14","date_gmt":"2020-03-24T20:15:14","guid":{"rendered":"https:\/\/gbgh.on.ca\/fr\/?page_id=1700"},"modified":"2023-12-28T00:17:28","modified_gmt":"2023-12-28T05:17:28","slug":"centre-devaluation-covid-19-de-midland","status":"publish","type":"page","link":"https:\/\/gbgh.on.ca\/fr\/centre-devaluation-covid-19-de-midland\/","title":{"rendered":"Centre d&rsquo;\u00e9valuation COVID-19 de Midland"},"content":{"rendered":"<p><strong>En vigueur le mercredi 17 novembre 2021 :<\/strong><\/p>\n<p>Le Centre d\u2019\u00e9valuation COVID-19 de Midland d\u00e9m\u00e9nage du site de l\u2019H\u00f4pital g\u00e9n\u00e9ral de la baie Georgienne pour s\u2019installer dans les bureaux de l\u2019\u00c9quipe Sant\u00e9 familiale de Simcoe Nord au\u00a0: 619, boulevard Prospect, unit\u00e9 3 \u00e0 Midland.<\/p>\n<p>Tout rendez-vous pour passer un test de d\u00e9pistage le 17 novembre et apr\u00e8s cette date, aura lieu au nouvel emplacement.<\/p>\n<p><a href=\"https:\/\/gbgh.on.ca\/covid-19-booking\/\">Les personnes qui doivent subir un test de d\u00e9pistage de la COVID-19 peuvent toujours prendre rendez-vous \u00e0 partir du site Web de l\u2019HGBG.<\/a><\/p>\n<p>&nbsp;<\/p>\n<p><span style=\"color: #eb0000;\"><strong>*** Le Centre d\u2019\u00e9valuation de la COVID-19 de Midland n\u2019effectue pas des tests \u00e0 fins de voyage \u00e0 l\u2019\u00e9tranger.<\/strong><\/span><\/p>\n<p><span style=\"color: #eb0000;\"><strong>Pour obtenir un test de COVID-19 pour voyager \u00e0 l\u2019\u00e9tranger, veuillez visiter ce qui suit pour plus d\u2019informations\u00a0:<\/strong><\/span><\/p>\n<ul>\n<li><strong><a href=\"https:\/\/www.lifelabs.com\/flyclear\/?gclid=EAIaIQobChMIx4ej3br08QIVRGpvBB0xsATtEAAYAyAAEgKYjvD_BwE\">Life Labs<\/a><\/strong><\/li>\n<li><strong><a href=\"https:\/\/www1.shoppersdrugmart.ca\/en\/health-and-pharmacy\/covid-19\/ontario\/international-outbound-travel\">Shoppers Drug Mart<\/a><\/strong><\/li>\n<li><strong><a href=\"https:\/\/covid-19.ontario.ca\/fr\/information-sur-le-depistage-et-les-centres-de-depistage-de-la-covid-19\"><span style=\"font-size: 12pt;\">Information sur le d\u00e9pistage et les centres de d\u00e9pistage de la COVID-19<\/span><\/a><\/strong><\/li>\n<\/ul>\n<p><strong>Adresse:<\/strong><\/p>\n<ul>\n<li>1156 St. Andrews Drive, Midland (le centre d\u2019\u00e9valuation est situ\u00e9 dans le b\u00e2timent de la clinique du terrain de stationnement du site Midland de l\u2019HGBG)<\/li>\n<\/ul>\n<p><strong><u>Comment pouvez-vous \u00eatre vu au centre d\u2019\u00e9valuation?<\/u><\/strong><\/p>\n<ul>\n<li>T\u00e9l\u00e9phonez au bureau de r\u00e9servation du Centre d\u2019\u00e9valuation au 705 529-1025<\/li>\n<li>Lundi :\u00a0 7 h \u00e0 18 h<\/li>\n<li>Mardi : Ferm\u00e9<\/li>\n<li>Mercredi &#8211; vendredi : 7 h \u00e0 15 h<\/li>\n<li><a href=\"https:\/\/outlook.office365.com\/owa\/calendar\/GeorgianBayGeneralHospital@gbgh.on.ca\/bookings\/\" target=\"_blank\" rel=\"noopener\">Pour fixer un rendez-vous, cliquez ici.<\/a><\/li>\n<\/ul>\n<p>\u00c0 partir du 24 septembre, le gouvernement de l\u2019Ontario a modifi\u00e9 les lignes directrices en mati\u00e8re de tests de d\u00e9pistage de la COVID-19. Les nouvelles directives \u00e9mises par le minist\u00e8re de la Sant\u00e9 indiquent que les personnes \u00e0 faible risque asymptomatiques ne devraient pas se pr\u00e9senter pour un test aux centres d\u2019\u00e9valuation. Les particuliers doivent passer un test de d\u00e9pistage \u00e0 un centre d\u2019\u00e9valuation dans les cas suivants\u00a0:<\/p>\n<p>o\u00a0\u00a0 si la personne pr\u00e9sente des sympt\u00f4mes de la COVID-19;<\/p>\n<p>o\u00a0\u00a0 si la personne a \u00e9t\u00e9 inform\u00e9e par le bureau de sant\u00e9 publique ou par une notification d\u2019exposition de l\u2019application Alerte COVID qu\u2019elle a \u00e9t\u00e9 expos\u00e9e \u00e0 un cas confirm\u00e9 du virus;<\/p>\n<p>o\u00a0\u00a0 si la personne r\u00e9side ou travaille dans un milieu o\u00f9 il y a \u00e9closion de COVID-19 identifi\u00e9e par le bureau de sant\u00e9 publique local qui les en a inform\u00e9;<\/p>\n<p>o\u00a0\u00a0 si la personne est admissible \u00e0 un test de d\u00e9pistage dans le cadre d\u2019une initiative de d\u00e9pistage cibl\u00e9 mise en place par le minist\u00e8re de la Sant\u00e9 ou le minist\u00e8re des Soins de longue dur\u00e9e.<\/p>\n<p><a href=\"https:\/\/can01.safelinks.protection.outlook.com\/?url=https%3A%2F%2Furldefense.proofpoint.com%2Fv2%2Furl%3Fu%3Dhttp-3A__www.health.gov.on.ca_fr_pro_programs_publichealth_coronavirus_docs_2019-5Ftesting-5Fguidance.pdf%26d%3DDwMFAw%26c%3DJZUmuHfvZaOkNOGiUpQbGyGsM8Jf9oFbjpAib-DiM1Q%26r%3DC712SBatKJx5DXLHPXO94Gwvn8-_kS_eGqfGo4JRZHA%26m%3Dxe7uAOeMmNyJoA8388G9LX8fL5zoD1GskArHW1rujnA%26s%3DA01Zy3wxajuKUhllj-97sx9H3fkK2gQR7mrGR8Zww3Y%26e%3D&amp;data=01%7C01%7CMooreJen%40gbgh.on.ca%7C38c796055cfe47f6aac308d861609492%7C666a077a044e4344b8427fb3d0f9507e%7C0&amp;sdata=BSmIQ%2B5aEHcBJpQErcFSMKFUlrPjcJaw%2FmXDFYqmnWY%3D&amp;reserved=0\" target=\"_blank\" rel=\"noopener\">Pour obtenir plus de renseignements de tests, appuyez ici.<\/a><\/p>\n<p>&nbsp;<\/p>\n<p><strong><u>Que se passe-t-il au centre d\u2019\u00e9valuation?<\/u><\/strong><\/p>\n<p>Vous serez \u00e9valu\u00e9 par une infirmi\u00e8re au centre d\u2019\u00e9valuation. Vous recevrez ensuite des instructions sur la fa\u00e7on de s\u2019isoler soi-m\u00eame \u00e0 la maison.<\/p>\n<p><strong><u>Si vous avez \u00e9t\u00e9 test\u00e9 au centre d\u2019\u00e9valuation, comment saurez-vous les r\u00e9sultats?<\/u><\/strong><\/p>\n<p><a href=\"https:\/\/covid-19.ontario.ca\/fr\">Consultez vos r\u00e9sultats de laboratoire<\/a><\/p>\n<p><strong><u>Si je suis test\u00e9, combien de temps faut-il pour obtenir les r\u00e9sultats?<\/u><\/strong><\/p>\n<p>Cela variera en fonction du nombre de tests effectu\u00e9s. Il vous sera conseill\u00e9 de rester \u00e0 la maison dans l\u2019isolement en attendant les r\u00e9sultats de votre test. Quels que soient les r\u00e9sultats, vous devez vous isoler \u00e0 la maison.<\/p>\n<p><a href=\"https:\/\/www.publichealthontario.ca\/fr\/diseases-and-conditions\/infectious-diseases\/respiratory-diseases\/novel-coronavirus\/public-resources\" target=\"_blank\" rel=\"noopener\">Appuyez ici pour un guide sur la fa\u00e7on de s\u2019auto-isoler<\/a><\/p>\n<p>Pour les questions d\u2019ordre g\u00e9n\u00e9ral, \u00e9vitez d\u2019appeler ou aller au Centre d\u2019\u00e9valuation de la COVID-19. Plut\u00f4t\u00a0appeler le\u00a0Bureau de sant\u00e9 du district de Simcoe Muskoka au 705-721-7520 ou 1-888-225-7851.<\/p>\n","protected":false},"excerpt":{"rendered":"<p>En vigueur le mercredi 17 novembre 2021 : Le Centre d\u2019\u00e9valuation COVID-19 de Midland d\u00e9m\u00e9nage du site de l\u2019H\u00f4pital g\u00e9n\u00e9ral de la baie Georgienne pour s\u2019installer dans les bureaux de l\u2019\u00c9quipe Sant\u00e9 familiale de Simcoe Nord au\u00a0: 619, boulevard Prospect, unit\u00e9 3 \u00e0 Midland. Tout rendez-vous pour passer un test de d\u00e9pistage le 17 novembre [&hellip;]<\/p>\n","protected":false},"author":1,"featured_media":0,"parent":0,"menu_order":0,"comment_status":"closed","ping_status":"closed","template":"","meta":{"footnotes":""},"class_list":["post-1700","page","type-page","status-publish","hentry"],"_links":{"self":[{"href":"https:\/\/gbgh.on.ca\/fr\/wp-json\/wp\/v2\/pages\/1700","targetHints":{"allow":["GET"]}}],"collection":[{"href":"https:\/\/gbgh.on.ca\/fr\/wp-json\/wp\/v2\/pages"}],"about":[{"href":"https:\/\/gbgh.on.ca\/fr\/wp-json\/wp\/v2\/types\/page"}],"author":[{"embeddable":true,"href":"https:\/\/gbgh.on.ca\/fr\/wp-json\/wp\/v2\/users\/1"}],"replies":[{"embeddable":true,"href":"https:\/\/gbgh.on.ca\/fr\/wp-json\/wp\/v2\/comments?post=1700"}],"version-history":[{"count":22,"href":"https:\/\/gbgh.on.ca\/fr\/wp-json\/wp\/v2\/pages\/1700\/revisions"}],"predecessor-version":[{"id":3682,"href":"https:\/\/gbgh.on.ca\/fr\/wp-json\/wp\/v2\/pages\/1700\/revisions\/3682"}],"wp:attachment":[{"href":"https:\/\/gbgh.on.ca\/fr\/wp-json\/wp\/v2\/media?parent=1700"}],"curies":[{"name":"wp","href":"https:\/\/api.w.org\/{rel}","templated":true}]}}