{"id":1671,"date":"2020-03-19T14:58:56","date_gmt":"2020-03-19T18:58:56","guid":{"rendered":"https:\/\/gbgh.on.ca\/fr\/?page_id=1671"},"modified":"2023-12-28T00:20:21","modified_gmt":"2023-12-28T05:20:21","slug":"covid-19-annulation-des-procedures-chirurgicales-et-ambulatoires","status":"publish","type":"page","link":"https:\/\/gbgh.on.ca\/fr\/covid-19-annulation-des-procedures-chirurgicales-et-ambulatoires\/","title":{"rendered":"COVID-19 annulation des proc\u00e9dures chirurgicales et ambulatoires"},"content":{"rendered":"<p><span style=\"color: #eb0000;\"><strong>Le 11 f\u00e9vrier 2022<\/strong><\/span><\/p>\n<p>L\u2019H\u00f4pital g\u00e9n\u00e9ral de la baie Georgienne (HGBG) reprend les chirurgies et interventions non urgentes, conform\u00e9ment aux directives du gouvernement de l\u2019Ontario. Suite aux directives provinciales, l\u2019HGBG avait r\u00e9duit les chirurgies et interventions non urgentes le 7 janvier en vue de garantir la capacit\u00e9 des soins intensifs et la disponibilit\u00e9 des ressources humaines pour administrer les soins aux patients atteints de la COVID-19 et aux autres patients n\u00e9cessitant des soins aigus.<\/p>\n<p>\u00c0 la r\u00e9ception de la nouvelle que l\u2019h\u00f4pital pouvait reprendre les chirurgies et interventions non urgentes, le personnel et les m\u00e9decins de l\u2019HGBG ont imm\u00e9diatement commenc\u00e9 \u00e0 travailler de concert pour reprogrammer les services report\u00e9s au cours du mois dernier. Si une chirurgie avait \u00e9t\u00e9 report\u00e9e en janvier, l\u2019h\u00f4pital ou le m\u00e9decin du patient communiquera avec ce dernier pour fixer une nouvelle date d\u2019intervention.<\/p>\n<p>L\u2019HGBG estime que 245 chirurgies et interventions avaient \u00e9t\u00e9 report\u00e9es en raison de la r\u00e9duction des services. L\u2019h\u00f4pital est en voie de pr\u00e9ciser sa strat\u00e9gie pour \u00e9liminer les retards, ce qui peut inclure la prolongation des heures dans les services de chirurgie, de soins ambulatoires et d\u2019imagerie diagnostique.<\/p>\n<p>Il est toujours possible que les chirurgies et interventions non urgentes soient retard\u00e9es en fonction du statut de la pand\u00e9mie.<\/p>\n","protected":false},"excerpt":{"rendered":"<p>Le 11 f\u00e9vrier 2022 L\u2019H\u00f4pital g\u00e9n\u00e9ral de la baie Georgienne (HGBG) reprend les chirurgies et interventions non urgentes, conform\u00e9ment aux directives du gouvernement de l\u2019Ontario. Suite aux directives provinciales, l\u2019HGBG avait r\u00e9duit les chirurgies et interventions non urgentes le 7 janvier en vue de garantir la capacit\u00e9 des soins intensifs et la disponibilit\u00e9 des ressources [&hellip;]<\/p>\n","protected":false},"author":1,"featured_media":0,"parent":0,"menu_order":0,"comment_status":"closed","ping_status":"closed","template":"","meta":{"footnotes":""},"class_list":["post-1671","page","type-page","status-publish","hentry"],"_links":{"self":[{"href":"https:\/\/gbgh.on.ca\/fr\/wp-json\/wp\/v2\/pages\/1671","targetHints":{"allow":["GET"]}}],"collection":[{"href":"https:\/\/gbgh.on.ca\/fr\/wp-json\/wp\/v2\/pages"}],"about":[{"href":"https:\/\/gbgh.on.ca\/fr\/wp-json\/wp\/v2\/types\/page"}],"author":[{"embeddable":true,"href":"https:\/\/gbgh.on.ca\/fr\/wp-json\/wp\/v2\/users\/1"}],"replies":[{"embeddable":true,"href":"https:\/\/gbgh.on.ca\/fr\/wp-json\/wp\/v2\/comments?post=1671"}],"version-history":[{"count":8,"href":"https:\/\/gbgh.on.ca\/fr\/wp-json\/wp\/v2\/pages\/1671\/revisions"}],"predecessor-version":[{"id":3686,"href":"https:\/\/gbgh.on.ca\/fr\/wp-json\/wp\/v2\/pages\/1671\/revisions\/3686"}],"wp:attachment":[{"href":"https:\/\/gbgh.on.ca\/fr\/wp-json\/wp\/v2\/media?parent=1671"}],"curies":[{"name":"wp","href":"https:\/\/api.w.org\/{rel}","templated":true}]}}