{"id":1669,"date":"2020-03-19T14:56:57","date_gmt":"2020-03-19T18:56:57","guid":{"rendered":"https:\/\/gbgh.on.ca\/fr\/?page_id=1669"},"modified":"2024-04-09T13:03:31","modified_gmt":"2024-04-09T17:03:31","slug":"covid-19-restrictions-visiteurs","status":"publish","type":"page","link":"https:\/\/gbgh.on.ca\/fr\/covid-19-restrictions-visiteurs\/","title":{"rendered":"COVID-19 Restrictions Visiteurs"},"content":{"rendered":"<h2><span style=\"color: #eb0000;\">Exigences en mati\u00e8re de port du masque<\/span><\/h2>\n<p><strong>En vigueur le 9 avril 2024:\u00a0<\/strong> Dans la plupart des cas, le port du masque \u00e0 l&rsquo;HGBG est maintenant facultatif.<\/p>\n<h2><span style=\"color: #ff0000;\">La pr\u00e9sence de la famille<\/span><\/h2>\n<p>La pr\u00e9sence de la famille est une partie importante des soins ax\u00e9s sur le patient \u00e0 l\u2019HGBG. L\u2019HGBG reprend la politique de pr\u00e9sence familiale 24 heures sur 24, 7 jours sur sept, pour permettre aux visiteurs de voir leur \u00eatre cher hospitalis\u00e9 en tout temps.<\/p>\n<ul>\n<li>Si vous rendez visite \u00e0 un patient pendant les heures suivantes, vous devez entrer par la porte du Service des urgences\n<ul>\n<li>Du lundi au vendredi, de 20 h \u00e0 6 h 30<\/li>\n<li>Samedi et dimanche, de 20 h \u00e0 8 h<\/li>\n<\/ul>\n<\/li>\n<\/ul>\n<ul>\n<li>Si la visite a lieu pendant ces p\u00e9riodes, vous devez signaler votre nom au commis \u00e0 l\u2019inscription au Service des urgences qui s\u2019occupera d\u2019informer l\u2019unit\u00e9 o\u00f9 vous rendez visite.<\/li>\n<li>Nous vous escorterons vers l\u2019unit\u00e9 que vous visiterez.<\/li>\n<\/ul>\n<p><b>Tout visiteur doit continuer \u00e0 : <\/b><\/p>\n<ul>\n<li>Faire l\u2019auto-d\u00e9pistage des sympt\u00f4mes conform\u00e9ment aux affiches.<\/li>\n<\/ul>\n<p>Les politiques li\u00e9es \u00e0 la COVID-19 sont sujettes \u00e0 changement en fonction du statut de la pand\u00e9mie dans la r\u00e9gion desservie par l\u2019HGBG.<\/p>\n<p><strong>S\u2019il y a une \u00e9closion dans une unit\u00e9, seuls les soignants essentiels ont droit de visite. Pour obtenir plus d\u2019information, veuillez communiquer avec l\u2019unit\u00e9 \u00e0 laquelle vous rendez visite. <\/strong><\/p>\n<p>&nbsp;<\/p>\n<h2><span style=\"color: #eb0000;\">D\u00e9pistage des visiteurs<\/span><\/h2>\n<p>Pour garantir votre s\u00e9curit\u00e9 et celle des patients et des membres de l\u2019\u00e9quipe, nous vous demandons de bien vouloir respecter les consignes suivantes:<\/p>\n<ul>\n<li>\u00a0Fi\u00e8vre et\/ou frissons<\/li>\n<li>Toux<\/li>\n<li>Essoufflement<\/li>\n<li>Perte ou diminution du go\u00fbt ou de l\u2019odorat<\/li>\n<\/ul>\n<p>Ainsi que deux ou plus des suivants\u00a0:<\/p>\n<ul>\n<li>\u00c9coulement\/congestion nasale<\/li>\n<li>Mal de t\u00eate<\/li>\n<li>Fatigue extr\u00eame<\/li>\n<li>Mal de gorge<\/li>\n<li>Douleurs musculaires\/articulaires<\/li>\n<li>Sympt\u00f4mes gastro-intestinaux\u00a0 (vomissements, diarrh\u00e9e)<\/li>\n<\/ul>\n<p>Tous les visiteurs doivent respecter les pratiques d\u2019hygi\u00e8ne des mains.<\/p>\n<p>Les restrictions impos\u00e9es aux visiteurs peuvent changer en fonction de l\u2019\u00e9tat de la pand\u00e9mie dans la r\u00e9gion que l\u2019HGBG servi.<\/p>\n<p>Les options de visite virtuelle sont toujours encourag\u00e9es dans la mesure du possible (voir ci-dessous).<\/p>\n<p>&nbsp;<\/p>\n<h2><span style=\"color: #eb0000;\">Les visites virtuelles<\/span><\/h2>\n<p><a href=\"https:\/\/georgianbay.connectmybed.ca\/\" target=\"_blank\" rel=\"noopener\">Pour utiliser le service de visite virtuelle, veuillez cliquer ici.<\/a><\/p>\n<p>L&rsquo;h\u00f4pital pr\u00e9voit que ce service se poursuivra au-del\u00e0 de la pand\u00e9mie pour les proches qui ne peuvent pas visiter.<\/p>\n","protected":false},"excerpt":{"rendered":"<p>Exigences en mati\u00e8re de port du masque En vigueur le 9 avril 2024:\u00a0 Dans la plupart des cas, le port du masque \u00e0 l&rsquo;HGBG est maintenant facultatif. La pr\u00e9sence de la famille La pr\u00e9sence de la famille est une partie importante des soins ax\u00e9s sur le patient \u00e0 l\u2019HGBG. L\u2019HGBG reprend la politique de pr\u00e9sence [&hellip;]<\/p>\n","protected":false},"author":1,"featured_media":0,"parent":0,"menu_order":0,"comment_status":"closed","ping_status":"closed","template":"","meta":{"footnotes":""},"class_list":["post-1669","page","type-page","status-publish","hentry"],"_links":{"self":[{"href":"https:\/\/gbgh.on.ca\/fr\/wp-json\/wp\/v2\/pages\/1669","targetHints":{"allow":["GET"]}}],"collection":[{"href":"https:\/\/gbgh.on.ca\/fr\/wp-json\/wp\/v2\/pages"}],"about":[{"href":"https:\/\/gbgh.on.ca\/fr\/wp-json\/wp\/v2\/types\/page"}],"author":[{"embeddable":true,"href":"https:\/\/gbgh.on.ca\/fr\/wp-json\/wp\/v2\/users\/1"}],"replies":[{"embeddable":true,"href":"https:\/\/gbgh.on.ca\/fr\/wp-json\/wp\/v2\/comments?post=1669"}],"version-history":[{"count":46,"href":"https:\/\/gbgh.on.ca\/fr\/wp-json\/wp\/v2\/pages\/1669\/revisions"}],"predecessor-version":[{"id":3925,"href":"https:\/\/gbgh.on.ca\/fr\/wp-json\/wp\/v2\/pages\/1669\/revisions\/3925"}],"wp:attachment":[{"href":"https:\/\/gbgh.on.ca\/fr\/wp-json\/wp\/v2\/media?parent=1669"}],"curies":[{"name":"wp","href":"https:\/\/api.w.org\/{rel}","templated":true}]}}