{"id":1665,"date":"2020-03-19T14:50:46","date_gmt":"2020-03-19T18:50:46","guid":{"rendered":"https:\/\/gbgh.on.ca\/fr\/?page_id=1665"},"modified":"2024-11-05T15:19:04","modified_gmt":"2024-11-05T20:19:04","slug":"covid-19","status":"publish","type":"page","link":"https:\/\/gbgh.on.ca\/fr\/covid-19\/","title":{"rendered":"Mises \u00e0 jour HGBG sur COVID-19 (nouveau coronavirus)"},"content":{"rendered":"\t\t<div data-elementor-type=\"wp-page\" data-elementor-id=\"1665\" class=\"elementor elementor-1665\" data-elementor-post-type=\"page\">\n\t\t\t\t\t\t<section class=\"elementor-section elementor-top-section elementor-element elementor-element-72630292 elementor-section-boxed elementor-section-height-default elementor-section-height-default\" data-id=\"72630292\" data-element_type=\"section\">\n\t\t\t\t\t\t<div class=\"elementor-container elementor-column-gap-no\">\n\t\t\t\t\t<div class=\"elementor-column elementor-col-100 elementor-top-column elementor-element elementor-element-43161c6f\" data-id=\"43161c6f\" data-element_type=\"column\">\n\t\t\t<div class=\"elementor-widget-wrap elementor-element-populated\">\n\t\t\t\t\t\t<div class=\"elementor-element elementor-element-3884b88 elementor-widget elementor-widget-text-editor\" data-id=\"3884b88\" data-element_type=\"widget\" data-widget_type=\"text-editor.default\">\n\t\t\t\t\t\t\t\t\t<h2><span style=\"color: #eb0000;\">Exigences en mati\u00e8re de port du masque<\/span><\/h2><p><strong>D\u00e8s le mercredi 6 novembre<\/strong>, <strong>2024<\/strong> tout le monde doit porter des masques dans les chambres de patients et les zones de traitement. Cette directive s\u2019applique aux patients, aux visiteurs et \u00e0 tous les membres du personnel de l\u2019HGBG.<\/p><p>Le port du masque n\u2019est pas obligatoire dans les corridors, les salles d\u2019attente ou les zones publiques, mais est fortement encourag\u00e9 pour r\u00e9duire la propagation de maladies des voies respiratoires sup\u00e9rieures.<\/p><p>Nous demandons \u00e0 tout visiteur souffrant de sympt\u00f4mes de maladie de reporter sa visite \u00e0 plus tard une fois que la sant\u00e9 est enti\u00e8rement r\u00e9tablie.<\/p><p>Pour garantir votre s\u00e9curit\u00e9 et celle des patients et des membres de l&rsquo;\u00e9quipe, nous vous demandons de bien vouloir respecter les consignes suivantes:<\/p><ul><li>Fi\u00e8vre et\/ou frissons<\/li><li>Toux<\/li><li>Essoufflement<\/li><li>Perte ou diminution du go\u00fbt ou de l&rsquo;odorat<\/li><\/ul><p>Ainsi que deuz ou plus des suivants:<\/p><ul><li>\u00c9coulement\/congestion nasale<\/li><li>Mal de t\u00eate<\/li><li>Fatigue extr\u00eame<\/li><li>Mal de gorge<\/li><li>Douleurs musculaires\/articulaires<\/li><li>Sympt\u00f4mes gastro-intestinaux (vomissements, diarrh\u00e9e)<\/li><\/ul><p>Merci de votre collaboration.<\/p><h2><span style=\"color: #eb0000;\">Le Service d&rsquo;urgence<\/span><\/h2><p>Le service des urgences de l\u2019HGBG est l\u00e0 pour vous si vous \u00eates malade ou bless\u00e9 et avez besoin de soins m\u00e9dicaux.<\/p><p><b>LE SERVICE <\/b><b>D\u2019URGENCE N\u2019EST PAS UN SITE DE D\u00c9PISTAGE DE LA COVID-19.<\/b><\/p><p>Si vous pensez que vous avez la COVID-19 et que vous ne pr\u00e9sentez aucun sympt\u00f4me ou que vous pr\u00e9sentez des sympt\u00f4mes b\u00e9nins semblables \u00e0 un rhume, veuillez ne pas vous rendre au service des urgences pour\u00a0effectuer des d\u00e9pistages de la COVID-19.<\/p><p>Visiter l\u2019h\u00f4pital pour des d\u00e9pistages expose d\u2019autres patients vuln\u00e9rables \u00e0 un risque d\u2019exposition \u00e0 la COVID-19.<\/p>\t\t\t\t\t\t\t\t<\/div>\n\t\t\t\t<div class=\"elementor-element elementor-element-41c520e elementor-widget__width-auto elementor-widget elementor-widget-button\" data-id=\"41c520e\" data-element_type=\"widget\" data-widget_type=\"button.default\">\n\t\t\t\t\t\t\t\t\t\t<a class=\"elementor-button elementor-button-link elementor-size-lg\" href=\"https:\/\/gbgh.on.ca\/fr\/covid-19-restrictions-visiteurs\/\">\n\t\t\t\t\t\t<span class=\"elementor-button-content-wrapper\">\n\t\t\t\t\t\t\t\t\t<span class=\"elementor-button-text\">Restrictions visiteurs<\/span>\n\t\t\t\t\t<\/span>\n\t\t\t\t\t<\/a>\n\t\t\t\t\t\t\t\t<\/div>\n\t\t\t\t<div class=\"elementor-element elementor-element-903f2a8 elementor-widget__width-auto elementor-widget elementor-widget-button\" data-id=\"903f2a8\" data-element_type=\"widget\" data-widget_type=\"button.default\">\n\t\t\t\t\t\t\t\t\t\t<a class=\"elementor-button elementor-button-link elementor-size-sm\" href=\"https:\/\/gbgh.on.ca\/fr\/covid-19-annulation-des-procedures-chirurgicales-et-ambulatoires\/\">\n\t\t\t\t\t\t<span class=\"elementor-button-content-wrapper\">\n\t\t\t\t\t\t\t\t\t<span class=\"elementor-button-text\">Annulation des proc\u00e9dures <br>chirurgicales et ambulatoires<\/span>\n\t\t\t\t\t<\/span>\n\t\t\t\t\t<\/a>\n\t\t\t\t\t\t\t\t<\/div>\n\t\t\t\t<div class=\"elementor-element elementor-element-330b86aa elementor-widget elementor-widget-text-editor\" data-id=\"330b86aa\" data-element_type=\"widget\" data-widget_type=\"text-editor.default\">\n\t\t\t\t\t\t\t\t\t<h2><span style=\"color: #eb0000;\">Information pour les visiteurs et patients<\/span><\/h2><p><strong>Le 24 mai 2023<\/strong> \u2013<strong>\u00a0La pr\u00e9sence de la famille est une partie importante des soins ax\u00e9s sur le patient \u00e0 l\u2019HGBG.\u00a0<\/strong><strong>L\u2019HGBG reprend la politique de pr\u00e9sence familiale 24 heures sur 24, 7 jours sur sept, pour permettre aux visiteurs de voir leur \u00eatre cher hospitalis\u00e9 en tout temps. <\/strong><\/p><ul><li>Si vous rendez visite \u00e0 un patient pendant les heures suivantes, vous devez entrer par la porte du Service des urgences<ul><li>Du lundi au vendredi, de 20 h \u00e0 6 h 30<\/li><li>Samedi et dimanche, de 20 h \u00e0 8 h<\/li><\/ul><\/li><\/ul><ul><li>Si la visite a lieu pendant ces p\u00e9riodes, vous devez signaler votre nom au commis \u00e0 l\u2019inscription au Service des urgences qui s\u2019occupera d\u2019informer l\u2019unit\u00e9 o\u00f9 vous rendez visite.<\/li><li>Nous vous escorterons vers l\u2019unit\u00e9 que vous visiterez.<\/li><\/ul><p><b>\u00a0<\/b><b>Tout visiteur doit continuer \u00e0 : <\/b><\/p><ul><li>Faire l\u2019auto-d\u00e9pistage des sympt\u00f4mes conform\u00e9ment aux affiches.<\/li><\/ul><p>Les politiques li\u00e9es \u00e0 la COVID-19 sont sujettes \u00e0 changement en fonction du statut de la pand\u00e9mie dans la r\u00e9gion desservie par l\u2019HGBG.<\/p><p>Les visiteurs et patients continueront \u00e0 faire l\u2019objet d\u2019un d\u00e9pistage actif des sympt\u00f4mes de la COVID-19 et doivent respecter le port obligatoire du masque en entrant \u00e0 l\u2019HGBG.<\/p>\t\t\t\t\t\t\t\t<\/div>\n\t\t\t\t\t<\/div>\n\t\t<\/div>\n\t\t\t\t\t<\/div>\n\t\t<\/section>\n\t\t\t\t<\/div>\n\t\t","protected":false},"excerpt":{"rendered":"<p>Exigences en mati\u00e8re de port du masque D\u00e8s le mercredi 6 novembre, 2024 tout le monde doit porter des masques dans les chambres de patients et les zones de traitement. Cette directive s\u2019applique aux patients, aux visiteurs et \u00e0 tous les membres du personnel de l\u2019HGBG. Le port du masque n\u2019est pas obligatoire dans les [&hellip;]<\/p>\n","protected":false},"author":1,"featured_media":0,"parent":0,"menu_order":0,"comment_status":"closed","ping_status":"closed","template":"","meta":{"footnotes":""},"class_list":["post-1665","page","type-page","status-publish","hentry"],"_links":{"self":[{"href":"https:\/\/gbgh.on.ca\/fr\/wp-json\/wp\/v2\/pages\/1665","targetHints":{"allow":["GET"]}}],"collection":[{"href":"https:\/\/gbgh.on.ca\/fr\/wp-json\/wp\/v2\/pages"}],"about":[{"href":"https:\/\/gbgh.on.ca\/fr\/wp-json\/wp\/v2\/types\/page"}],"author":[{"embeddable":true,"href":"https:\/\/gbgh.on.ca\/fr\/wp-json\/wp\/v2\/users\/1"}],"replies":[{"embeddable":true,"href":"https:\/\/gbgh.on.ca\/fr\/wp-json\/wp\/v2\/comments?post=1665"}],"version-history":[{"count":166,"href":"https:\/\/gbgh.on.ca\/fr\/wp-json\/wp\/v2\/pages\/1665\/revisions"}],"predecessor-version":[{"id":4280,"href":"https:\/\/gbgh.on.ca\/fr\/wp-json\/wp\/v2\/pages\/1665\/revisions\/4280"}],"wp:attachment":[{"href":"https:\/\/gbgh.on.ca\/fr\/wp-json\/wp\/v2\/media?parent=1665"}],"curies":[{"name":"wp","href":"https:\/\/api.w.org\/{rel}","templated":true}]}}