{"id":166,"date":"2018-04-13T09:38:16","date_gmt":"2018-04-13T13:38:16","guid":{"rendered":"http:\/\/172.29.100.163:8080\/fr\/?page_id=166"},"modified":"2024-06-18T08:42:37","modified_gmt":"2024-06-18T12:42:37","slug":"soins-ambulatoires","status":"publish","type":"page","link":"https:\/\/gbgh.on.ca\/fr\/programmes-et-services\/soins-ambulatoires\/","title":{"rendered":"Soins Ambulatoires"},"content":{"rendered":"<h2><strong><span lang=\"fr\">Services ambulatoires<\/span><\/strong><\/h2>\n<p>L\u2019\u00e9quipe de soins ambulatoires assure la prestation de soins primaires et secondaires aux r\u00e9sidents du comt\u00e9 de Simcoe Nord par le biais de consultations externes et internes. Les services sont offerts par une \u00e9quipe multidisciplinaire int\u00e9gr\u00e9e, form\u00e9e de m\u00e9decins, d\u2019infirmi\u00e8res autoris\u00e9es et d\u2019infirmi\u00e8res auxiliaires autoris\u00e9es ainsi que de membres du personnel de la pharmacie, du laboratoire, d\u2019imagerie diagnostique et de physioth\u00e9rapie. L\u2019\u00e9quipe compte sur l\u2019appui d\u2019autres services, notamment la centrale de distribution des fournitures m\u00e9dicales et les services d\u2019inscription, de b\u00e9n\u00e9voles, de buanderie, d\u2019entretien m\u00e9nager et de di\u00e9t\u00e9tique.<\/p>\n<h2>Services D&rsquo;H\u00e9modialyse<\/h2>\n<p>L\u2019H\u00f4pital g\u00e9n\u00e9ral de la baie Georgienne exploite une unit\u00e9 de huit postes au 611, boulevard Prospect. Cette unit\u00e9 satellite du programme r\u00e9gional d\u2019h\u00e9modialyse du Orillia Soldiers Memorial Hospital offre des s\u00e9ances d\u2019h\u00e9modialyse et un soutien aux dialys\u00e9s de la r\u00e9gion de Simcoe Nord.<\/p>\n","protected":false},"excerpt":{"rendered":"<p>Services ambulatoires L\u2019\u00e9quipe de soins ambulatoires assure la prestation de soins primaires et secondaires aux r\u00e9sidents du comt\u00e9 de Simcoe Nord par le biais de consultations externes et internes. Les services sont offerts par une \u00e9quipe multidisciplinaire int\u00e9gr\u00e9e, form\u00e9e de m\u00e9decins, d\u2019infirmi\u00e8res autoris\u00e9es et d\u2019infirmi\u00e8res auxiliaires autoris\u00e9es ainsi que de membres du personnel de la [&hellip;]<\/p>\n","protected":false},"author":1,"featured_media":0,"parent":72,"menu_order":0,"comment_status":"closed","ping_status":"closed","template":"","meta":{"footnotes":""},"class_list":["post-166","page","type-page","status-publish","hentry"],"_links":{"self":[{"href":"https:\/\/gbgh.on.ca\/fr\/wp-json\/wp\/v2\/pages\/166","targetHints":{"allow":["GET"]}}],"collection":[{"href":"https:\/\/gbgh.on.ca\/fr\/wp-json\/wp\/v2\/pages"}],"about":[{"href":"https:\/\/gbgh.on.ca\/fr\/wp-json\/wp\/v2\/types\/page"}],"author":[{"embeddable":true,"href":"https:\/\/gbgh.on.ca\/fr\/wp-json\/wp\/v2\/users\/1"}],"replies":[{"embeddable":true,"href":"https:\/\/gbgh.on.ca\/fr\/wp-json\/wp\/v2\/comments?post=166"}],"version-history":[{"count":16,"href":"https:\/\/gbgh.on.ca\/fr\/wp-json\/wp\/v2\/pages\/166\/revisions"}],"predecessor-version":[{"id":3994,"href":"https:\/\/gbgh.on.ca\/fr\/wp-json\/wp\/v2\/pages\/166\/revisions\/3994"}],"up":[{"embeddable":true,"href":"https:\/\/gbgh.on.ca\/fr\/wp-json\/wp\/v2\/pages\/72"}],"wp:attachment":[{"href":"https:\/\/gbgh.on.ca\/fr\/wp-json\/wp\/v2\/media?parent=166"}],"curies":[{"name":"wp","href":"https:\/\/api.w.org\/{rel}","templated":true}]}}