{"id":1535,"date":"2019-09-10T15:14:47","date_gmt":"2019-09-10T19:14:47","guid":{"rendered":"http:\/\/172.29.100.37\/fr\/?page_id=1535"},"modified":"2022-11-14T09:02:24","modified_gmt":"2022-11-14T14:02:24","slug":"conseil-consultatif-des-patients-et-familles","status":"publish","type":"page","link":"https:\/\/gbgh.on.ca\/fr\/conseil-consultatif-des-patients-et-familles\/","title":{"rendered":"Conseil Consultatif des Patients et Familles"},"content":{"rendered":"<p>La perspective des patients et de leurs familles et essentielle \u00e0 notre processus de prise de d\u00e9cision \u00e0 l\u2019H\u00f4pital g\u00e9n\u00e9ral de la baie Georgienne.\u00a0Nous sommes toujours \u00e0 la recherche de nouveaux membres pour leur apporter une perspective unique bas\u00e9e sur leur exp\u00e9rience \u00e0 notre h\u00f4pital. Notre CCPF recherche des membres qui s\u2019engagent \u00e0 investir leur temps \u00e0 am\u00e9liorer notre h\u00f4pital pour les patients et leur famille. En partageant leur histoire sur l\u2019HGBG et en pensant au-del\u00e0 de leur exp\u00e9rience personnelle, nos membres du CCPF fournissent des informations pr\u00e9cieuses sur la mani\u00e8re dont nous pouvons am\u00e9liorer les soins que nous offrons.<\/p>\n<p><a href=\"https:\/\/gbgh.on.ca\/fr\/gbghmedia\/11-PFAC-Application-Form-July-2021-Version-FR.pdf\" target=\"_blank\" rel=\"noopener\">Formulaire de demande &#8211; Conseiller patient-famille<\/a><\/p>\n<p>Si vous souhaitez devenir membre du CCPF de l\u2019HGBG, veuillez contacter\u00a0:<\/p>\n<p>705-526-1300 ext. 5022<\/p>\n<p><a href=\"mailto:patientrelations@gbgh.on.ca\">patientrelations@gbgh.on.ca<\/a><\/p>\n<p>Merci de consid\u00e9rer cette opportunit\u00e9 pr\u00e9cieuse de fa\u00e7onner les soins fournis par l\u2019HGBG \u00e0 nos patients et \u00e0 leurs familles.<\/p>\n","protected":false},"excerpt":{"rendered":"<p>La perspective des patients et de leurs familles et essentielle \u00e0 notre processus de prise de d\u00e9cision \u00e0 l\u2019H\u00f4pital g\u00e9n\u00e9ral de la baie Georgienne.\u00a0Nous sommes toujours \u00e0 la recherche de nouveaux membres pour leur apporter une perspective unique bas\u00e9e sur leur exp\u00e9rience \u00e0 notre h\u00f4pital. Notre CCPF recherche des membres qui s\u2019engagent \u00e0 investir leur [&hellip;]<\/p>\n","protected":false},"author":1,"featured_media":0,"parent":0,"menu_order":0,"comment_status":"closed","ping_status":"closed","template":"","meta":{"footnotes":""},"class_list":["post-1535","page","type-page","status-publish","hentry"],"_links":{"self":[{"href":"https:\/\/gbgh.on.ca\/fr\/wp-json\/wp\/v2\/pages\/1535","targetHints":{"allow":["GET"]}}],"collection":[{"href":"https:\/\/gbgh.on.ca\/fr\/wp-json\/wp\/v2\/pages"}],"about":[{"href":"https:\/\/gbgh.on.ca\/fr\/wp-json\/wp\/v2\/types\/page"}],"author":[{"embeddable":true,"href":"https:\/\/gbgh.on.ca\/fr\/wp-json\/wp\/v2\/users\/1"}],"replies":[{"embeddable":true,"href":"https:\/\/gbgh.on.ca\/fr\/wp-json\/wp\/v2\/comments?post=1535"}],"version-history":[{"count":5,"href":"https:\/\/gbgh.on.ca\/fr\/wp-json\/wp\/v2\/pages\/1535\/revisions"}],"predecessor-version":[{"id":2724,"href":"https:\/\/gbgh.on.ca\/fr\/wp-json\/wp\/v2\/pages\/1535\/revisions\/2724"}],"wp:attachment":[{"href":"https:\/\/gbgh.on.ca\/fr\/wp-json\/wp\/v2\/media?parent=1535"}],"curies":[{"name":"wp","href":"https:\/\/api.w.org\/{rel}","templated":true}]}}