{"id":1518,"date":"2019-07-08T14:35:02","date_gmt":"2019-07-08T18:35:02","guid":{"rendered":"http:\/\/172.29.100.37\/fr\/?page_id=1518"},"modified":"2024-01-08T13:07:10","modified_gmt":"2024-01-08T18:07:10","slug":"information-tdm-pour-les-patients-et-leur-famille","status":"publish","type":"page","link":"https:\/\/gbgh.on.ca\/fr\/programmes-et-services\/imagerie-diagnostique\/information-tdm-pour-les-patients-et-leur-famille\/","title":{"rendered":"Information TDM pour les patients et leur famille"},"content":{"rendered":"<h2>POURQUOI\u2009?<\/h2>\n<p>La tomodensitom\u00e9trie (TDM) utilise des rayons X et des ordinateurs pour cr\u00e9er une image 3D r\u00e9aliste. Un colorant est parfois inject\u00e9 dans votre veine pour reconstruire des images transversales de diff\u00e9rentes parties du corps. Les images sont examin\u00e9es par un radiologue qui utilisera cet examen pour aider dans votre diagnostic.<\/p>\n<h2>O\u00d9\u2009?<\/h2>\n<p>Le service d\u2019imagerie diagnostique de l\u2019H\u00f4pital g\u00e9n\u00e9ral de la baie Georgienne est situ\u00e9 sur l\u2019\u00e9tage principal juste apr\u00e8s la r\u00e9ception et en proche proximit\u00e9 du service des urgences.<\/p>\n<h2>TEMPS\u2009?<\/h2>\n<p>D\u00e9pendant du test, la plupart sont termin\u00e9s en environ 15 minutes, mais peuvent aller de 5 \u00e0 20 minutes. Les patients en urgence ont pr\u00e9s\u00e9ance et ceci peut causer des retards, mais nous faisons de notre mieux pour respecter l\u2019horaire.<\/p>\n<p>Si vous ne pouvez pas respecter votre rendez-vous, veuillez nous en informer imm\u00e9diatement par t\u00e9l\u00e9phone.<br \/>\nR\u00e9ception d\u2019imagerie diagnostique 705-526-1300 x 5090<\/p>\n<h2>AVANT UNE TDM :<\/h2>\n<p>VEUILLEZ SUIVRE LES INSTRUCTIONS CONCERNANT VOTRE EXAMEN :<\/p>\n<h3>TDM de t\u00eate, thorax, cou ou colonne vert\u00e9brale<\/h3>\n<p>1. Ne portez pas d\u2019objets de bijoux ou d\u2019objet m\u00e9talliques (par exemple, des fermetures \u00e0 glissi\u00e8re, des boutons m\u00e9talliques, soutien-gorge \u00e0 armature). Il pourrait qu\u2019il vous demande de porter une blouse d\u2019h\u00f4pital.<\/p>\n<h3>TDM de l\u2019abdomen et le bassin (avec contraste)<\/h3>\n<p>1. Procurez-vous la pr\u00e9paration de contraste oral au service d\u2019imagerie diagnostique au moins 2 jours avant votre rendez-vous (vous serez averti de la prise de rendez-vous si vous devez le faire). Autrement, il vous sera conseill\u00e9 de boire 1L d\u2019eau durant une p\u00e9riode de 60 \u00e0 90 minutes.<\/p>\n<p>2. Rien \u00e0 manger ou \u00e0 boire pendant 2 heures avant l\u2019heure de votre rendez-vous (\u00e0 l\u2019exception du contraste oral et de l\u2019eau)<\/p>\n<p>3. Ne portez pas d\u2019objets de bijoux ou d\u2019objet m\u00e9talliques (par exemple, des fermetures \u00e0 glissi\u00e8re, des boutons m\u00e9talliques, soutien-gorge \u00e0 armature). Il pourrait qu\u2019il vous demande de porter une blouse d\u2019h\u00f4pital.<\/p>\n<p>4. Soyez pr\u00eat \u00e0 rester dans le d\u00e9partement pendant environ 1 \u00e0 2 heures. Environ 15 minutes de ce temps seront pass\u00e9es dans la salle de num\u00e9risation.<\/p>\n<p><strong>SI VOUS AVEZ DES ALLERGIES, DES PROBL\u00c8MES DE REIN, DU DIAB\u00c8TE OU SI VOUS POUVEZ \u00caTRE ENCEINTE, VEUILLEZ INFORMER AU TECHNOLOGUE OU \u00c0 L\u2019INFIRMI\u00c8RE \u00c0 VOTRE ARRIV\u00c9E.<\/strong><\/p>\n<h2>PENDANT LA TDM :<\/h2>\n<p>Une ligne intraveineuse (IV) peut \u00eatre ins\u00e9r\u00e9e dans une grosse veine de votre bras. Cette ligne sera utilis\u00e9e pour vous donner un colorant (contraste) pour faciliter la proc\u00e9dure. Une fois les images acquises, il vous sera demand\u00e9 de rester immobile et de retenir votre souffle pendant environ 15 secondes. Pendant la num\u00e9risation, la table se d\u00e9placera dans ce qui ressemble \u00e0 un gros beignet ou \u00e0 un anneau. C\u2019est la partie de la machine qui num\u00e9rise votre corps pour prendre l\u2019image. Une fois que le technologue aura collect\u00e9 toutes les images, votre perfusion intraveineuse sera enlev\u00e9e. L\u2019analyse prendra environ 15 minutes.<\/p>\n<h2>APR\u00c8S LA TDM :<\/h2>\n<p>Si vous avez re\u00e7u du colorant durant votre analyse, il vous sera demand\u00e9 de rester dans le service pendant 15 minutes apr\u00e8s la fin de l\u2019analyse.<br \/>\nLes r\u00e9sultats du radiologue seront envoy\u00e9s \u00e0 votre m\u00e9decin traitant pour en discuter avec vous.<\/p>\n","protected":false},"excerpt":{"rendered":"<p>POURQUOI\u2009? La tomodensitom\u00e9trie (TDM) utilise des rayons X et des ordinateurs pour cr\u00e9er une image 3D r\u00e9aliste. Un colorant est parfois inject\u00e9 dans votre veine pour reconstruire des images transversales de diff\u00e9rentes parties du corps. Les images sont examin\u00e9es par un radiologue qui utilisera cet examen pour aider dans votre diagnostic. O\u00d9\u2009? Le service d\u2019imagerie [&hellip;]<\/p>\n","protected":false},"author":1,"featured_media":0,"parent":80,"menu_order":0,"comment_status":"closed","ping_status":"closed","template":"","meta":{"footnotes":""},"class_list":["post-1518","page","type-page","status-publish","hentry"],"_links":{"self":[{"href":"https:\/\/gbgh.on.ca\/fr\/wp-json\/wp\/v2\/pages\/1518","targetHints":{"allow":["GET"]}}],"collection":[{"href":"https:\/\/gbgh.on.ca\/fr\/wp-json\/wp\/v2\/pages"}],"about":[{"href":"https:\/\/gbgh.on.ca\/fr\/wp-json\/wp\/v2\/types\/page"}],"author":[{"embeddable":true,"href":"https:\/\/gbgh.on.ca\/fr\/wp-json\/wp\/v2\/users\/1"}],"replies":[{"embeddable":true,"href":"https:\/\/gbgh.on.ca\/fr\/wp-json\/wp\/v2\/comments?post=1518"}],"version-history":[{"count":2,"href":"https:\/\/gbgh.on.ca\/fr\/wp-json\/wp\/v2\/pages\/1518\/revisions"}],"predecessor-version":[{"id":3804,"href":"https:\/\/gbgh.on.ca\/fr\/wp-json\/wp\/v2\/pages\/1518\/revisions\/3804"}],"up":[{"embeddable":true,"href":"https:\/\/gbgh.on.ca\/fr\/wp-json\/wp\/v2\/pages\/80"}],"wp:attachment":[{"href":"https:\/\/gbgh.on.ca\/fr\/wp-json\/wp\/v2\/media?parent=1518"}],"curies":[{"name":"wp","href":"https:\/\/api.w.org\/{rel}","templated":true}]}}