{"id":1045,"date":"2018-06-27T14:12:08","date_gmt":"2018-06-27T18:12:08","guid":{"rendered":"http:\/\/172.29.100.37\/fr\/?page_id=1045"},"modified":"2021-09-08T13:51:33","modified_gmt":"2021-09-08T17:51:33","slug":"unite-de-soins-intensifs","status":"publish","type":"page","link":"https:\/\/gbgh.on.ca\/fr\/programmes-et-services\/departement-durgence\/unite-de-soins-intensifs\/","title":{"rendered":"Unit\u00e9 de soins intensifs"},"content":{"rendered":"<p>L\u2019unit\u00e9 des soins intensifs\/critiques est une unit\u00e9 de six lits o\u00f9 l\u2019on assure la surveillance continue des patients gravement malades. Souvent, les patients sont aux soins intensifs en raison de probl\u00e8mes cardiaques, de d\u00e9tresse respiratoire ou de complications suite \u00e0 un accident ou \u00e0 une blessure.<\/p>\n<p>Le personnel de l\u2019unit\u00e9 est compos\u00e9 d\u2019une \u00e9quipe multidisciplinaire hautement qualifi\u00e9e dont les internistes, les m\u00e9decins de familles, le personnel infirmier autoris\u00e9, les inhaloth\u00e9rapeutes et d\u2019autres sp\u00e9cialistes au besoin.<\/p>\n<p>L\u2019unit\u00e9 des soins intensifs se trouve au rez-de-chauss\u00e9e du site de Midland.<\/p>\n","protected":false},"excerpt":{"rendered":"<p>L\u2019unit\u00e9 des soins intensifs\/critiques est une unit\u00e9 de six lits o\u00f9 l\u2019on assure la surveillance continue des patients gravement malades. Souvent, les patients sont aux soins intensifs en raison de probl\u00e8mes cardiaques, de d\u00e9tresse respiratoire ou de complications suite \u00e0 un accident ou \u00e0 une blessure. Le personnel de l\u2019unit\u00e9 est compos\u00e9 d\u2019une \u00e9quipe multidisciplinaire [&hellip;]<\/p>\n","protected":false},"author":1,"featured_media":0,"parent":157,"menu_order":0,"comment_status":"closed","ping_status":"closed","template":"","meta":{"footnotes":""},"class_list":["post-1045","page","type-page","status-publish","hentry"],"_links":{"self":[{"href":"https:\/\/gbgh.on.ca\/fr\/wp-json\/wp\/v2\/pages\/1045","targetHints":{"allow":["GET"]}}],"collection":[{"href":"https:\/\/gbgh.on.ca\/fr\/wp-json\/wp\/v2\/pages"}],"about":[{"href":"https:\/\/gbgh.on.ca\/fr\/wp-json\/wp\/v2\/types\/page"}],"author":[{"embeddable":true,"href":"https:\/\/gbgh.on.ca\/fr\/wp-json\/wp\/v2\/users\/1"}],"replies":[{"embeddable":true,"href":"https:\/\/gbgh.on.ca\/fr\/wp-json\/wp\/v2\/comments?post=1045"}],"version-history":[{"count":3,"href":"https:\/\/gbgh.on.ca\/fr\/wp-json\/wp\/v2\/pages\/1045\/revisions"}],"predecessor-version":[{"id":2161,"href":"https:\/\/gbgh.on.ca\/fr\/wp-json\/wp\/v2\/pages\/1045\/revisions\/2161"}],"up":[{"embeddable":true,"href":"https:\/\/gbgh.on.ca\/fr\/wp-json\/wp\/v2\/pages\/157"}],"wp:attachment":[{"href":"https:\/\/gbgh.on.ca\/fr\/wp-json\/wp\/v2\/media?parent=1045"}],"curies":[{"name":"wp","href":"https:\/\/api.w.org\/{rel}","templated":true}]}}